{"id":19,"date":"2019-06-25T08:03:05","date_gmt":"2019-06-25T07:03:05","guid":{"rendered":"https:\/\/ls-decoration.com\/shipping-methods\/"},"modified":"2021-11-05T14:38:19","modified_gmt":"2021-11-05T13:38:19","slug":"versandwege","status":"publish","type":"page","link":"https:\/\/ls-decoration.com\/fr\/versandwege\/","title":{"rendered":"Routes d&#039;exp\u00e9dition et d\u00e9lai de livraison"},"content":{"rendered":"<div class=\"fusion-fullwidth fullwidth-box fusion-builder-row-1 fusion-flex-container nonhundred-percent-fullwidth non-hundred-percent-height-scrolling\" style=\"--awb-border-radius-top-left:0px;--awb-border-radius-top-right:0px;--awb-border-radius-bottom-right:0px;--awb-border-radius-bottom-left:0px;\" ><div class=\"fusion-builder-row fusion-row fusion-flex-align-items-flex-start\" style=\"max-width:calc( 1100px + 0px );margin-left: calc(-0px \/ 2 );margin-right: calc(-0px \/ 2 );\"><div class=\"fusion-layout-column fusion_builder_column fusion-builder-column-0 fusion_builder_column_1_1 1_1 fusion-flex-column\" style=\"--awb-bg-size:cover;--awb-width-large:100%;--awb-margin-top-large:0px;--awb-spacing-right-large:0px;--awb-margin-bottom-large:0px;--awb-spacing-left-large:0px;--awb-width-medium:100%;--awb-spacing-right-medium:0px;--awb-spacing-left-medium:0px;--awb-width-small:100%;--awb-spacing-right-small:0px;--awb-spacing-left-small:0px;\"><div class=\"fusion-column-wrapper fusion-flex-justify-content-flex-start fusion-content-layout-column\"><div class=\"fusion-text fusion-text-1\"><p>Nous exp\u00e9dions avec DPD au sein de l&#039;Union europ\u00e9enne.<\/p>\n<p>Le d\u00e9lai de livraison est de 8 jours en Allemagne et de 14 jours dans les autres pays de l&#039;UE.<\/p>\n<p>Nous livrons au Royaume-Uni sur demande.<\/p>\n<p>Veuillez vous r\u00e9f\u00e9rer au tableau pour les prix.<\/p>\n<\/div>\n<div class=\"table-1\">\n<table style=\"height: 53px;\" width=\"924\">\n<thead>\n<tr>\n<th align=\"left\">pays<\/th>\n<th align=\"left\">r\u00e9sultats<\/th>\n<th align=\"left\">Frais d&#039;exp\u00e9dition pour les \u00eeles et les r\u00e9gions soumises \u00e0 suppl\u00e9ment<\/th>\n<\/tr>\n<\/thead>\n<tbody>\n<tr>\n<td align=\"left\">Allemagne<\/p>\n<p>UE<\/td>\n<td align=\"left\">gratuit<\/p>\n<p>11,90 euros<\/td>\n<td align=\"left\">\u00a014,28 euros<\/p>\n<p>28,56 euros<\/td>\n<\/tr>\n<\/tbody>\n<\/table>\n<\/div>\n<div class=\"fusion-separator fusion-full-width-sep\" style=\"align-self: center;margin-left: auto;margin-right: auto;margin-top:10px;width:100%;\"><\/div><div class=\"fusion-text fusion-text-2\"><p class=\"font-light\">Les r\u00e9gions suivantes du pays sont exclues de l&#039;exp\u00e9dition:<\/p>\n<ol>\n<li class=\"font-light\">Danemark: Groenland et \u00eeles F\u00e9ro\u00e9<\/li>\n<li class=\"font-light\">France: d\u00e9partements d&#039;outre-mer<\/li>\n<li class=\"font-light\">Italie: Campione d\u00b4Italia, Livigno<\/li>\n<li class=\"font-light\">Espagne: \u00eeles Canaries ainsi que Ceuta et Melilla<\/li>\n<li class=\"font-light\">Finlande: \u00eeles \u00c5land<\/li>\n<\/ol>\n<p>ainsi que les \u00eeles et r\u00e9gions du Portugal et de l&#039;Espagne qui sont soumises \u00e0 une surtaxe.<\/p>\n<\/div><\/div><\/div><\/div><\/div>","protected":false},"excerpt":{"rendered":"","protected":false},"author":1,"featured_media":0,"parent":0,"menu_order":0,"comment_status":"closed","ping_status":"closed","template":"","meta":{"footnotes":""},"class_list":["post-19","page","type-page","status-publish","hentry"],"_links":{"self":[{"href":"https:\/\/ls-decoration.com\/fr\/wp-json\/wp\/v2\/pages\/19","targetHints":{"allow":["GET"]}}],"collection":[{"href":"https:\/\/ls-decoration.com\/fr\/wp-json\/wp\/v2\/pages"}],"about":[{"href":"https:\/\/ls-decoration.com\/fr\/wp-json\/wp\/v2\/types\/page"}],"author":[{"embeddable":true,"href":"https:\/\/ls-decoration.com\/fr\/wp-json\/wp\/v2\/users\/1"}],"replies":[{"embeddable":true,"href":"https:\/\/ls-decoration.com\/fr\/wp-json\/wp\/v2\/comments?post=19"}],"version-history":[{"count":0,"href":"https:\/\/ls-decoration.com\/fr\/wp-json\/wp\/v2\/pages\/19\/revisions"}],"wp:attachment":[{"href":"https:\/\/ls-decoration.com\/fr\/wp-json\/wp\/v2\/media?parent=19"}],"curies":[{"name":"wp","href":"https:\/\/api.w.org\/{rel}","templated":true}]}}