{"id":328,"date":"2019-07-03T12:49:26","date_gmt":"2019-07-03T10:49:26","guid":{"rendered":"https:\/\/ls-decoration.com\/?page_id=328"},"modified":"2019-07-03T13:03:14","modified_gmt":"2019-07-03T11:03:14","slug":"info","status":"publish","type":"page","link":"https:\/\/ls-decoration.com\/fr\/info\/","title":{"rendered":"d&#039;info"},"content":{"rendered":"<ul>\n<li><a href=\"https:\/\/ls-decoration.com\/fr\/zahlungsmethoden\/\">m\u00e9thodes de paiement<\/a><\/li>\n<li><a href=\"https:\/\/ls-decoration.com\/fr\/versandwege\/\">Routes maritimes<\/a><\/li>\n<li><a href=\"https:\/\/ls-decoration.com\/fr\/agb\/\">conditions<\/a><\/li>\n<li><a href=\"https:\/\/ls-decoration.com\/fr\/widerberufsbelehrung\/\">annulation<\/a><\/li>\n<li><a href=\"https:\/\/ls-decoration.com\/fr\/datenschutzerklaerung\/\">Politique de confidentialit\u00e9<\/a><\/li>\n<li><a href=\"https:\/\/ls-decoration.com\/fr\/impressum\/\">empreinte<\/a><\/li>\n<\/ul>","protected":false},"excerpt":{"rendered":"<p>Modes de paiement Modes d&#039;exp\u00e9dition Conditions g\u00e9n\u00e9rales Politique d&#039;annulation Politique de confidentialit\u00e9 Mentions l\u00e9gales<\/p>","protected":false},"author":1,"featured_media":0,"parent":0,"menu_order":0,"comment_status":"closed","ping_status":"closed","template":"","meta":{"footnotes":""},"class_list":["post-328","page","type-page","status-publish","hentry"],"_links":{"self":[{"href":"https:\/\/ls-decoration.com\/fr\/wp-json\/wp\/v2\/pages\/328","targetHints":{"allow":["GET"]}}],"collection":[{"href":"https:\/\/ls-decoration.com\/fr\/wp-json\/wp\/v2\/pages"}],"about":[{"href":"https:\/\/ls-decoration.com\/fr\/wp-json\/wp\/v2\/types\/page"}],"author":[{"embeddable":true,"href":"https:\/\/ls-decoration.com\/fr\/wp-json\/wp\/v2\/users\/1"}],"replies":[{"embeddable":true,"href":"https:\/\/ls-decoration.com\/fr\/wp-json\/wp\/v2\/comments?post=328"}],"version-history":[{"count":0,"href":"https:\/\/ls-decoration.com\/fr\/wp-json\/wp\/v2\/pages\/328\/revisions"}],"wp:attachment":[{"href":"https:\/\/ls-decoration.com\/fr\/wp-json\/wp\/v2\/media?parent=328"}],"curies":[{"name":"wp","href":"https:\/\/api.w.org\/{rel}","templated":true}]}}