{"id":347,"date":"2019-07-06T06:06:19","date_gmt":"2019-07-06T04:06:19","guid":{"rendered":"https:\/\/ls-decoration.com\/?page_id=347"},"modified":"2025-02-26T06:47:14","modified_gmt":"2025-02-26T05:47:14","slug":"kontakt","status":"publish","type":"page","link":"https:\/\/ls-decoration.com\/fr\/kontakt\/","title":{"rendered":"Contact"},"content":{"rendered":"<p><div class=\"fusion-fullwidth fullwidth-box fusion-builder-row-1 fusion-flex-container nonhundred-percent-fullwidth non-hundred-percent-height-scrolling\" style=\"--awb-border-radius-top-left:0px;--awb-border-radius-top-right:0px;--awb-border-radius-bottom-right:0px;--awb-border-radius-bottom-left:0px;\" ><div class=\"fusion-builder-row fusion-row fusion-flex-align-items-flex-start\" style=\"max-width:1144px;margin-left: calc(-4% \/ 2 );margin-right: calc(-4% \/ 2 );\"><div class=\"fusion-layout-column fusion_builder_column fusion-builder-column-0 fusion_builder_column_1_1 1_1 fusion-flex-column\" style=\"--awb-bg-blend:overlay;--awb-bg-size:cover;--awb-width-large:100%;--awb-margin-top-large:0px;--awb-spacing-right-large:1.92%;--awb-margin-bottom-large:0px;--awb-spacing-left-large:1.92%;--awb-width-medium:100%;--awb-spacing-right-medium:1.92%;--awb-spacing-left-medium:1.92%;--awb-width-small:100%;--awb-spacing-right-small:1.92%;--awb-spacing-left-small:1.92%;\"><div class=\"fusion-column-wrapper fusion-flex-justify-content-flex-start fusion-content-layout-column\"><\/div><\/div><\/div><\/div><div class=\"fusion-fullwidth fullwidth-box fusion-builder-row-2 fusion-flex-container nonhundred-percent-fullwidth non-hundred-percent-height-scrolling\" style=\"--awb-border-radius-top-left:0px;--awb-border-radius-top-right:0px;--awb-border-radius-bottom-right:0px;--awb-border-radius-bottom-left:0px;\" ><div class=\"fusion-builder-row fusion-row fusion-flex-align-items-flex-start\" style=\"max-width:1144px;margin-left: calc(-4% \/ 2 );margin-right: calc(-4% \/ 2 );\"><div class=\"fusion-layout-column fusion_builder_column fusion-builder-column-1 fusion_builder_column_1_2 1_2 fusion-flex-column\" style=\"--awb-bg-blend:overlay;--awb-bg-size:cover;--awb-width-large:50%;--awb-spacing-right-large:3.84%;--awb-spacing-left-large:3.84%;--awb-width-medium:50%;--awb-spacing-right-medium:3.84%;--awb-spacing-left-medium:3.84%;--awb-width-small:100%;--awb-spacing-right-small:1.92%;--awb-spacing-left-small:1.92%;\"><div class=\"fusion-column-wrapper fusion-flex-justify-content-flex-start fusion-content-layout-column\"><div class=\"fusion-form fusion-form-builder fusion-form-form-wrapper fusion-form-682\" style=\"--awb-tooltip-text-color:#ffffff;--awb-tooltip-background-color:#333333;--awb-field-margin-top:15px;--awb-field-margin-bottom:0px;--awb-form-input-height:40px;--awb-form-font-size:15px;--awb-form-placeholder-color:rgba(48,46,45,0.5);--awb-form-text-color:#302e2d;\" data-form-id=\"682\" data-config=\"{&quot;form_id&quot;:&quot;682&quot;,&quot;form_post_id&quot;:&quot;682&quot;,&quot;post_id&quot;:347,&quot;form_type&quot;:&quot;ajax&quot;,&quot;confirmation_type&quot;:&quot;message&quot;,&quot;redirect_url&quot;:&quot;&quot;,&quot;field_labels&quot;:{&quot;vorname&quot;:&quot;&quot;,&quot;nachname&quot;:&quot;&quot;,&quot;e-mail&quot;:&quot;&quot;,&quot;telefon&quot;:&quot;&quot;,&quot;nachricht&quot;:&quot;&quot;,&quot;zustimmung&quot;:&quot;&quot;},&quot;field_logics&quot;:{&quot;vorname&quot;:&quot;&quot;,&quot;nachname&quot;:&quot;&quot;,&quot;e-mail&quot;:&quot;&quot;,&quot;telefon&quot;:&quot;&quot;,&quot;nachricht&quot;:&quot;&quot;,&quot;zustimmung&quot;:&quot;&quot;},&quot;field_types&quot;:{&quot;vorname&quot;:&quot;text&quot;,&quot;nachname&quot;:&quot;text&quot;,&quot;e-mail&quot;:&quot;email&quot;,&quot;telefon&quot;:&quot;phone_number&quot;,&quot;nachricht&quot;:&quot;textarea&quot;,&quot;zustimmung&quot;:&quot;consent&quot;,&quot;hypot_field&quot;:&quot;honeypot&quot;,&quot;submit_1&quot;:&quot;submit&quot;},&quot;nonce_method&quot;:&quot;ajax&quot;}\"><form action=\"https:\/\/ls-decoration.com\/fr\/kontakt\/\" method=\"post\" class=\"fusion-form fusion-form-682\" data-trp-original-action=\"https:\/\/ls-decoration.com\/fr\/kontakt\/\"><div class=\"fusion-fullwidth fullwidth-box fusion-builder-row-2-1 fusion-flex-container has-pattern-background has-mask-background nonhundred-percent-fullwidth non-hundred-percent-height-scrolling\" style=\"--awb-border-radius-top-left:0px;--awb-border-radius-top-right:0px;--awb-border-radius-bottom-right:0px;--awb-border-radius-bottom-left:0px;\" ><div class=\"fusion-builder-row fusion-row fusion-flex-align-items-flex-start\" style=\"width:104% !important;max-width:104% !important;margin-left: calc(-4% \/ 2 );margin-right: calc(-4% \/ 2 );\"><div class=\"fusion-layout-column fusion_builder_column fusion-builder-column-2 fusion_builder_column_1_1 1_1 fusion-flex-column\" style=\"--awb-bg-size:cover;--awb-width-large:100%;--awb-spacing-right-large:1.92%;--awb-spacing-left-large:1.92%;--awb-width-medium:100%;--awb-order-medium:0;--awb-spacing-right-medium:1.92%;--awb-spacing-left-medium:1.92%;--awb-width-small:100%;--awb-order-small:0;--awb-spacing-right-small:1.92%;--awb-spacing-left-small:1.92%;\"><div class=\"fusion-column-wrapper fusion-column-has-shadow fusion-flex-justify-content-flex-start fusion-content-layout-column\"><div class=\"fusion-form-field fusion-form-text-field fusion-form-label-above\" style=\"\" data-form-id=\"682\"><div class=\"fusion-form-input-with-icon\"><i class=\"awb-form-icon fa-user fas\"><\/i><input type=\"text\"  data-empty-notice=\"Bitte geben Sie Ihren Vornamen an.\" name=\"vorname\" id=\"vorname\" value=\"\"  class=\"fusion-form-input\" required=\"true\" aria-required=\"true\" placeholder=\"Pr\u00e9nom*\" data-holds-private-data=\"false\" minlength=\"0\"\/><\/div><\/div><div class=\"fusion-form-field fusion-form-text-field fusion-form-label-above\" style=\"\" data-form-id=\"682\"><div class=\"fusion-form-input-with-icon\"><i class=\"awb-form-icon fa-user fas\"><\/i><input type=\"text\"  data-empty-notice=\"Bitte geben Sie Ihren Nachnamen an.\" name=\"nachname\" id=\"nachname\" value=\"\"  class=\"fusion-form-input\" required=\"true\" aria-required=\"true\" placeholder=\"Nom de famille*\" data-holds-private-data=\"false\" minlength=\"0\"\/><\/div><\/div><div class=\"fusion-form-field fusion-form-email-field fusion-form-label-above\" style=\"\" data-form-id=\"682\"><div class=\"fusion-form-input-with-icon\"><i class=\"awb-form-icon fa-at fas\"><\/i><input type=\"email\"  data-empty-notice=\"Bitte gib eine g\u00fcltige E-mail an\" name=\"e-mail\" id=\"e-mail\" value=\"\"  class=\"fusion-form-input\" required=\"true\" aria-required=\"true\" placeholder=\"E-mail*\" data-holds-private-data=\"false\"\/><\/div><\/div><div class=\"fusion-form-field fusion-form-phone-number-field fusion-form-label-above\" style=\"\" data-form-id=\"682\"><div class=\"fusion-form-input-with-icon\"><i class=\"awb-form-icon fa-phone-square-alt fas\"><\/i><input type=\"tel\"  data-empty-notice=\"Bitte gib eine g\u00fcltige Telefonnummer an\" name=\"telefon\" id=\"telefon\" value=\"\"  class=\"fusion-form-input\" required=\"true\" aria-required=\"true\" placeholder=\"T\u00e9l\u00e9phone*\" data-holds-private-data=\"false\"\/><\/div><\/div><div class=\"fusion-form-field fusion-form-textarea-field fusion-form-label-above\" style=\"\" data-form-id=\"682\"><div class=\"fusion-form-input-with-icon\"><i class=\"fa-comment-dots fas\"><\/i><textarea cols=\"40\" data-empty-notice=\"Bitte schreiben Sie uns eine Nachricht.\"  minlength=\"0\"  rows=\"4\" tabindex=\"\" id=\"nachricht\" name=\"nachricht\" class=\"fusion-form-input\" required=\"true\" aria-required=\"true\" placeholder=\"Message*\" data-holds-private-data=\"false\"><\/textarea><\/div><\/div><div class=\"fusion-form-field fusion-form-consent-field fusion-form-label-above\" style=\"\" data-form-id=\"682\"><div class=\"fusion-form-checkbox option-inline\"><input tabindex=\"\" id=\"zustimmung\" type=\"checkbox\" value=\"1\" name=\"zustimmung\" class=\"fusion-form-input\" required=\"true\" aria-required=\"true\"\/><label for=\"zustimmung\">En utilisant ce formulaire, vous acceptez le stockage et le traitement de vos donn\u00e9es par ce site Web.<\/label><\/div><\/div><div class=\"fusion-text fusion-text-1\" style=\"--awb-margin-top:15px;\"><p>Voir notre\u00a0<a href=\"https:\/\/ls-decoration.com\/fr\/datenschutzerklaerung\/\" target=\"_blank\" rel=\"noopener\">Politique de confidentialit\u00e9<\/a><\/p>\n<\/div><div class=\"fusion-form-field fusion-form-honeypot-field fusion-form-label-above\" style=\"\" data-form-id=\"682\"><input type=\"hidden\" tabindex=\"-1\" name=\"hypot_field\" class=\"fusion-form-input\" autocomplete=\"hypot-69d542b8c1522\" aria-hidden=\"true\" data-fusion-is-honeypot=\"true\"><\/div><div class=\"fusion-form-field fusion-form-submit-field fusion-form-label-above\" style=\"\" data-form-id=\"682\"><div ><button type=\"submit\" class=\"fusion-button button-flat fusion-button-default-size button-default fusion-button-default button-1 fusion-button-default-span  form-form-submit button-default\" data-form-number=\"682\" tabindex=\"\"><span class=\"fusion-button-text\">Envoyer<\/span><\/button><\/div><\/div><div class=\"form-submission-notices\" id=\"fusion-notices-1\"><div class=\"fusion-alert alert success alert-success fusion-alert-center fusion-form-response fusion-form-response-success fusion-alert-capitalize alert-dismissable\" style=\"--awb-margin-top:15px;\" role=\"alert\"><div class=\"fusion-alert-content-wrapper\"><span class=\"alert-icon\"><i class=\"awb-icon-check-circle\" aria-hidden=\"true\"><\/i><\/span><span class=\"fusion-alert-content\">Merci pour votre message. Il a \u00e9t\u00e9 envoy\u00e9.<\/span><\/div><button type=\"button\" class=\"close toggle-alert\" data-dismiss=\"alert\" aria-label=\"Fermer\">\u00d7<\/button><\/div><div class=\"fusion-alert alert error alert-danger fusion-alert-center fusion-form-response fusion-form-response-error fusion-alert-capitalize alert-dismissable\" style=\"--awb-margin-top:15px;\" role=\"alert\"><div class=\"fusion-alert-content-wrapper\"><span class=\"alert-icon\"><i class=\"awb-icon-exclamation-triangle\" aria-hidden=\"true\"><\/i><\/span><span class=\"fusion-alert-content\">Une erreur s&#039;est produite lors de l&#039;envoi de votre message. Veuillez r\u00e9essayer plus tard.<\/span><\/div><button type=\"button\" class=\"close toggle-alert\" data-dismiss=\"alert\" aria-label=\"Fermer\">\u00d7<\/button><\/div><\/div><\/div><\/div><\/div><\/div><input type=\"hidden\" name=\"fusion_privacy_store_ip_ua\" value=\"false\"><input type=\"hidden\" name=\"fusion_privacy_expiration_interval\" value=\"48\"><input type=\"hidden\" name=\"privacy_expiration_action\" value=\"anonymize\"><input type=\"hidden\" name=\"trp-form-language\" value=\"fr\"\/><\/form><\/div><\/div><\/div><div class=\"fusion-layout-column fusion_builder_column fusion-builder-column-3 fusion_builder_column_1_2 1_2 fusion-flex-column\" style=\"--awb-bg-blend:overlay;--awb-bg-size:cover;--awb-width-large:50%;--awb-spacing-right-large:3.84%;--awb-spacing-left-large:3.84%;--awb-width-medium:50%;--awb-spacing-right-medium:3.84%;--awb-spacing-left-medium:3.84%;--awb-width-small:100%;--awb-spacing-right-small:1.92%;--awb-spacing-left-small:1.92%;\"><div class=\"fusion-column-wrapper fusion-flex-justify-content-flex-start fusion-content-layout-column\"><div class=\"fusion-text fusion-text-2\"><p class=\"red\"><strong>Repr\u00e9sentations \u00e9trang\u00e8res:<\/strong><\/p>\n<table id=\"contact_table\" border=\"0\" width=\"383\">\n<tbody>\n<tr>\n<td width=\"140\"><span class=\"red\">Paris: <\/span><\/td>\n<td width=\"233\"><a title=\"courrier \u00e0 Paris\" href=\"mailto: varia@varia.fr\">varia@varia.fr<\/a><\/td>\n<\/tr>\n<tr>\n<td><span class=\"red\">Londres:<\/span><\/td>\n<td><a title=\"courrier \u00e0 Londres\" href=\"mailto:varia@variatextile.co.uk\">varia@variatextile.co.uk<\/a><\/td>\n<\/tr>\n<tr>\n<td><span class=\"red\">San Francisco:<\/span><\/td>\n<td><a title=\"courrier \u00e0 San Francisco\" href=\"mailto: mike.horner@hookedupinstalls.com\">mike.horner@hookedupinstalls.com <\/a><\/td>\n<\/tr>\n<tr>\n<td><span class=\"red\">Varsovie<\/span>:<\/td>\n<td><a title=\"courrier \u00e0 Polska \" href=\"mailto:patrick.matussek@variapolska.pl\">patr<\/a>je<a title=\"courrier \u00e0 Polska \" href=\"mailto:patrick.matussek@variapolska.pl\">ck.matussek@variapolska.pl<\/a><\/td>\n<\/tr>\n<tr>\n<td><\/td>\n<td><\/td>\n<\/tr>\n<tr>\n<td><span class=\"red\">Hongrie<\/span>:<\/td>\n<td><a title=\"courrier en Hongrie \" href=\"mailto:emb@austromed.net\">emb@austromed.net<\/a><\/td>\n<\/tr>\n<tr>\n<td><span class=\"red\">Barcelone:<\/span><\/td>\n<td><a title=\"courrier \u00e0 Barcelone \" href=\"mailto:ccasacuberta@arc316.es\">ccasacuberta@arc316.es<\/a><\/td>\n<\/tr>\n<tr>\n<td><\/td>\n<td><\/td>\n<\/tr>\n<\/tbody>\n<\/table>\n<\/div><div class=\"fusion-separator fusion-full-width-sep\" style=\"align-self: center;margin-left: auto;margin-right: auto;margin-top:10px;width:100%;\"><\/div><div class=\"fusion-text fusion-text-3\"><p><strong>Salle d&#039;exposition \u00e0 Paris<\/strong><\/p>\n<\/div><div class=\"fusion-image-element\" style=\"text-align:left;\"><span class=\"fusion-imageframe imageframe-none imageframe-1 hover-type-none\"><a href=\"https:\/\/ls-decoration.com\/wp-content\/uploads\/2022\/02\/showroom_Paris.jpg\" class=\"fusion-lightbox\" data-rel=\"iLightbox[4232951333e0ad88e2a]\" data-title=\"Showroom Paris\" title=\"Salle d&#039;exposition Paris\"><img decoding=\"async\" width=\"300\" height=\"253\" alt=\"Salle d&#039;exposition Paris\" src=\"https:\/\/ls-decoration.com\/wp-content\/uploads\/2022\/02\/showroom_Paris-300x253.jpg\" class=\"img-responsive wp-image-608\" srcset=\"https:\/\/ls-decoration.com\/wp-content\/uploads\/2022\/02\/showroom_Paris-200x168.jpg 200w, https:\/\/ls-decoration.com\/wp-content\/uploads\/2022\/02\/showroom_Paris-400x337.jpg 400w, https:\/\/ls-decoration.com\/wp-content\/uploads\/2022\/02\/showroom_Paris-600x505.jpg 600w, https:\/\/ls-decoration.com\/wp-content\/uploads\/2022\/02\/showroom_Paris-800x674.jpg 800w, https:\/\/ls-decoration.com\/wp-content\/uploads\/2022\/02\/showroom_Paris.jpg 950w\" sizes=\"(max-width: 640px) 100vw, 600px\" \/><\/a><\/span><\/div><\/div><\/div><\/div><\/div><\/p>","protected":false},"excerpt":{"rendered":"","protected":false},"author":1,"featured_media":0,"parent":0,"menu_order":0,"comment_status":"closed","ping_status":"closed","template":"","meta":{"footnotes":""},"class_list":["post-347","page","type-page","status-publish","hentry"],"_links":{"self":[{"href":"https:\/\/ls-decoration.com\/fr\/wp-json\/wp\/v2\/pages\/347","targetHints":{"allow":["GET"]}}],"collection":[{"href":"https:\/\/ls-decoration.com\/fr\/wp-json\/wp\/v2\/pages"}],"about":[{"href":"https:\/\/ls-decoration.com\/fr\/wp-json\/wp\/v2\/types\/page"}],"author":[{"embeddable":true,"href":"https:\/\/ls-decoration.com\/fr\/wp-json\/wp\/v2\/users\/1"}],"replies":[{"embeddable":true,"href":"https:\/\/ls-decoration.com\/fr\/wp-json\/wp\/v2\/comments?post=347"}],"version-history":[{"count":1,"href":"https:\/\/ls-decoration.com\/fr\/wp-json\/wp\/v2\/pages\/347\/revisions"}],"predecessor-version":[{"id":684,"href":"https:\/\/ls-decoration.com\/fr\/wp-json\/wp\/v2\/pages\/347\/revisions\/684"}],"wp:attachment":[{"href":"https:\/\/ls-decoration.com\/fr\/wp-json\/wp\/v2\/media?parent=347"}],"curies":[{"name":"wp","href":"https:\/\/api.w.org\/{rel}","templated":true}]}}