{"id":103,"date":"2019-06-26T16:43:14","date_gmt":"2019-06-26T14:43:14","guid":{"rendered":"https:\/\/ls-decoration.com\/?post_type=product&#038;p=103"},"modified":"2025-12-11T04:22:04","modified_gmt":"2025-12-11T03:22:04","slug":"balance-figur-dame-mit-lorgnette","status":"publish","type":"product","link":"https:\/\/ls-decoration.com\/fr\/product\/balance-figur-dame-mit-lorgnette\/","title":{"rendered":"Balance figure dame avec t\u00e9lescope"},"content":{"rendered":"","protected":false},"excerpt":{"rendered":"[fusion_youtube id = &quot;NLkSgAKivlU&quot; alignement = &quot;&quot; width = &quot;&quot; height = &quot;&quot; autoplay = &quot;false&quot; api_params = &quot;&amp; rel = 0&quot; hide_on_mobile = &quot;small-visibility, medium-visibility, large-visibility&quot; class = &quot; &quot; css_id = &quot;&quot;] [\/ fusion_youtube]\n<p>Ce mod\u00e8le n&#039;est actuellement pas disponible<\/p>\n<p>Mod\u00e8le: DACU002<\/p>\n<p>Hauteur: 50cm<\/p>\n<p>Mat\u00e9riau: fer polychrome<\/p>\n<p>Production: \u00e0 la main<\/p>\n<p>Description: Cette figurine d\u00e9corative repr\u00e9sente une femme regardant au loin avec un t\u00e9lescope.<\/p>\n<p>Un joli cadeau pour chaque occasion.<\/p>\n<p>&nbsp;<\/p>","protected":false},"featured_media":49,"template":"","meta":[],"product_cat":[16],"product_tag":[58,41,70],"class_list":["post-103","product","type-product","status-publish","has-post-thumbnail","hentry","product_cat-balancefiguren","product_tag-alte-zeiten","product_tag-dame","product_tag-fernrohr"],"_links":{"self":[{"href":"https:\/\/ls-decoration.com\/fr\/wp-json\/wp\/v2\/product\/103","targetHints":{"allow":["GET"]}}],"collection":[{"href":"https:\/\/ls-decoration.com\/fr\/wp-json\/wp\/v2\/product"}],"about":[{"href":"https:\/\/ls-decoration.com\/fr\/wp-json\/wp\/v2\/types\/product"}],"wp:featuredmedia":[{"embeddable":true,"href":"https:\/\/ls-decoration.com\/fr\/wp-json\/wp\/v2\/media\/49"}],"wp:attachment":[{"href":"https:\/\/ls-decoration.com\/fr\/wp-json\/wp\/v2\/media?parent=103"}],"wp:term":[{"taxonomy":"product_cat","embeddable":true,"href":"https:\/\/ls-decoration.com\/fr\/wp-json\/wp\/v2\/product_cat?post=103"},{"taxonomy":"product_tag","embeddable":true,"href":"https:\/\/ls-decoration.com\/fr\/wp-json\/wp\/v2\/product_tag?post=103"}],"curies":[{"name":"wp","href":"https:\/\/api.w.org\/{rel}","templated":true}]}}