{"id":104,"date":"2019-06-26T19:04:28","date_gmt":"2019-06-26T17:04:28","guid":{"rendered":"https:\/\/ls-decoration.com\/?post_type=product&#038;p=104"},"modified":"2023-03-04T06:27:22","modified_gmt":"2023-03-04T05:27:22","slug":"balance-figur-polospieler","status":"publish","type":"product","link":"https:\/\/ls-decoration.com\/fr\/product\/balance-figur-polospieler\/","title":{"rendered":"Joueur de polo chiffre d&#039;\u00e9quilibre"},"content":{"rendered":"","protected":false},"excerpt":{"rendered":"[fusion_youtube id = &quot;se1_xvoJNAA&quot; alignement = &quot;&quot; width = &quot;&quot; height = &quot;&quot; autoplay = &quot;false&quot; api_params = &quot;&amp; rel = 0&quot; hide_on_mobile = &quot;small-visibility, medium-visibility, large-visibility&quot; class = &quot; &quot; css_id = &quot;&quot;] [\/ fusion_youtube]\n<p>&nbsp;<\/p>\n<p>Mod\u00e8le: POBA004<\/p>\n<p>Hauteur: 48cm<\/p>\n<p>Mat\u00e9riau: fer polychrome<\/p>\n<p>Production: \u00e0 la main<\/p>\n<p>Description: Cette figurine d\u00e9corative repr\u00e9sente un joueur de polo \u00e0 son cheval. Un cadeau d\u00e9coratif pour tout amateur de sport.<\/p>","protected":false},"featured_media":83,"template":"","meta":[],"product_cat":[16],"product_tag":[37,36,35],"class_list":["post-104","product","type-product","status-publish","has-post-thumbnail","hentry","product_cat-balancefiguren","product_tag-pferd","product_tag-polo","product_tag-sport"],"_links":{"self":[{"href":"https:\/\/ls-decoration.com\/fr\/wp-json\/wp\/v2\/product\/104","targetHints":{"allow":["GET"]}}],"collection":[{"href":"https:\/\/ls-decoration.com\/fr\/wp-json\/wp\/v2\/product"}],"about":[{"href":"https:\/\/ls-decoration.com\/fr\/wp-json\/wp\/v2\/types\/product"}],"wp:featuredmedia":[{"embeddable":true,"href":"https:\/\/ls-decoration.com\/fr\/wp-json\/wp\/v2\/media\/83"}],"wp:attachment":[{"href":"https:\/\/ls-decoration.com\/fr\/wp-json\/wp\/v2\/media?parent=104"}],"wp:term":[{"taxonomy":"product_cat","embeddable":true,"href":"https:\/\/ls-decoration.com\/fr\/wp-json\/wp\/v2\/product_cat?post=104"},{"taxonomy":"product_tag","embeddable":true,"href":"https:\/\/ls-decoration.com\/fr\/wp-json\/wp\/v2\/product_tag?post=104"}],"curies":[{"name":"wp","href":"https:\/\/api.w.org\/{rel}","templated":true}]}}