{"id":106,"date":"2019-06-26T19:26:00","date_gmt":"2019-06-26T17:26:00","guid":{"rendered":"https:\/\/ls-decoration.com\/?post_type=product&#038;p=106"},"modified":"2023-03-04T06:27:21","modified_gmt":"2023-03-04T05:27:21","slug":"balance-figur-cowboy-mit-pferd","status":"publish","type":"product","link":"https:\/\/ls-decoration.com\/fr\/product\/balance-figur-cowboy-mit-pferd\/","title":{"rendered":"Figure d&#039;\u00e9quilibre cow-boy avec cheval"},"content":{"rendered":"","protected":false},"excerpt":{"rendered":"[fusion_youtube id = &quot;zT2JHdZiUGM&quot; alignement = &quot;&quot; width = &quot;&quot; height = &quot;&quot; autoplay = &quot;false&quot; api_params = &quot;&amp; rel = 0&quot; hide_on_mobile = &quot;small-visibility, medium-visibility, large-visibility&quot; class = &quot; &quot; css_id = &quot;&quot;] [\/ fusion_youtube]\n<p>&nbsp;<\/p>\n<p>Mod\u00e8le: COBA001<\/p>\n<p>Hauteur: 48cm<\/p>\n<p>Mat\u00e9riau: fer polychrome<\/p>\n<p>Production: \u00e0 la main<\/p>\n<p>Description: Dans cet \u00e9quilibre d\u00e9coratif, un cow-boy monte son cheval blanc et bouge avec ses bras et son corps au rythme du cheval. Le mouvement est tr\u00e8s harmonieux et avec le tremblement vous pouvez entendre le son d&#039;un galop de cheval. Faziniert enfants et adultes.<\/p>","protected":false},"featured_media":48,"template":"","meta":[],"product_cat":[16],"product_tag":[38,37,118,35],"class_list":["post-106","product","type-product","status-publish","has-post-thumbnail","hentry","product_cat-balancefiguren","product_tag-cowboy","product_tag-pferd","product_tag-reiten","product_tag-sport"],"_links":{"self":[{"href":"https:\/\/ls-decoration.com\/fr\/wp-json\/wp\/v2\/product\/106","targetHints":{"allow":["GET"]}}],"collection":[{"href":"https:\/\/ls-decoration.com\/fr\/wp-json\/wp\/v2\/product"}],"about":[{"href":"https:\/\/ls-decoration.com\/fr\/wp-json\/wp\/v2\/types\/product"}],"wp:featuredmedia":[{"embeddable":true,"href":"https:\/\/ls-decoration.com\/fr\/wp-json\/wp\/v2\/media\/48"}],"wp:attachment":[{"href":"https:\/\/ls-decoration.com\/fr\/wp-json\/wp\/v2\/media?parent=106"}],"wp:term":[{"taxonomy":"product_cat","embeddable":true,"href":"https:\/\/ls-decoration.com\/fr\/wp-json\/wp\/v2\/product_cat?post=106"},{"taxonomy":"product_tag","embeddable":true,"href":"https:\/\/ls-decoration.com\/fr\/wp-json\/wp\/v2\/product_tag?post=106"}],"curies":[{"name":"wp","href":"https:\/\/api.w.org\/{rel}","templated":true}]}}