{"id":109,"date":"2019-06-26T19:44:05","date_gmt":"2019-06-26T17:44:05","guid":{"rendered":"https:\/\/ls-decoration.com\/?post_type=product&#038;p=109"},"modified":"2023-03-04T06:27:20","modified_gmt":"2023-03-04T05:27:20","slug":"balance-figur-weihnachtsmann-mit-rentierschlitten","status":"publish","type":"product","link":"https:\/\/ls-decoration.com\/fr\/product\/balance-figur-weihnachtsmann-mit-rentierschlitten\/","title":{"rendered":"Figure d&#039;\u00e9quilibre P\u00e8re No\u00ebl avec luge de renne"},"content":{"rendered":"","protected":false},"excerpt":{"rendered":"[fusion_youtube id = &quot;ul9zp59HTps&quot; alignement = &quot;&quot; width = &quot;&quot; height = &quot;&quot; autoplay = &quot;false&quot; api_params = &quot;&amp; rel = 0&quot; hide_on_mobile = &quot;small-visibility, medium-visibility, large-visibility&quot; class = &quot; &quot; css_id = &quot;&quot;] [\/ fusion_youtube]\n<p>&nbsp;<\/p>\n<p>Mod\u00e8le No: PEPA001<\/p>\n<p>Hauteur: 50cm<\/p>\n<p>Mat\u00e9riau: fer polychrome<\/p>\n<p>Production: \u00e0 la main<\/p>\n<p>Description: Cette figurine d\u00e9corative repr\u00e9sente un p\u00e8re No\u00ebl avec un tra\u00eeneau de renne. Un cadeau de No\u00ebl d\u00e9coratif.<\/p>","protected":false},"featured_media":98,"template":"","meta":[],"product_cat":[16],"product_tag":[43,42],"class_list":["post-109","product","type-product","status-publish","has-post-thumbnail","hentry","product_cat-balancefiguren","product_tag-feste","product_tag-weihnachten"],"_links":{"self":[{"href":"https:\/\/ls-decoration.com\/fr\/wp-json\/wp\/v2\/product\/109","targetHints":{"allow":["GET"]}}],"collection":[{"href":"https:\/\/ls-decoration.com\/fr\/wp-json\/wp\/v2\/product"}],"about":[{"href":"https:\/\/ls-decoration.com\/fr\/wp-json\/wp\/v2\/types\/product"}],"wp:featuredmedia":[{"embeddable":true,"href":"https:\/\/ls-decoration.com\/fr\/wp-json\/wp\/v2\/media\/98"}],"wp:attachment":[{"href":"https:\/\/ls-decoration.com\/fr\/wp-json\/wp\/v2\/media?parent=109"}],"wp:term":[{"taxonomy":"product_cat","embeddable":true,"href":"https:\/\/ls-decoration.com\/fr\/wp-json\/wp\/v2\/product_cat?post=109"},{"taxonomy":"product_tag","embeddable":true,"href":"https:\/\/ls-decoration.com\/fr\/wp-json\/wp\/v2\/product_tag?post=109"}],"curies":[{"name":"wp","href":"https:\/\/api.w.org\/{rel}","templated":true}]}}