{"id":110,"date":"2019-06-26T19:49:57","date_gmt":"2019-06-26T17:49:57","guid":{"rendered":"https:\/\/ls-decoration.com\/?post_type=product&#038;p=110"},"modified":"2023-03-04T06:27:20","modified_gmt":"2023-03-04T05:27:20","slug":"balance-figur-der-golfende-frosch","status":"publish","type":"product","link":"https:\/\/ls-decoration.com\/fr\/product\/balance-figur-der-golfende-frosch\/","title":{"rendered":"Figure d&#039;\u00e9quilibre La grenouille de golf"},"content":{"rendered":"","protected":false},"excerpt":{"rendered":"[fusion_youtube id = &quot;qNvQeFLPT0o&quot; alignement = &quot;&quot; width = &quot;&quot; height = &quot;&quot; autoplay = &quot;false&quot; api_params = &quot;&amp; rel = 0&quot; hide_on_mobile = &quot;small-visibility, medium-visibility, large-visibility&quot; class = &quot; &quot; css_id = &quot;&quot;] [\/ fusion_youtube]\n<p>&nbsp;<\/p>\n<p>Mod\u00e8le: GRBA002<\/p>\n<p>Hauteur: 50cm<\/p>\n<p>Mat\u00e9riau: fer polychrome<\/p>\n<p>Production: \u00e0 la main<\/p>\n<p>Description: Cette figurine d\u00e9corative repr\u00e9sente une grenouille golfeuse. Un cadeau d\u00e9coratif pour chaque golfeur.<\/p>","protected":false},"featured_media":53,"template":"","meta":[],"product_cat":[16],"product_tag":[45,44,35],"class_list":["post-110","product","type-product","status-publish","has-post-thumbnail","hentry","product_cat-balancefiguren","product_tag-frosch","product_tag-golf","product_tag-sport"],"_links":{"self":[{"href":"https:\/\/ls-decoration.com\/fr\/wp-json\/wp\/v2\/product\/110","targetHints":{"allow":["GET"]}}],"collection":[{"href":"https:\/\/ls-decoration.com\/fr\/wp-json\/wp\/v2\/product"}],"about":[{"href":"https:\/\/ls-decoration.com\/fr\/wp-json\/wp\/v2\/types\/product"}],"wp:featuredmedia":[{"embeddable":true,"href":"https:\/\/ls-decoration.com\/fr\/wp-json\/wp\/v2\/media\/53"}],"wp:attachment":[{"href":"https:\/\/ls-decoration.com\/fr\/wp-json\/wp\/v2\/media?parent=110"}],"wp:term":[{"taxonomy":"product_cat","embeddable":true,"href":"https:\/\/ls-decoration.com\/fr\/wp-json\/wp\/v2\/product_cat?post=110"},{"taxonomy":"product_tag","embeddable":true,"href":"https:\/\/ls-decoration.com\/fr\/wp-json\/wp\/v2\/product_tag?post=110"}],"curies":[{"name":"wp","href":"https:\/\/api.w.org\/{rel}","templated":true}]}}