{"id":111,"date":"2019-06-26T19:56:18","date_gmt":"2019-06-26T17:56:18","guid":{"rendered":"https:\/\/ls-decoration.com\/?post_type=product&#038;p=111"},"modified":"2023-03-04T06:27:20","modified_gmt":"2023-03-04T05:27:20","slug":"balance-figur-napoleon","status":"publish","type":"product","link":"https:\/\/ls-decoration.com\/fr\/product\/balance-figur-napoleon\/","title":{"rendered":"Chiffre d&#039;\u00e9quilibre Napol\u00e9on"},"content":{"rendered":"","protected":false},"excerpt":{"rendered":"[fusion_youtube id=&quot;qD4TvynKbac&quot; alignement=&quot;&quot; largeur=&quot;&quot; hauteur=&quot;&quot; autoplay=&quot;false&quot; api_params=&quot;&amp;rel=0&quot; hide_on_mobile=&quot;petite-visibilit\u00e9, moyenne-visibilit\u00e9, grande-visibilit\u00e9&quot; class=&quot;&quot; css_id=&quot;&quot;][\/fusion_youtube]\n<p>&nbsp;<\/p>\n<p>Mod\u00e8le: NABA001<\/p>\n<p>Hauteur: 48cm<\/p>\n<p>Mat\u00e9riau: fer polychrome<\/p>\n<p>Production: \u00e0 la main<\/p>\n<p>Description: Cette figurine d\u00e9corative repr\u00e9sente le fier Napol\u00e9on sur un cheval blanc. Un joli cadeau pour chaque occasion.<\/p>","protected":false},"featured_media":80,"template":"","meta":[],"product_cat":[16],"product_tag":[58,47,46,37],"class_list":["post-111","product","type-product","status-publish","has-post-thumbnail","hentry","product_cat-balancefiguren","product_tag-alte-zeiten","product_tag-geschichte","product_tag-napoleon","product_tag-pferd"],"_links":{"self":[{"href":"https:\/\/ls-decoration.com\/fr\/wp-json\/wp\/v2\/product\/111","targetHints":{"allow":["GET"]}}],"collection":[{"href":"https:\/\/ls-decoration.com\/fr\/wp-json\/wp\/v2\/product"}],"about":[{"href":"https:\/\/ls-decoration.com\/fr\/wp-json\/wp\/v2\/types\/product"}],"wp:featuredmedia":[{"embeddable":true,"href":"https:\/\/ls-decoration.com\/fr\/wp-json\/wp\/v2\/media\/80"}],"wp:attachment":[{"href":"https:\/\/ls-decoration.com\/fr\/wp-json\/wp\/v2\/media?parent=111"}],"wp:term":[{"taxonomy":"product_cat","embeddable":true,"href":"https:\/\/ls-decoration.com\/fr\/wp-json\/wp\/v2\/product_cat?post=111"},{"taxonomy":"product_tag","embeddable":true,"href":"https:\/\/ls-decoration.com\/fr\/wp-json\/wp\/v2\/product_tag?post=111"}],"curies":[{"name":"wp","href":"https:\/\/api.w.org\/{rel}","templated":true}]}}