{"id":113,"date":"2019-06-26T20:31:03","date_gmt":"2019-06-26T18:31:03","guid":{"rendered":"https:\/\/ls-decoration.com\/?post_type=product&#038;p=113"},"modified":"2023-03-04T06:27:19","modified_gmt":"2023-03-04T05:27:19","slug":"balance-figur-das-kochende-schwein","status":"publish","type":"product","link":"https:\/\/ls-decoration.com\/fr\/product\/balance-figur-das-kochende-schwein\/","title":{"rendered":"Figure d&#039;\u00e9quilibre Le cochon en \u00e9bullition"},"content":{"rendered":"","protected":false},"excerpt":{"rendered":"[fusion_youtube id = &quot;o4cDkx7gVts&quot; alignement = &quot;&quot; width = &quot;&quot; height = &quot;&quot; autoplay = &quot;false&quot; api_params = &quot;&amp; rel = 0&quot; hide_on_mobile = &quot;small-visibility, medium-visibility, large-visibility&quot; class = &quot; &quot; css_id = &quot;&quot;] [\/ fusion_youtube]\n<p>&nbsp;<\/p>\n<p>Mod\u00e8le: COBA002<\/p>\n<p>Hauteur: 55cm<\/p>\n<p>Mat\u00e9riau: fer polychrome<\/p>\n<p>Production: \u00e0 la main<\/p>\n<p>Description: Dans cette figure d\u2019\u00e9quilibre d\u00e9coratif, un cochon se glisse dans le r\u00f4le d\u2019un cuisinier. Id\u00e9al comme nostalgie - d\u00e9coration pour la cuisine.<\/p>","protected":false},"featured_media":50,"template":"","meta":[],"product_cat":[16],"product_tag":[52,51,50],"class_list":["post-113","product","type-product","status-publish","has-post-thumbnail","hentry","product_cat-balancefiguren","product_tag-berufe","product_tag-koch","product_tag-schwein"],"_links":{"self":[{"href":"https:\/\/ls-decoration.com\/fr\/wp-json\/wp\/v2\/product\/113","targetHints":{"allow":["GET"]}}],"collection":[{"href":"https:\/\/ls-decoration.com\/fr\/wp-json\/wp\/v2\/product"}],"about":[{"href":"https:\/\/ls-decoration.com\/fr\/wp-json\/wp\/v2\/types\/product"}],"wp:featuredmedia":[{"embeddable":true,"href":"https:\/\/ls-decoration.com\/fr\/wp-json\/wp\/v2\/media\/50"}],"wp:attachment":[{"href":"https:\/\/ls-decoration.com\/fr\/wp-json\/wp\/v2\/media?parent=113"}],"wp:term":[{"taxonomy":"product_cat","embeddable":true,"href":"https:\/\/ls-decoration.com\/fr\/wp-json\/wp\/v2\/product_cat?post=113"},{"taxonomy":"product_tag","embeddable":true,"href":"https:\/\/ls-decoration.com\/fr\/wp-json\/wp\/v2\/product_tag?post=113"}],"curies":[{"name":"wp","href":"https:\/\/api.w.org\/{rel}","templated":true}]}}