{"id":120,"date":"2019-06-26T22:01:44","date_gmt":"2019-06-26T20:01:44","guid":{"rendered":"https:\/\/ls-decoration.com\/?post_type=product&#038;p=120"},"modified":"2023-03-04T06:27:18","modified_gmt":"2023-03-04T05:27:18","slug":"balance-figur-der-hase-auf-dem-huhn","status":"publish","type":"product","link":"https:\/\/ls-decoration.com\/fr\/product\/balance-figur-der-hase-auf-dem-huhn\/","title":{"rendered":"Figure de lapin de P\u00e2ques sur le poulet"},"content":{"rendered":"","protected":false},"excerpt":{"rendered":"[fusion_youtube id = &quot;Zbc2Eeo1j-k&quot; alignement = &quot;&quot; width = &quot;&quot; height = &quot;&quot; autoplay = &quot;false&quot; api_params = &quot;&amp; rel = 0&quot; hide_on_mobile = &quot;small-visibility, medium-visibility, large-visibility&quot; classe = &quot;&quot; css_id = &quot;&quot;] [\/ fusion_youtube]\n<p>&nbsp;<\/p>\n<p>Mod\u00e8le: COBA007<\/p>\n<p>Hauteur: 50cm<\/p>\n<p>Mat\u00e9riau: fer polychrome<\/p>\n<p>Production: \u00e0 la main<\/p>\n<p>Description: Ce chiffre d&#039;\u00e9quilibre d\u00e9coratif vient du monde des contes de f\u00e9es: un lapin de P\u00e2ques monte un poulet.<\/p>\n<p>Un cadeau de d\u00e9coration pour P\u00e2ques.<\/p>","protected":false},"featured_media":55,"template":"","meta":[],"product_cat":[16],"product_tag":[43,60],"class_list":["post-120","product","type-product","status-publish","has-post-thumbnail","hentry","product_cat-balancefiguren","product_tag-feste","product_tag-osterhase"],"_links":{"self":[{"href":"https:\/\/ls-decoration.com\/fr\/wp-json\/wp\/v2\/product\/120","targetHints":{"allow":["GET"]}}],"collection":[{"href":"https:\/\/ls-decoration.com\/fr\/wp-json\/wp\/v2\/product"}],"about":[{"href":"https:\/\/ls-decoration.com\/fr\/wp-json\/wp\/v2\/types\/product"}],"wp:featuredmedia":[{"embeddable":true,"href":"https:\/\/ls-decoration.com\/fr\/wp-json\/wp\/v2\/media\/55"}],"wp:attachment":[{"href":"https:\/\/ls-decoration.com\/fr\/wp-json\/wp\/v2\/media?parent=120"}],"wp:term":[{"taxonomy":"product_cat","embeddable":true,"href":"https:\/\/ls-decoration.com\/fr\/wp-json\/wp\/v2\/product_cat?post=120"},{"taxonomy":"product_tag","embeddable":true,"href":"https:\/\/ls-decoration.com\/fr\/wp-json\/wp\/v2\/product_tag?post=120"}],"curies":[{"name":"wp","href":"https:\/\/api.w.org\/{rel}","templated":true}]}}