{"id":123,"date":"2019-06-26T23:03:58","date_gmt":"2019-06-26T21:03:58","guid":{"rendered":"https:\/\/ls-decoration.com\/?post_type=product&#038;p=123"},"modified":"2023-03-04T06:26:47","modified_gmt":"2023-03-04T05:26:47","slug":"balance-figur-banjospieler","status":"publish","type":"product","link":"https:\/\/ls-decoration.com\/fr\/product\/balance-figur-banjospieler\/","title":{"rendered":"Joueur de banjo chiffre d&#039;\u00e9quilibre"},"content":{"rendered":"","protected":false},"excerpt":{"rendered":"[fusion_youtube id=&quot;VjkHpxPuYSY&quot; alignement=&quot;&quot; largeur=&quot;&quot; hauteur=&quot;&quot; autoplay=&quot;false&quot; api_params=&quot;&amp;rel=0&quot; hide_on_mobile=&quot;petite visibilit\u00e9, moyenne visibilit\u00e9, grande visibilit\u00e9&quot; class=&quot;&quot; css_id=&quot;&quot;][\/fusion_youtube]\n<p>&nbsp;<\/p>\n<p>N \u00b0 de mod\u00e8le: NOBA001<\/p>\n<p>Hauteur: 50cm<\/p>\n<p>Mat\u00e9riau: fer polychrome<\/p>\n<p>Production: \u00e0 la main<\/p>\n<p>Description: Dans cette figurine d\u00e9corative, un homme joue sur un banjo. Id\u00e9al comme d\u00e9coration pour une salle de musique.<\/p>","protected":false},"featured_media":43,"template":"","meta":[],"product_cat":[16],"product_tag":[64,63,115],"class_list":["post-123","product","type-product","status-publish","has-post-thumbnail","hentry","product_cat-balancefiguren","product_tag-banjospieler","product_tag-musik","product_tag-tanz"],"_links":{"self":[{"href":"https:\/\/ls-decoration.com\/fr\/wp-json\/wp\/v2\/product\/123","targetHints":{"allow":["GET"]}}],"collection":[{"href":"https:\/\/ls-decoration.com\/fr\/wp-json\/wp\/v2\/product"}],"about":[{"href":"https:\/\/ls-decoration.com\/fr\/wp-json\/wp\/v2\/types\/product"}],"wp:featuredmedia":[{"embeddable":true,"href":"https:\/\/ls-decoration.com\/fr\/wp-json\/wp\/v2\/media\/43"}],"wp:attachment":[{"href":"https:\/\/ls-decoration.com\/fr\/wp-json\/wp\/v2\/media?parent=123"}],"wp:term":[{"taxonomy":"product_cat","embeddable":true,"href":"https:\/\/ls-decoration.com\/fr\/wp-json\/wp\/v2\/product_cat?post=123"},{"taxonomy":"product_tag","embeddable":true,"href":"https:\/\/ls-decoration.com\/fr\/wp-json\/wp\/v2\/product_tag?post=123"}],"curies":[{"name":"wp","href":"https:\/\/api.w.org\/{rel}","templated":true}]}}