{"id":125,"date":"2019-06-26T23:08:54","date_gmt":"2019-06-26T21:08:54","guid":{"rendered":"https:\/\/ls-decoration.com\/?post_type=product&#038;p=125"},"modified":"2023-03-04T06:26:47","modified_gmt":"2023-03-04T05:26:47","slug":"pendelfigur-saeger-im-frack","status":"publish","type":"product","link":"https:\/\/ls-decoration.com\/fr\/product\/pendelfigur-saeger-im-frack\/","title":{"rendered":"Pendule figure b\u00fbcheron avec scie \u00e0 queue"},"content":{"rendered":"","protected":false},"excerpt":{"rendered":"[fusion_youtube id = &quot;UGjlTK2b7ks&quot; alignement = &quot;&quot; width = &quot;&quot; height = &quot;&quot; autoplay = &quot;false&quot; api_params = &quot;&amp; rel = 0&quot; hide_on_mobile = &quot;small-visibility, medium-visibility, large-visibility&quot; class = &quot; &quot; css_id = &quot;&quot;] [\/ fusion_youtube]\n<p>&nbsp;<\/p>\n<p>Mod\u00e8le: SCBA001<\/p>\n<p>Hauteur: 55cm<\/p>\n<p>Mat\u00e9riau: fer polychrome<\/p>\n<p>Production: \u00e0 la main<\/p>\n<p>Description: Cette figurine d\u00e9corative repr\u00e9sente un b\u00fbcheron avec une scie dans un manteau.<\/p>","protected":false},"featured_media":88,"template":"","meta":[],"product_cat":[16],"product_tag":[52,67],"class_list":["post-125","product","type-product","status-publish","has-post-thumbnail","hentry","product_cat-balancefiguren","product_tag-berufe","product_tag-holzfaeller"],"_links":{"self":[{"href":"https:\/\/ls-decoration.com\/fr\/wp-json\/wp\/v2\/product\/125","targetHints":{"allow":["GET"]}}],"collection":[{"href":"https:\/\/ls-decoration.com\/fr\/wp-json\/wp\/v2\/product"}],"about":[{"href":"https:\/\/ls-decoration.com\/fr\/wp-json\/wp\/v2\/types\/product"}],"wp:featuredmedia":[{"embeddable":true,"href":"https:\/\/ls-decoration.com\/fr\/wp-json\/wp\/v2\/media\/88"}],"wp:attachment":[{"href":"https:\/\/ls-decoration.com\/fr\/wp-json\/wp\/v2\/media?parent=125"}],"wp:term":[{"taxonomy":"product_cat","embeddable":true,"href":"https:\/\/ls-decoration.com\/fr\/wp-json\/wp\/v2\/product_cat?post=125"},{"taxonomy":"product_tag","embeddable":true,"href":"https:\/\/ls-decoration.com\/fr\/wp-json\/wp\/v2\/product_tag?post=125"}],"curies":[{"name":"wp","href":"https:\/\/api.w.org\/{rel}","templated":true}]}}