{"id":127,"date":"2019-06-26T23:13:21","date_gmt":"2019-06-26T21:13:21","guid":{"rendered":"https:\/\/ls-decoration.com\/?post_type=product&#038;p=127"},"modified":"2023-03-04T06:26:46","modified_gmt":"2023-03-04T05:26:46","slug":"balance-figur-mann-mit-lorgnette","status":"publish","type":"product","link":"https:\/\/ls-decoration.com\/fr\/product\/balance-figur-mann-mit-lorgnette\/","title":{"rendered":"Balance chiffre man avec t\u00e9lescope"},"content":{"rendered":"","protected":false},"excerpt":{"rendered":"[fusion_youtube id = &quot;Tk8KnGxLGQs&quot; alignement = &quot;&quot; width = &quot;&quot; height = &quot;&quot; autoplay = &quot;false&quot; api_params = &quot;&amp; rel = 0&quot; hide_on_mobile = &quot;small-visibility, medium-visibility, large-visibility&quot; class = &quot; &quot; css_id = &quot;&quot;] [\/ fusion_youtube]\n<p>&nbsp;<\/p>\n<p>Mod\u00e8le: HOBA001<\/p>\n<p>Hauteur: 50cm<\/p>\n<p>Mat\u00e9riau: fer polychrome<\/p>\n<p>Production: \u00e0 la main<\/p>\n<p>Description: Cette figurine d\u00e9corative repr\u00e9sente un homme regardant au loin avec un t\u00e9lescope.<\/p>\n<p>Un joli cadeau pour chaque occasion.<\/p>","protected":false},"featured_media":75,"template":"","meta":[],"product_cat":[16],"product_tag":[58,71,70],"class_list":["post-127","product","type-product","status-publish","has-post-thumbnail","hentry","product_cat-balancefiguren","product_tag-alte-zeiten","product_tag-entdecker","product_tag-fernrohr"],"_links":{"self":[{"href":"https:\/\/ls-decoration.com\/fr\/wp-json\/wp\/v2\/product\/127","targetHints":{"allow":["GET"]}}],"collection":[{"href":"https:\/\/ls-decoration.com\/fr\/wp-json\/wp\/v2\/product"}],"about":[{"href":"https:\/\/ls-decoration.com\/fr\/wp-json\/wp\/v2\/types\/product"}],"wp:featuredmedia":[{"embeddable":true,"href":"https:\/\/ls-decoration.com\/fr\/wp-json\/wp\/v2\/media\/75"}],"wp:attachment":[{"href":"https:\/\/ls-decoration.com\/fr\/wp-json\/wp\/v2\/media?parent=127"}],"wp:term":[{"taxonomy":"product_cat","embeddable":true,"href":"https:\/\/ls-decoration.com\/fr\/wp-json\/wp\/v2\/product_cat?post=127"},{"taxonomy":"product_tag","embeddable":true,"href":"https:\/\/ls-decoration.com\/fr\/wp-json\/wp\/v2\/product_tag?post=127"}],"curies":[{"name":"wp","href":"https:\/\/api.w.org\/{rel}","templated":true}]}}