{"id":129,"date":"2019-06-26T23:18:35","date_gmt":"2019-06-26T21:18:35","guid":{"rendered":"https:\/\/ls-decoration.com\/?post_type=product&#038;p=129"},"modified":"2023-03-04T06:26:46","modified_gmt":"2023-03-04T05:26:46","slug":"balance-figur-der-angler-auf-dem-fisch","status":"publish","type":"product","link":"https:\/\/ls-decoration.com\/fr\/product\/balance-figur-der-angler-auf-dem-fisch\/","title":{"rendered":"Figure d&#039;\u00e9quilibre Le p\u00eacheur sur le poisson"},"content":{"rendered":"","protected":false},"excerpt":{"rendered":"[fusion_youtube id = &quot;Q2gKpxmGTzQ&quot; alignement = &quot;&quot; width = &quot;&quot; height = &quot;&quot; autoplay = &quot;false&quot; api_params = &quot;&amp; rel = 0&quot; hide_on_mobile = &quot;small-visibility, medium-visibility, large-visibility&quot; class = &quot; &quot; css_id = &quot;&quot;] [\/ fusion_youtube]\n<p>&nbsp;<\/p>\n<p>Mod\u00e8le: PEBA002<\/p>\n<p>Hauteur: 50cm<\/p>\n<p>Mat\u00e9riau: fer polychrome<\/p>\n<p>Production: \u00e0 la main<\/p>\n<p>Description: Cette figurine d\u00e9corative repr\u00e9sente un monde fantastique: un p\u00eacheur \u00e0 la ligne manne un poisson. Un cadeau de d\u00e9coration pour tous les passionn\u00e9s de p\u00eache.<\/p>","protected":false},"featured_media":52,"template":"","meta":[],"product_cat":[16],"product_tag":[72,66,35],"class_list":["post-129","product","type-product","status-publish","has-post-thumbnail","hentry","product_cat-balancefiguren","product_tag-angler","product_tag-fisch","product_tag-sport"],"_links":{"self":[{"href":"https:\/\/ls-decoration.com\/fr\/wp-json\/wp\/v2\/product\/129","targetHints":{"allow":["GET"]}}],"collection":[{"href":"https:\/\/ls-decoration.com\/fr\/wp-json\/wp\/v2\/product"}],"about":[{"href":"https:\/\/ls-decoration.com\/fr\/wp-json\/wp\/v2\/types\/product"}],"wp:featuredmedia":[{"embeddable":true,"href":"https:\/\/ls-decoration.com\/fr\/wp-json\/wp\/v2\/media\/52"}],"wp:attachment":[{"href":"https:\/\/ls-decoration.com\/fr\/wp-json\/wp\/v2\/media?parent=129"}],"wp:term":[{"taxonomy":"product_cat","embeddable":true,"href":"https:\/\/ls-decoration.com\/fr\/wp-json\/wp\/v2\/product_cat?post=129"},{"taxonomy":"product_tag","embeddable":true,"href":"https:\/\/ls-decoration.com\/fr\/wp-json\/wp\/v2\/product_tag?post=129"}],"curies":[{"name":"wp","href":"https:\/\/api.w.org\/{rel}","templated":true}]}}