{"id":136,"date":"2019-06-27T12:32:01","date_gmt":"2019-06-27T10:32:01","guid":{"rendered":"https:\/\/ls-decoration.com\/?post_type=product&#038;p=136"},"modified":"2023-03-04T06:26:45","modified_gmt":"2023-03-04T05:26:45","slug":"balance-figur-matrose","status":"publish","type":"product","link":"https:\/\/ls-decoration.com\/fr\/product\/balance-figur-matrose\/","title":{"rendered":"Solde chiffre marin"},"content":{"rendered":"","protected":false},"excerpt":{"rendered":"[fusion_youtube id = &quot;CFShgokuo24&quot; alignement = &quot;&quot; width = &quot;&quot; height = &quot;&quot; autoplay = &quot;false&quot; api_params = &quot;&amp; rel = 0&quot; hide_on_mobile = &quot;small-visibility, medium-visibility, large-visibility&quot; class = &quot; &quot; css_id = &quot;&quot;] [\/ fusion_youtube]\n<p>&nbsp;<\/p>\n<p>Mod\u00e8le: QUBA001<\/p>\n<p>Hauteur: 50cm<\/p>\n<p>Mat\u00e9riau: fer polychrome<\/p>\n<p>Production: \u00e0 la main<\/p>\n<p>Description: Cette figurine d\u00e9corative repr\u00e9sente un marin avec un t\u00e9lescope. Un cadeau de d\u00e9coration pour tout capitaine de loisir.<\/p>","protected":false},"featured_media":76,"template":"","meta":[],"product_cat":[16],"product_tag":[52,70,54],"class_list":["post-136","product","type-product","status-publish","has-post-thumbnail","hentry","product_cat-balancefiguren","product_tag-berufe","product_tag-fernrohr","product_tag-matrose"],"_links":{"self":[{"href":"https:\/\/ls-decoration.com\/fr\/wp-json\/wp\/v2\/product\/136","targetHints":{"allow":["GET"]}}],"collection":[{"href":"https:\/\/ls-decoration.com\/fr\/wp-json\/wp\/v2\/product"}],"about":[{"href":"https:\/\/ls-decoration.com\/fr\/wp-json\/wp\/v2\/types\/product"}],"wp:featuredmedia":[{"embeddable":true,"href":"https:\/\/ls-decoration.com\/fr\/wp-json\/wp\/v2\/media\/76"}],"wp:attachment":[{"href":"https:\/\/ls-decoration.com\/fr\/wp-json\/wp\/v2\/media?parent=136"}],"wp:term":[{"taxonomy":"product_cat","embeddable":true,"href":"https:\/\/ls-decoration.com\/fr\/wp-json\/wp\/v2\/product_cat?post=136"},{"taxonomy":"product_tag","embeddable":true,"href":"https:\/\/ls-decoration.com\/fr\/wp-json\/wp\/v2\/product_tag?post=136"}],"curies":[{"name":"wp","href":"https:\/\/api.w.org\/{rel}","templated":true}]}}