{"id":140,"date":"2019-06-27T12:41:11","date_gmt":"2019-06-27T10:41:11","guid":{"rendered":"https:\/\/ls-decoration.com\/?post_type=product&#038;p=140"},"modified":"2023-03-04T06:26:44","modified_gmt":"2023-03-04T05:26:44","slug":"balance-figur-winzer","status":"publish","type":"product","link":"https:\/\/ls-decoration.com\/fr\/product\/balance-figur-winzer\/","title":{"rendered":"Vigneron chiffre d&#039;\u00e9quilibre"},"content":{"rendered":"","protected":false},"excerpt":{"rendered":"[fusion_youtube id = &quot;8r2Q6IKUvZY&quot; alignement = &quot;&quot; width = &quot;&quot; height = &quot;&quot; autoplay = &quot;false&quot; api_params = &quot;&amp; rel = 0&quot; hide_on_mobile = &quot;small-visibility, medium-visibility, large-visibility&quot; class = &quot; &quot; css_id = &quot;&quot;] [\/ fusion_youtube]\n<p>&nbsp;<\/p>\n<p>Mod\u00e8le: VIBA001<\/p>\n<p>Hauteur: 50cm<\/p>\n<p>Mat\u00e9riau: fer polychrome<\/p>\n<p>Production: \u00e0 la main<\/p>\n<p>Description: Cette figurine d\u00e9corative repr\u00e9sente un vigneron lors du mill\u00e9sime. Un beau cadeau pour tous les connaisseurs de vin.<\/p>","protected":false},"featured_media":99,"template":"","meta":[],"product_cat":[16],"product_tag":[52,85],"class_list":["post-140","product","type-product","status-publish","has-post-thumbnail","hentry","product_cat-balancefiguren","product_tag-berufe","product_tag-winzer"],"_links":{"self":[{"href":"https:\/\/ls-decoration.com\/fr\/wp-json\/wp\/v2\/product\/140","targetHints":{"allow":["GET"]}}],"collection":[{"href":"https:\/\/ls-decoration.com\/fr\/wp-json\/wp\/v2\/product"}],"about":[{"href":"https:\/\/ls-decoration.com\/fr\/wp-json\/wp\/v2\/types\/product"}],"wp:featuredmedia":[{"embeddable":true,"href":"https:\/\/ls-decoration.com\/fr\/wp-json\/wp\/v2\/media\/99"}],"wp:attachment":[{"href":"https:\/\/ls-decoration.com\/fr\/wp-json\/wp\/v2\/media?parent=140"}],"wp:term":[{"taxonomy":"product_cat","embeddable":true,"href":"https:\/\/ls-decoration.com\/fr\/wp-json\/wp\/v2\/product_cat?post=140"},{"taxonomy":"product_tag","embeddable":true,"href":"https:\/\/ls-decoration.com\/fr\/wp-json\/wp\/v2\/product_tag?post=140"}],"curies":[{"name":"wp","href":"https:\/\/api.w.org\/{rel}","templated":true}]}}