{"id":141,"date":"2019-06-27T12:43:04","date_gmt":"2019-06-27T10:43:04","guid":{"rendered":"https:\/\/ls-decoration.com\/?post_type=product&#038;p=141"},"modified":"2023-03-04T06:26:43","modified_gmt":"2023-03-04T05:26:43","slug":"balance-figur-weihnachtsmann-auf-tannenbaum","status":"publish","type":"product","link":"https:\/\/ls-decoration.com\/fr\/product\/balance-figur-weihnachtsmann-auf-tannenbaum\/","title":{"rendered":"Figure d&#039;\u00e9quilibre P\u00e8re No\u00ebl sur sapin"},"content":{"rendered":"","protected":false},"excerpt":{"rendered":"[fusion_youtube id = &quot;7NXWIdrHjWE&quot; alignement = &quot;&quot; width = &quot;&quot; height = &quot;&quot; autoplay = &quot;false&quot; api_params = &quot;&amp; rel = 0&quot; hide_on_mobile = &quot;small-visibility, medium-visibility, large-visibility&quot; class = &quot; &quot; css_id = &quot;&quot;] [\/ fusion_youtube]\n<p>&nbsp;<\/p>\n<p>Mod\u00e8le: PEBA003<\/p>\n<p>Hauteur: 50cm<\/p>\n<p>Mat\u00e9riau: fer polychrome<\/p>\n<p>Production: \u00e0 la main<\/p>\n<p>Description: Cette figurine d\u00e9corative repr\u00e9sente un p\u00e8re No\u00ebl avec des skis sur un sapin. Il porte sur son dos un panier rempli de cadeaux color\u00e9s.<\/p>\n<p>Un cadeau d\u00e9coratif pour la saison de No\u00ebl.<\/p>","protected":false},"featured_media":97,"template":"","meta":[],"product_cat":[16],"product_tag":[43,42],"class_list":["post-141","product","type-product","status-publish","has-post-thumbnail","hentry","product_cat-balancefiguren","product_tag-feste","product_tag-weihnachten"],"_links":{"self":[{"href":"https:\/\/ls-decoration.com\/fr\/wp-json\/wp\/v2\/product\/141","targetHints":{"allow":["GET"]}}],"collection":[{"href":"https:\/\/ls-decoration.com\/fr\/wp-json\/wp\/v2\/product"}],"about":[{"href":"https:\/\/ls-decoration.com\/fr\/wp-json\/wp\/v2\/types\/product"}],"wp:featuredmedia":[{"embeddable":true,"href":"https:\/\/ls-decoration.com\/fr\/wp-json\/wp\/v2\/media\/97"}],"wp:attachment":[{"href":"https:\/\/ls-decoration.com\/fr\/wp-json\/wp\/v2\/media?parent=141"}],"wp:term":[{"taxonomy":"product_cat","embeddable":true,"href":"https:\/\/ls-decoration.com\/fr\/wp-json\/wp\/v2\/product_cat?post=141"},{"taxonomy":"product_tag","embeddable":true,"href":"https:\/\/ls-decoration.com\/fr\/wp-json\/wp\/v2\/product_tag?post=141"}],"curies":[{"name":"wp","href":"https:\/\/api.w.org\/{rel}","templated":true}]}}