{"id":144,"date":"2019-06-27T12:48:55","date_gmt":"2019-06-27T10:48:55","guid":{"rendered":"https:\/\/ls-decoration.com\/?post_type=product&#038;p=144"},"modified":"2023-03-04T06:26:12","modified_gmt":"2023-03-04T05:26:12","slug":"balance-figur-teddybaer-auf-ski","status":"publish","type":"product","link":"https:\/\/ls-decoration.com\/fr\/product\/balance-figur-teddybaer-auf-ski\/","title":{"rendered":"Figure d&#039;\u00e9quilibre nounours en ski"},"content":{"rendered":"","protected":false},"excerpt":{"rendered":"[fusion_youtube id=&quot;0AKOCV7RgRI&quot; alignement=&quot;&quot; largeur=&quot;&quot; hauteur=&quot;&quot; autoplay=&quot;false&quot; api_params=&quot;&amp;rel=0&quot; hide_on_mobile=&quot;petite-visibilit\u00e9, moyenne-visibilit\u00e9, grande-visibilit\u00e9&quot; class=&quot;&quot; css_id=&quot;&quot;][\/fusion_youtube]\n<p>&nbsp;<\/p>\n<p>Mod\u00e8le: OUBA001<\/p>\n<p>Hauteur: 50cm<\/p>\n<p>Mat\u00e9riau: fer polychrome<\/p>\n<p>Production: \u00e0 la main<\/p>\n<p>Description: Cette figurine d\u00e9corative repr\u00e9sente un ours en peluche sur des skis. Id\u00e9al comme d\u00e9coration pour une p\u00e9pini\u00e8re.<\/p>","protected":false},"featured_media":95,"template":"","meta":[],"product_cat":[16],"product_tag":[74,89,35],"class_list":["post-144","product","type-product","status-publish","has-post-thumbnail","hentry","product_cat-balancefiguren","product_tag-baer","product_tag-ski","product_tag-sport"],"_links":{"self":[{"href":"https:\/\/ls-decoration.com\/fr\/wp-json\/wp\/v2\/product\/144","targetHints":{"allow":["GET"]}}],"collection":[{"href":"https:\/\/ls-decoration.com\/fr\/wp-json\/wp\/v2\/product"}],"about":[{"href":"https:\/\/ls-decoration.com\/fr\/wp-json\/wp\/v2\/types\/product"}],"wp:featuredmedia":[{"embeddable":true,"href":"https:\/\/ls-decoration.com\/fr\/wp-json\/wp\/v2\/media\/95"}],"wp:attachment":[{"href":"https:\/\/ls-decoration.com\/fr\/wp-json\/wp\/v2\/media?parent=144"}],"wp:term":[{"taxonomy":"product_cat","embeddable":true,"href":"https:\/\/ls-decoration.com\/fr\/wp-json\/wp\/v2\/product_cat?post=144"},{"taxonomy":"product_tag","embeddable":true,"href":"https:\/\/ls-decoration.com\/fr\/wp-json\/wp\/v2\/product_tag?post=144"}],"curies":[{"name":"wp","href":"https:\/\/api.w.org\/{rel}","templated":true}]}}