{"id":148,"date":"2019-06-27T12:55:59","date_gmt":"2019-06-27T10:55:59","guid":{"rendered":"https:\/\/ls-decoration.com\/?post_type=product&#038;p=148"},"modified":"2023-03-04T06:26:11","modified_gmt":"2023-03-04T05:26:11","slug":"pendelfigur-kuh-mit-schwein-und-hahn","status":"publish","type":"product","link":"https:\/\/ls-decoration.com\/fr\/product\/pendelfigur-kuh-mit-schwein-und-hahn\/","title":{"rendered":"Pendule en forme de vache avec cochon et coq"},"content":{"rendered":"","protected":false},"excerpt":{"rendered":"[fusion_youtube id = &quot;q_NAcZehgvE&quot; alignement = &quot;&quot; width = &quot;&quot; height = &quot;&quot; autoplay = &quot;false&quot; api_params = &quot;&amp; rel = 0&quot; hide_on_mobile = &quot;small-visibility, medium-visibility, large-visibility&quot; class = &quot; &quot; css_id = &quot;&quot;] [\/ fusion_youtube]\n<p>&nbsp;<\/p>\n<p>Mod\u00e8le: BAAN001<\/p>\n<p>Hauteur: 35cm<\/p>\n<p>Mat\u00e9riau: fer polychrome<\/p>\n<p>Production: \u00e0 la main<\/p>\n<p>Description: Dans cette figurine d\u00e9corative, un cochon et un coq chevauchent une vache. Le cochon et le coq se d\u00e9placent d&#039;avant en arri\u00e8re lorsqu&#039;ils sont pouss\u00e9s du coude.<\/p>","protected":false},"featured_media":72,"template":"","meta":[],"product_cat":[16],"product_tag":[73,93,79,50,33],"class_list":["post-148","product","type-product","status-publish","has-post-thumbnail","hentry","product_cat-balancefiguren","product_tag-hahn","product_tag-kuh","product_tag-maerchenwelt","product_tag-schwein","product_tag-tiere"],"_links":{"self":[{"href":"https:\/\/ls-decoration.com\/fr\/wp-json\/wp\/v2\/product\/148","targetHints":{"allow":["GET"]}}],"collection":[{"href":"https:\/\/ls-decoration.com\/fr\/wp-json\/wp\/v2\/product"}],"about":[{"href":"https:\/\/ls-decoration.com\/fr\/wp-json\/wp\/v2\/types\/product"}],"wp:featuredmedia":[{"embeddable":true,"href":"https:\/\/ls-decoration.com\/fr\/wp-json\/wp\/v2\/media\/72"}],"wp:attachment":[{"href":"https:\/\/ls-decoration.com\/fr\/wp-json\/wp\/v2\/media?parent=148"}],"wp:term":[{"taxonomy":"product_cat","embeddable":true,"href":"https:\/\/ls-decoration.com\/fr\/wp-json\/wp\/v2\/product_cat?post=148"},{"taxonomy":"product_tag","embeddable":true,"href":"https:\/\/ls-decoration.com\/fr\/wp-json\/wp\/v2\/product_tag?post=148"}],"curies":[{"name":"wp","href":"https:\/\/api.w.org\/{rel}","templated":true}]}}