{"id":151,"date":"2019-06-27T13:05:41","date_gmt":"2019-06-27T11:05:41","guid":{"rendered":"https:\/\/ls-decoration.com\/?post_type=product&#038;p=151"},"modified":"2023-03-04T06:26:10","modified_gmt":"2023-03-04T05:26:10","slug":"balance-figur-sonne","status":"publish","type":"product","link":"https:\/\/ls-decoration.com\/fr\/product\/balance-figur-sonne\/","title":{"rendered":"Balance figure sun"},"content":{"rendered":"","protected":false},"excerpt":{"rendered":"[fusion_youtube id = &quot;g333MFg4nXs&quot; alignement = &quot;&quot; width = &quot;&quot; height = &quot;&quot; autoplay = &quot;false&quot; api_params = &quot;&amp; rel = 0&quot; hide_on_mobile = &quot;small-visibility, medium-visibility, large-visibility&quot; class = &quot; &quot; css_id = &quot;&quot;] [\/ fusion_youtube]\n<p>&nbsp;<\/p>\n<p>Mod\u00e8le: SOBA001<\/p>\n<p>Hauteur: 50cm<\/p>\n<p>Mat\u00e9riau: fer polychrome<\/p>\n<p>Production: \u00e0 la main<\/p>\n<p>Description: Cette figurine d\u00e9corative montre un soleil \u00e9clatant avec le visage. Lors des d\u00e9placements, les yeux bougent avec.<\/p>\n<p>Un joli cadeau pour chaque occasion.<\/p>\n<p>&nbsp;<\/p>","protected":false},"featured_media":89,"template":"","meta":[],"product_cat":[16],"product_tag":[119,96],"class_list":["post-151","product","type-product","status-publish","has-post-thumbnail","hentry","product_cat-balancefiguren","product_tag-klassiker","product_tag-sonne"],"_links":{"self":[{"href":"https:\/\/ls-decoration.com\/fr\/wp-json\/wp\/v2\/product\/151","targetHints":{"allow":["GET"]}}],"collection":[{"href":"https:\/\/ls-decoration.com\/fr\/wp-json\/wp\/v2\/product"}],"about":[{"href":"https:\/\/ls-decoration.com\/fr\/wp-json\/wp\/v2\/types\/product"}],"wp:featuredmedia":[{"embeddable":true,"href":"https:\/\/ls-decoration.com\/fr\/wp-json\/wp\/v2\/media\/89"}],"wp:attachment":[{"href":"https:\/\/ls-decoration.com\/fr\/wp-json\/wp\/v2\/media?parent=151"}],"wp:term":[{"taxonomy":"product_cat","embeddable":true,"href":"https:\/\/ls-decoration.com\/fr\/wp-json\/wp\/v2\/product_cat?post=151"},{"taxonomy":"product_tag","embeddable":true,"href":"https:\/\/ls-decoration.com\/fr\/wp-json\/wp\/v2\/product_tag?post=151"}],"curies":[{"name":"wp","href":"https:\/\/api.w.org\/{rel}","templated":true}]}}