{"id":152,"date":"2019-06-27T13:07:29","date_gmt":"2019-06-27T11:07:29","guid":{"rendered":"https:\/\/ls-decoration.com\/?post_type=product&#038;p=152"},"modified":"2023-03-04T06:26:10","modified_gmt":"2023-03-04T05:26:10","slug":"balance-figur-herz-mit-pfeil","status":"publish","type":"product","link":"https:\/\/ls-decoration.com\/fr\/product\/balance-figur-herz-mit-pfeil\/","title":{"rendered":"Balance chiffre coeur avec fl\u00e8che"},"content":{"rendered":"","protected":false},"excerpt":{"rendered":"[fusion_youtube id=&quot;_wsMdcM4XrQ&quot; alignement=&quot;&quot; largeur=&quot;&quot; hauteur=&quot;&quot; autoplay=&quot;false&quot; api_params=&quot;&amp;rel=0&quot; hide_on_mobile=&quot;petite-visibilit\u00e9, moyenne-visibilit\u00e9, grande-visibilit\u00e9&quot; class=&quot;&quot; css_id=&quot;&quot;][\/fusion_youtube]\n<p>&nbsp;<\/p>\n<p>Mod\u00e8le: COBA003<\/p>\n<p>Hauteur: 48 cm<\/p>\n<p>Mat\u00e9riau: fer polychrome<\/p>\n<p>Production: \u00e0 la main<\/p>\n<p>Description: Cette figurine d\u00e9corative repr\u00e9sente un c\u0153ur avec une fl\u00e8che.<\/p>\n<p>Id\u00e9al comme d\u00e9coration pour la chambre \u00e0 coucher et comme cadeau pour les amoureux le jour de la Saint-Valentin.<\/p>","protected":false},"featured_media":63,"template":"","meta":[],"product_cat":[16],"product_tag":[43,97,98],"class_list":["post-152","product","type-product","status-publish","has-post-thumbnail","hentry","product_cat-balancefiguren","product_tag-feste","product_tag-herz","product_tag-liebe"],"_links":{"self":[{"href":"https:\/\/ls-decoration.com\/fr\/wp-json\/wp\/v2\/product\/152","targetHints":{"allow":["GET"]}}],"collection":[{"href":"https:\/\/ls-decoration.com\/fr\/wp-json\/wp\/v2\/product"}],"about":[{"href":"https:\/\/ls-decoration.com\/fr\/wp-json\/wp\/v2\/types\/product"}],"wp:featuredmedia":[{"embeddable":true,"href":"https:\/\/ls-decoration.com\/fr\/wp-json\/wp\/v2\/media\/63"}],"wp:attachment":[{"href":"https:\/\/ls-decoration.com\/fr\/wp-json\/wp\/v2\/media?parent=152"}],"wp:term":[{"taxonomy":"product_cat","embeddable":true,"href":"https:\/\/ls-decoration.com\/fr\/wp-json\/wp\/v2\/product_cat?post=152"},{"taxonomy":"product_tag","embeddable":true,"href":"https:\/\/ls-decoration.com\/fr\/wp-json\/wp\/v2\/product_tag?post=152"}],"curies":[{"name":"wp","href":"https:\/\/api.w.org\/{rel}","templated":true}]}}