{"id":154,"date":"2019-06-27T13:13:29","date_gmt":"2019-06-27T11:13:29","guid":{"rendered":"https:\/\/ls-decoration.com\/?post_type=product&#038;p=154"},"modified":"2023-03-04T06:26:09","modified_gmt":"2023-03-04T05:26:09","slug":"balance-figur-zwei-lustige-schweine","status":"publish","type":"product","link":"https:\/\/ls-decoration.com\/fr\/product\/balance-figur-zwei-lustige-schweine\/","title":{"rendered":"Figure d&#039;\u00e9quilibre Deux cochons dr\u00f4les"},"content":{"rendered":"","protected":false},"excerpt":{"rendered":"[fusion_youtube id = &quot;Y2PxpK9PFS8&quot; alignement = &quot;&quot; width = &quot;&quot; height = &quot;&quot; autoplay = &quot;false&quot; api_params = &quot;&amp; rel = 0&quot; hide_on_mobile = &quot;small-visibility, medium-visibility, large-visibility&quot; class = &quot; &quot; css_id = &quot;&quot;] [\/ fusion_youtube]\n<p>&nbsp;<\/p>\n<p>Mod\u00e8le: COBA005<\/p>\n<p>Hauteur: 50cm<\/p>\n<p>Mat\u00e9riau: fer polychrome<\/p>\n<p>Production: \u00e0 la main<\/p>\n<p>Description: Dans cette figurine d\u00e9corative, deux cochons \u00e0 queue noire boivent du champagne. Id\u00e9al comme d\u00e9coration sur un bar.<\/p>","protected":false},"featured_media":101,"template":"","meta":[],"product_cat":[16],"product_tag":[100,43,50,99],"class_list":["post-154","product","type-product","status-publish","has-post-thumbnail","hentry","product_cat-balancefiguren","product_tag-champagner","product_tag-feste","product_tag-schwein","product_tag-sylvester"],"_links":{"self":[{"href":"https:\/\/ls-decoration.com\/fr\/wp-json\/wp\/v2\/product\/154","targetHints":{"allow":["GET"]}}],"collection":[{"href":"https:\/\/ls-decoration.com\/fr\/wp-json\/wp\/v2\/product"}],"about":[{"href":"https:\/\/ls-decoration.com\/fr\/wp-json\/wp\/v2\/types\/product"}],"wp:featuredmedia":[{"embeddable":true,"href":"https:\/\/ls-decoration.com\/fr\/wp-json\/wp\/v2\/media\/101"}],"wp:attachment":[{"href":"https:\/\/ls-decoration.com\/fr\/wp-json\/wp\/v2\/media?parent=154"}],"wp:term":[{"taxonomy":"product_cat","embeddable":true,"href":"https:\/\/ls-decoration.com\/fr\/wp-json\/wp\/v2\/product_cat?post=154"},{"taxonomy":"product_tag","embeddable":true,"href":"https:\/\/ls-decoration.com\/fr\/wp-json\/wp\/v2\/product_tag?post=154"}],"curies":[{"name":"wp","href":"https:\/\/api.w.org\/{rel}","templated":true}]}}