{"id":158,"date":"2019-06-27T13:24:34","date_gmt":"2019-06-27T11:24:34","guid":{"rendered":"https:\/\/ls-decoration.com\/?post_type=product&#038;p=158"},"modified":"2023-03-04T06:26:09","modified_gmt":"2023-03-04T05:26:09","slug":"balance-figur-delfine","status":"publish","type":"product","link":"https:\/\/ls-decoration.com\/fr\/product\/balance-figur-delfine\/","title":{"rendered":"Dauphins en \u00e9quilibre"},"content":{"rendered":"","protected":false},"excerpt":{"rendered":"[fusion_youtube id=&quot;Q-xzfE_G-r0&quot; alignement=&quot;&quot; largeur=&quot;&quot; hauteur=&quot;&quot; autoplay=&quot;false&quot; api_params=&quot;&amp;rel=0&quot; hide_on_mobile=&quot;petite-visibilit\u00e9, moyenne-visibilit\u00e9, grande-visibilit\u00e9&quot; class=&quot;&quot; css_id=&quot;&quot;][\/fusion_youtube]\n<p>&nbsp;<\/p>\n<p>Mod\u00e8le: DABA004<\/p>\n<p>Hauteur: 50cm<\/p>\n<p>Mat\u00e9riau: fer polychrome<\/p>\n<p>Production: \u00e0 la main<\/p>\n<p>Description: Cette figurine d\u00e9corative repr\u00e9sente deux dauphins en train de nager. Id\u00e9al comme d\u00e9coration pour une p\u00e9pini\u00e8re.<\/p>","protected":false},"featured_media":51,"template":"","meta":[],"product_cat":[16],"product_tag":[105,33],"class_list":["post-158","product","type-product","status-publish","has-post-thumbnail","hentry","product_cat-balancefiguren","product_tag-delfine","product_tag-tiere"],"_links":{"self":[{"href":"https:\/\/ls-decoration.com\/fr\/wp-json\/wp\/v2\/product\/158","targetHints":{"allow":["GET"]}}],"collection":[{"href":"https:\/\/ls-decoration.com\/fr\/wp-json\/wp\/v2\/product"}],"about":[{"href":"https:\/\/ls-decoration.com\/fr\/wp-json\/wp\/v2\/types\/product"}],"wp:featuredmedia":[{"embeddable":true,"href":"https:\/\/ls-decoration.com\/fr\/wp-json\/wp\/v2\/media\/51"}],"wp:attachment":[{"href":"https:\/\/ls-decoration.com\/fr\/wp-json\/wp\/v2\/media?parent=158"}],"wp:term":[{"taxonomy":"product_cat","embeddable":true,"href":"https:\/\/ls-decoration.com\/fr\/wp-json\/wp\/v2\/product_cat?post=158"},{"taxonomy":"product_tag","embeddable":true,"href":"https:\/\/ls-decoration.com\/fr\/wp-json\/wp\/v2\/product_tag?post=158"}],"curies":[{"name":"wp","href":"https:\/\/api.w.org\/{rel}","templated":true}]}}