{"id":161,"date":"2019-06-27T13:34:57","date_gmt":"2019-06-27T11:34:57","guid":{"rendered":"https:\/\/ls-decoration.com\/?post_type=product&#038;p=161"},"modified":"2023-03-04T06:26:08","modified_gmt":"2023-03-04T05:26:08","slug":"balance-figur-weihnachtsmann","status":"publish","type":"product","link":"https:\/\/ls-decoration.com\/fr\/product\/balance-figur-weihnachtsmann\/","title":{"rendered":"Solde P\u00e8re No\u00ebl"},"content":{"rendered":"","protected":false},"excerpt":{"rendered":"[fusion_youtube id = &quot;P-wNxJX-VY4&quot; alignement = &quot;&quot; width = &quot;&quot; height = &quot;&quot; autoplay = &quot;false&quot; api_params = &quot;&amp; rel = 0&quot; hide_on_mobile = &quot;petite-visibilit\u00e9, moyenne-visibilit\u00e9, grande-visibilit\u00e9 &quot; class = &quot;&quot; css_id = &quot;&quot;] [\/ fusion_youtube]\n<p>&nbsp;<\/p>\n<p>N \u00b0 de Mod\u00e8le: PETO001<\/p>\n<p>Hauteur: 38cm<\/p>\n<p>Mat\u00e9riau: fer polychrome<\/p>\n<p>Production: \u00e0 la main<\/p>\n<p>Description: Cette figurine d\u00e9corative repr\u00e9sente un petit p\u00e8re No\u00ebl en train de tourner en rond. Un cadeau d\u00e9coratif pour la saison de No\u00ebl.<\/p>","protected":false},"featured_media":96,"template":"","meta":[],"product_cat":[16],"product_tag":[43,42],"class_list":["post-161","product","type-product","status-publish","has-post-thumbnail","hentry","product_cat-balancefiguren","product_tag-feste","product_tag-weihnachten"],"_links":{"self":[{"href":"https:\/\/ls-decoration.com\/fr\/wp-json\/wp\/v2\/product\/161","targetHints":{"allow":["GET"]}}],"collection":[{"href":"https:\/\/ls-decoration.com\/fr\/wp-json\/wp\/v2\/product"}],"about":[{"href":"https:\/\/ls-decoration.com\/fr\/wp-json\/wp\/v2\/types\/product"}],"wp:featuredmedia":[{"embeddable":true,"href":"https:\/\/ls-decoration.com\/fr\/wp-json\/wp\/v2\/media\/96"}],"wp:attachment":[{"href":"https:\/\/ls-decoration.com\/fr\/wp-json\/wp\/v2\/media?parent=161"}],"wp:term":[{"taxonomy":"product_cat","embeddable":true,"href":"https:\/\/ls-decoration.com\/fr\/wp-json\/wp\/v2\/product_cat?post=161"},{"taxonomy":"product_tag","embeddable":true,"href":"https:\/\/ls-decoration.com\/fr\/wp-json\/wp\/v2\/product_tag?post=161"}],"curies":[{"name":"wp","href":"https:\/\/api.w.org\/{rel}","templated":true}]}}