{"id":162,"date":"2019-06-27T13:36:52","date_gmt":"2019-06-27T11:36:52","guid":{"rendered":"https:\/\/ls-decoration.com\/?post_type=product&#038;p=162"},"modified":"2023-03-04T06:26:08","modified_gmt":"2023-03-04T05:26:08","slug":"pendelfigur-clown-auf-stier","status":"publish","type":"product","link":"https:\/\/ls-decoration.com\/fr\/product\/pendelfigur-clown-auf-stier\/","title":{"rendered":"Tirer la figure clown sur taureau"},"content":{"rendered":"","protected":false},"excerpt":{"rendered":"[fusion_youtube id=&quot;LesTjcL-jrs&quot; alignement=&quot;&quot; largeur=&quot;&quot; hauteur=&quot;&quot; autoplay=&quot;false&quot; api_params=&quot;&amp;rel=0&quot; hide_on_mobile=&quot;petite-visibilit\u00e9,moyenne-visibilit\u00e9,grande-visibilit\u00e9&quot; class= &quot;&quot; css_id=&quot;&quot;][\/fusion_youtube]\n<p>&nbsp;<\/p>\n<p>Mod\u00e8le: CLTA001<\/p>\n<p>Hauteur: 30cm<\/p>\n<p>Longueur: 29cm<\/p>\n<p>Mat\u00e9riau: fer polychrome<\/p>\n<p>Production: \u00e0 la main<\/p>\n<p>Description: Cette figurine en fer forg\u00e9 chevauche un clown sur un taureau<\/p>","protected":false},"featured_media":46,"template":"","meta":[],"product_cat":[129],"product_tag":[94,79,107,121],"class_list":["post-162","product","type-product","status-publish","has-post-thumbnail","hentry","product_cat-ziehfigur","product_tag-clown","product_tag-maerchenwelt","product_tag-stier","product_tag-ziehfigur"],"_links":{"self":[{"href":"https:\/\/ls-decoration.com\/fr\/wp-json\/wp\/v2\/product\/162","targetHints":{"allow":["GET"]}}],"collection":[{"href":"https:\/\/ls-decoration.com\/fr\/wp-json\/wp\/v2\/product"}],"about":[{"href":"https:\/\/ls-decoration.com\/fr\/wp-json\/wp\/v2\/types\/product"}],"wp:featuredmedia":[{"embeddable":true,"href":"https:\/\/ls-decoration.com\/fr\/wp-json\/wp\/v2\/media\/46"}],"wp:attachment":[{"href":"https:\/\/ls-decoration.com\/fr\/wp-json\/wp\/v2\/media?parent=162"}],"wp:term":[{"taxonomy":"product_cat","embeddable":true,"href":"https:\/\/ls-decoration.com\/fr\/wp-json\/wp\/v2\/product_cat?post=162"},{"taxonomy":"product_tag","embeddable":true,"href":"https:\/\/ls-decoration.com\/fr\/wp-json\/wp\/v2\/product_tag?post=162"}],"curies":[{"name":"wp","href":"https:\/\/api.w.org\/{rel}","templated":true}]}}