{"id":163,"date":"2019-06-27T13:47:02","date_gmt":"2019-06-27T11:47:02","guid":{"rendered":"https:\/\/ls-decoration.com\/?post_type=product&#038;p=163"},"modified":"2023-03-04T06:26:07","modified_gmt":"2023-03-04T05:26:07","slug":"pendelfigur-knappe-des-koenigs","status":"publish","type":"product","link":"https:\/\/ls-decoration.com\/fr\/product\/pendelfigur-knappe-des-koenigs\/","title":{"rendered":"Pendule Figurine Knappe du roi"},"content":{"rendered":"","protected":false},"excerpt":{"rendered":"[fusion_youtube id=&quot;IbMyIFQXDns&quot; alignement=&quot;&quot; largeur=&quot;&quot; hauteur=&quot;&quot; autoplay=&quot;false&quot; api_params=&quot;&amp;rel=0&quot; hide_on_mobile=&quot;petite-visibilit\u00e9,moyenne-visibilit\u00e9,grande-visibilit\u00e9&quot; class=&quot;&quot; css_id=&quot;&quot;][\/fusion_youtube]\n<p>&nbsp;<\/p>\n<p>Mod\u00e8le: ECBA011<\/p>\n<p>Hauteur: 25m<\/p>\n<p>Longueur: 25cm<\/p>\n<p>Mat\u00e9riau: fer polychrome<\/p>\n<p>Production: \u00e0 la main<\/p>\n<p>Description: Ce chiffre repr\u00e9sente un \u00e9cuyer du roi, qui se d\u00e9place devant et derri\u00e8re lorsque vous le poussez.<\/p>","protected":false},"featured_media":67,"template":"","meta":[],"product_cat":[16],"product_tag":[58,37,108],"class_list":["post-163","product","type-product","status-publish","has-post-thumbnail","hentry","product_cat-balancefiguren","product_tag-alte-zeiten","product_tag-pferd","product_tag-reiter"],"_links":{"self":[{"href":"https:\/\/ls-decoration.com\/fr\/wp-json\/wp\/v2\/product\/163","targetHints":{"allow":["GET"]}}],"collection":[{"href":"https:\/\/ls-decoration.com\/fr\/wp-json\/wp\/v2\/product"}],"about":[{"href":"https:\/\/ls-decoration.com\/fr\/wp-json\/wp\/v2\/types\/product"}],"wp:featuredmedia":[{"embeddable":true,"href":"https:\/\/ls-decoration.com\/fr\/wp-json\/wp\/v2\/media\/67"}],"wp:attachment":[{"href":"https:\/\/ls-decoration.com\/fr\/wp-json\/wp\/v2\/media?parent=163"}],"wp:term":[{"taxonomy":"product_cat","embeddable":true,"href":"https:\/\/ls-decoration.com\/fr\/wp-json\/wp\/v2\/product_cat?post=163"},{"taxonomy":"product_tag","embeddable":true,"href":"https:\/\/ls-decoration.com\/fr\/wp-json\/wp\/v2\/product_tag?post=163"}],"curies":[{"name":"wp","href":"https:\/\/api.w.org\/{rel}","templated":true}]}}