{"id":166,"date":"2019-06-27T13:54:27","date_gmt":"2019-06-27T11:54:27","guid":{"rendered":"https:\/\/ls-decoration.com\/?post_type=product&#038;p=166"},"modified":"2023-03-04T06:25:27","modified_gmt":"2023-03-04T05:25:27","slug":"balance-figur-holzfaeller-kobold","status":"publish","type":"product","link":"https:\/\/ls-decoration.com\/fr\/product\/balance-figur-holzfaeller-kobold\/","title":{"rendered":"Figure de b\u00fbcheron - lutin"},"content":{"rendered":"","protected":false},"excerpt":{"rendered":"[fusion_youtube id=&quot;Ag9jBRvfWMI&quot; alignement=&quot;&quot; largeur=&quot;&quot; hauteur=&quot;&quot; autoplay=&quot;false&quot; api_params=&quot;&amp;rel=0&quot; hide_on_mobile=&quot;petite visibilit\u00e9, moyenne visibilit\u00e9, grande visibilit\u00e9&quot; class=&quot;&quot; css_id=&quot;&quot;][\/fusion_youtube]\n<p>&nbsp;<\/p>\n<p>Mod\u00e8le: LUCU001<\/p>\n<p>Hauteur: 35cm<\/p>\n<p>Mat\u00e9riau: fer polychrome<\/p>\n<p>Production: \u00e0 la main<\/p>\n<p>Description: Cette figurine d\u00e9corative repr\u00e9sente un lutin avec une scie. Un beau cadeau pour les amoureux de la nature.<\/p>","protected":false},"featured_media":64,"template":"","meta":[],"product_cat":[16],"product_tag":[52,67,77],"class_list":["post-166","product","type-product","status-publish","has-post-thumbnail","hentry","product_cat-balancefiguren","product_tag-berufe","product_tag-holzfaeller","product_tag-kobold"],"_links":{"self":[{"href":"https:\/\/ls-decoration.com\/fr\/wp-json\/wp\/v2\/product\/166","targetHints":{"allow":["GET"]}}],"collection":[{"href":"https:\/\/ls-decoration.com\/fr\/wp-json\/wp\/v2\/product"}],"about":[{"href":"https:\/\/ls-decoration.com\/fr\/wp-json\/wp\/v2\/types\/product"}],"wp:featuredmedia":[{"embeddable":true,"href":"https:\/\/ls-decoration.com\/fr\/wp-json\/wp\/v2\/media\/64"}],"wp:attachment":[{"href":"https:\/\/ls-decoration.com\/fr\/wp-json\/wp\/v2\/media?parent=166"}],"wp:term":[{"taxonomy":"product_cat","embeddable":true,"href":"https:\/\/ls-decoration.com\/fr\/wp-json\/wp\/v2\/product_cat?post=166"},{"taxonomy":"product_tag","embeddable":true,"href":"https:\/\/ls-decoration.com\/fr\/wp-json\/wp\/v2\/product_tag?post=166"}],"curies":[{"name":"wp","href":"https:\/\/api.w.org\/{rel}","templated":true}]}}