{"id":167,"date":"2019-06-27T13:57:11","date_gmt":"2019-06-27T11:57:11","guid":{"rendered":"https:\/\/ls-decoration.com\/?post_type=product&#038;p=167"},"modified":"2023-03-04T06:25:26","modified_gmt":"2023-03-04T05:25:26","slug":"balance-figur-engel-mit-herz","status":"publish","type":"product","link":"https:\/\/ls-decoration.com\/fr\/product\/balance-figur-engel-mit-herz\/","title":{"rendered":"Balance figure ange avec coeur"},"content":{"rendered":"","protected":false},"excerpt":{"rendered":"[fusion_youtube id=&quot;ALvUaaks8Oo&quot; alignement=&quot;&quot; largeur=&quot;&quot; hauteur=&quot;&quot; autoplay=&quot;false&quot; api_params=&quot;&amp;rel=0&quot; hide_on_mobile=&quot;petite-visibilit\u00e9, moyenne-visibilit\u00e9, grande-visibilit\u00e9&quot; class=&quot;&quot; css_id=&quot;&quot;][\/fusion_youtube]\n<p>&nbsp;<\/p>\n<p>Mod\u00e8le: COBA004<\/p>\n<p>Hauteur: 24cm<\/p>\n<p>Mat\u00e9riau: fer polychrome<\/p>\n<p>Production: \u00e0 la main<\/p>\n<p>Description: Cette figurine d\u00e9corative repr\u00e9sente un ange volant avec un c\u0153ur. Un cadeau de d\u00e9coration pour les amoureux, pour la Saint-Valentin ou pour le mariage.<\/p>","protected":false},"featured_media":56,"template":"","meta":[],"product_cat":[16],"product_tag":[48,43,97,98],"class_list":["post-167","product","type-product","status-publish","has-post-thumbnail","hentry","product_cat-balancefiguren","product_tag-engel","product_tag-feste","product_tag-herz","product_tag-liebe"],"_links":{"self":[{"href":"https:\/\/ls-decoration.com\/fr\/wp-json\/wp\/v2\/product\/167","targetHints":{"allow":["GET"]}}],"collection":[{"href":"https:\/\/ls-decoration.com\/fr\/wp-json\/wp\/v2\/product"}],"about":[{"href":"https:\/\/ls-decoration.com\/fr\/wp-json\/wp\/v2\/types\/product"}],"wp:featuredmedia":[{"embeddable":true,"href":"https:\/\/ls-decoration.com\/fr\/wp-json\/wp\/v2\/media\/56"}],"wp:attachment":[{"href":"https:\/\/ls-decoration.com\/fr\/wp-json\/wp\/v2\/media?parent=167"}],"wp:term":[{"taxonomy":"product_cat","embeddable":true,"href":"https:\/\/ls-decoration.com\/fr\/wp-json\/wp\/v2\/product_cat?post=167"},{"taxonomy":"product_tag","embeddable":true,"href":"https:\/\/ls-decoration.com\/fr\/wp-json\/wp\/v2\/product_tag?post=167"}],"curies":[{"name":"wp","href":"https:\/\/api.w.org\/{rel}","templated":true}]}}