{"id":169,"date":"2019-06-27T13:59:15","date_gmt":"2019-06-27T11:59:15","guid":{"rendered":"https:\/\/ls-decoration.com\/?post_type=product&#038;p=169"},"modified":"2023-03-04T06:25:26","modified_gmt":"2023-03-04T05:25:26","slug":"balancefigur-kuh","status":"publish","type":"product","link":"https:\/\/ls-decoration.com\/fr\/product\/balancefigur-kuh\/","title":{"rendered":"Balance chiffre vache"},"content":{"rendered":"","protected":false},"excerpt":{"rendered":"[fusion_youtube id=&quot;7CgGmAFOIl8&quot; alignement=&quot;&quot; largeur=&quot;&quot; hauteur=&quot;&quot; autoplay=&quot;false&quot; api_params=&quot;&amp;rel=0&quot; hide_on_mobile=&quot;petite-visibilit\u00e9, moyenne-visibilit\u00e9, grande-visibilit\u00e9&quot; class=&quot;&quot; css_id=&quot;&quot;][\/fusion_youtube]\n<p>&nbsp;<\/p>\n<p>Mod\u00e8le: VABA001<\/p>\n<p>Hauteur: 26cm<\/p>\n<p>Mat\u00e9riau: fer polychrome<\/p>\n<p>Production: \u00e0 la main<\/p>\n<p>Description: Solde avec une vache vacillante<\/p>","protected":false},"featured_media":71,"template":"","meta":[],"product_cat":[16],"product_tag":[93,33],"class_list":["post-169","product","type-product","status-publish","has-post-thumbnail","hentry","product_cat-balancefiguren","product_tag-kuh","product_tag-tiere"],"_links":{"self":[{"href":"https:\/\/ls-decoration.com\/fr\/wp-json\/wp\/v2\/product\/169","targetHints":{"allow":["GET"]}}],"collection":[{"href":"https:\/\/ls-decoration.com\/fr\/wp-json\/wp\/v2\/product"}],"about":[{"href":"https:\/\/ls-decoration.com\/fr\/wp-json\/wp\/v2\/types\/product"}],"wp:featuredmedia":[{"embeddable":true,"href":"https:\/\/ls-decoration.com\/fr\/wp-json\/wp\/v2\/media\/71"}],"wp:attachment":[{"href":"https:\/\/ls-decoration.com\/fr\/wp-json\/wp\/v2\/media?parent=169"}],"wp:term":[{"taxonomy":"product_cat","embeddable":true,"href":"https:\/\/ls-decoration.com\/fr\/wp-json\/wp\/v2\/product_cat?post=169"},{"taxonomy":"product_tag","embeddable":true,"href":"https:\/\/ls-decoration.com\/fr\/wp-json\/wp\/v2\/product_tag?post=169"}],"curies":[{"name":"wp","href":"https:\/\/api.w.org\/{rel}","templated":true}]}}