{"id":195,"date":"2019-06-28T15:26:47","date_gmt":"2019-06-28T13:26:47","guid":{"rendered":"https:\/\/ls-decoration.com\/?post_type=product&#038;p=195"},"modified":"2023-03-04T06:25:26","modified_gmt":"2023-03-04T05:25:26","slug":"balance-figur-zwerg-mit-pfeife","status":"publish","type":"product","link":"https:\/\/ls-decoration.com\/fr\/product\/balance-figur-zwerg-mit-pfeife\/","title":{"rendered":"Figure d&#039;\u00e9quilibre nain avec un tuyau"},"content":{"rendered":"","protected":false},"excerpt":{"rendered":"<p>Mod\u00e8le: FUPI001<\/p>\n<p>Hauteur: 25cm<\/p>\n<p>Mat\u00e9riau: fer polychrome<\/p>\n<p>Production: \u00e0 la main<\/p>\n<p>Description: Cette figurine d\u00e9corative repr\u00e9sente un homme assis fumant une pipe avec plaisir. Id\u00e9al comme d\u00e9coration pour une salle de chemin\u00e9e.<\/p>","protected":false},"featured_media":196,"template":"","meta":[],"product_cat":[16],"product_tag":[77,79,113],"class_list":["post-195","product","type-product","status-publish","has-post-thumbnail","hentry","product_cat-balancefiguren","product_tag-kobold","product_tag-maerchenwelt","product_tag-pfeife"],"_links":{"self":[{"href":"https:\/\/ls-decoration.com\/fr\/wp-json\/wp\/v2\/product\/195","targetHints":{"allow":["GET"]}}],"collection":[{"href":"https:\/\/ls-decoration.com\/fr\/wp-json\/wp\/v2\/product"}],"about":[{"href":"https:\/\/ls-decoration.com\/fr\/wp-json\/wp\/v2\/types\/product"}],"wp:featuredmedia":[{"embeddable":true,"href":"https:\/\/ls-decoration.com\/fr\/wp-json\/wp\/v2\/media\/196"}],"wp:attachment":[{"href":"https:\/\/ls-decoration.com\/fr\/wp-json\/wp\/v2\/media?parent=195"}],"wp:term":[{"taxonomy":"product_cat","embeddable":true,"href":"https:\/\/ls-decoration.com\/fr\/wp-json\/wp\/v2\/product_cat?post=195"},{"taxonomy":"product_tag","embeddable":true,"href":"https:\/\/ls-decoration.com\/fr\/wp-json\/wp\/v2\/product_tag?post=195"}],"curies":[{"name":"wp","href":"https:\/\/api.w.org\/{rel}","templated":true}]}}