{"id":16,"date":"2019-06-25T08:03:05","date_gmt":"2019-06-25T07:03:05","guid":{"rendered":"https:\/\/ls-decoration.com\/imprint\/"},"modified":"2024-01-23T16:21:44","modified_gmt":"2024-01-23T15:21:44","slug":"impressum","status":"publish","type":"page","link":"https:\/\/ls-decoration.com\/hu\/impressum\/","title":{"rendered":"Impresszum"},"content":{"rendered":"<p>Karl Leuthenmayr<br \/>\n8 rue Jean Cottin<br \/>\n75018 P\u00e1rizs<br \/>\nFranciaorsz\u00e1g<\/p>\n<p class=\"fusion-responsive-typography-calculated\" data-fontsize=\"34\" data-lineheight=\"47.6px\"><strong>Kapcsolatba l\u00e9pni:<\/strong><\/p>\n<p>Mobil: +49 (0)172 824 72 63<br \/>\n<a title=\"Karl Leuthenmayr levele Vari\u00e1nak\" href=\"mailto: varia@varia-int.com\">Varia@varia-int.com<\/a><\/p>\n<p>&nbsp;<\/p>\n<p>\u201eAz EU Bizotts\u00e1g online vitarendez\u00e9si platformja:\u00a0<a href=\"http:\/\/www.ec.europa.eu\/consumers\/odr\">www.ec.europa.eu\/consumers\/odr<\/a>\u201d<\/p>","protected":false},"excerpt":{"rendered":"<p>Karl Leuthenmayr 8 rue Jean Cottin 75018 P\u00e1rizs Franciaorsz\u00e1g Kapcsolatfelv\u00e9tel: [\u2026]<\/p>","protected":false},"author":1,"featured_media":0,"parent":0,"menu_order":0,"comment_status":"closed","ping_status":"closed","template":"","meta":{"footnotes":""},"class_list":["post-16","page","type-page","status-publish","hentry"],"_links":{"self":[{"href":"https:\/\/ls-decoration.com\/hu\/wp-json\/wp\/v2\/pages\/16","targetHints":{"allow":["GET"]}}],"collection":[{"href":"https:\/\/ls-decoration.com\/hu\/wp-json\/wp\/v2\/pages"}],"about":[{"href":"https:\/\/ls-decoration.com\/hu\/wp-json\/wp\/v2\/types\/page"}],"author":[{"embeddable":true,"href":"https:\/\/ls-decoration.com\/hu\/wp-json\/wp\/v2\/users\/1"}],"replies":[{"embeddable":true,"href":"https:\/\/ls-decoration.com\/hu\/wp-json\/wp\/v2\/comments?post=16"}],"version-history":[{"count":0,"href":"https:\/\/ls-decoration.com\/hu\/wp-json\/wp\/v2\/pages\/16\/revisions"}],"wp:attachment":[{"href":"https:\/\/ls-decoration.com\/hu\/wp-json\/wp\/v2\/media?parent=16"}],"curies":[{"name":"wp","href":"https:\/\/api.w.org\/{rel}","templated":true}]}}