{"id":17,"date":"2019-06-25T08:03:05","date_gmt":"2019-06-25T07:03:05","guid":{"rendered":"https:\/\/ls-decoration.com\/terms\/"},"modified":"2019-07-03T12:40:35","modified_gmt":"2019-07-03T10:40:35","slug":"agb","status":"publish","type":"page","link":"https:\/\/ls-decoration.com\/hu\/agb\/","title":{"rendered":"\u00c1SZF"},"content":{"rendered":"<h2>Tartalomjegyz\u00e9k<\/h2>\n<ul>\n<li>1. \u00c9rv\u00e9nyess\u00e9g<\/li>\n<li>2. Szerz\u0151d\u00e9sk\u00f6t\u00e9s<\/li>\n<li>3. El\u00e1ll\u00e1si jog<\/li>\n<li>4. \u00c1rak \u00e9s fizet\u00e9si felt\u00e9telek<\/li>\n<li>5. Sz\u00e1ll\u00edt\u00e1si \u00e9s post\u00e1z\u00e1si felt\u00e9telek<\/li>\n<li>6. Tulajdonjog fenntart\u00e1sa<\/li>\n<li>7. Hi\u00e1nyos (hib\u00e1s) teljes\u00edt\u00e9s<\/li>\n<li>8. Szavatoss\u00e1g<\/li>\n<li>9. Alkalmazott jog<\/li>\n<li>10. B\u00edr\u00f3s\u00e1g<\/li>\n<li>11. Online vitarendez\u00e9s inform\u00e1ci\u00f3k<\/li>\n<li>El\u00e1ll\u00e1s jog gyakorl\u00e1sa \u00e9s nyomtatv\u00e1nya<\/li>\n<\/ul>\n<h2>1) \u00c9rv\u00e9nyess\u00e9g<\/h2>\n<p><b>1.1<\/b> Ez az LS Decoration, Karl Leuthenmayr (tov\u00e1bbiakban Elad\u00f3) \u00c1ltal\u00e1nos Szerz\u0151d\u00e9si Felt\u00e9telei (tov\u00e1bbiakban \u00c1SZF), amely minden szerz\u0151d\u00e9sre \u00e9rv\u00e9nyes, amelyet egy Fogyaszt\u00f3 vagy V\u00e1llalkoz\u00f3 (tov\u00e1bbiakban Vev\u0151) az Elad\u00f3val annak Online Shopj\u00e1ban megtal\u00e1lhat\u00f3 \u00e1rukra \u00e9s\/vagy szolg\u00e1ltat\u00e1sokra vonatkoz\u00f3an megk\u00f6tnek. Egy\u00fattal tiltja a Vev\u0151 saj\u00e1t felt\u00e9teleinek besz\u00e1m\u00edt\u00e1s\u00e1t, hacsak nem m\u00e1sk\u00e9ppen \u00e1llapodnak meg.<\/p>\n<p><b>1.2<\/b> A Fogyaszt\u00f3 jelen \u00c1SZF \u00e9rtelm\u00e9ben minden term\u00e9szetes szem\u00e9ly, aki jog\u00fcgyletet c\u00e9llal k\u00f6t meg, amely nem min\u0151s\u00fcl  t\u00falnyom\u00f3r\u00e9szt sem kereskedelmi sem \u00f6n\u00e1ll\u00f3 szakmai foglalkoz\u00e1snak. V\u00e1llalkoz\u00f3 jelen \u00c1SZF \u00e9rtelm\u00e9ben egy term\u00e9szetes vagy jogi szem\u00e9ly, vagy egy jogk\u00e9pes Szem\u00e9lyegyes\u00edt\u0151 T\u00e1rsas\u00e1g, aki egy jog\u00fcgylet k\u00f6t\u00e9s\u00e9re kereskedelmi vagy \u00f6n\u00e1ll\u00f3 tev\u00e9kenys\u00e9g v\u00e9gz\u00e9s\u00e9re k\u00e9pes.<\/p>\n<h2>2) Szerz\u0151d\u00e9sk\u00f6t\u00e9s<\/h2>\n<p><b>2.1<\/b> Elad\u00f3 Online Shopj\u00e1ban l\u00e9v\u0151 term\u00e9kle\u00edr\u00e1sok nem jelentenek k\u00f6telez\u0151 \u00e9rv\u00e9ny\u0171 aj\u00e1nlatot Elad\u00f3 oldal\u00e1r\u00f3l, hanem a Vev\u0151 \u00e1ltali k\u00f6telez\u0151en leadott v\u00e9teli aj\u00e1nlatnak min\u0151s\u00fcl.<\/p>\n<p><b>2.2<\/b> A Vev\u0151 megrendel\u00e9s\u00e9t az Online Shopban tal\u00e1lhat\u00f3 megrendel\u00e9si nyomtatv\u00e1nnyal tudja leadni. Ehhez a Vev\u0151nek, miut\u00e1n a kiv\u00e1lasztott \u00e1rut \u00e9s\/vagy szolg\u00e1ltat\u00e1st a virtu\u00e1lis kos\u00e1rba helyezte \u00e9s az elektronikus megrendel\u00e9s folyamat\u00e1t lefuttatta, a megrendel\u00e9si folyamat v\u00e9g\u00e9n megjelen\u0151 gombra klikkelve egy jogilag k\u00f6telez\u0151 szerz\u0151d\u00e9si aj\u00e1nlatot hoz l\u00e9tre a kos\u00e1rba helyezett \u00e1rukra \u00e9s\/vagy szolg\u00e1ltat\u00e1sokra. A k\u00e9s\u0151bbiekben a Vev\u0151 a v\u00e9teli aj\u00e1nlatot e-mailben is leadhatja az Elad\u00f3nak.<\/p>\n<p><b>2.3<\/b> Az Elad\u00f3 a Vev\u0151 v\u00e9teli aj\u00e1nlat\u00e1t 5 napon bel\u00fcl fogadja el:<\/p>\n<ul>\n<li>amelyben a Vev\u0151 r\u00e9sz\u00e9re \u00edr\u00e1sban vagy sz\u00f6veg form\u00e1tumban (Fax vagy e-mail) visszaigazolja, amennyiben a visszaigazol\u00e1s Vev\u0151h\u00f6z val\u00f3 meg\u00e9rkez\u00e9se az ir\u00e1nyad\u00f3, vagy<\/li>\n<li>amelyben a Vev\u0151knek a megrendelt \u00e1rut sz\u00e1ll\u00edtja, amennyiben Vev\u0151h\u00f6z az \u00e1ruval t\u00f6rt\u00e9n\u0151 bejut\u00e1s megoldhat\u00f3, vagy<\/li>\n<li>amelyben a megrendel\u00e9s lead\u00e1sa ut\u00e1n a Vev\u0151 fel\u00e9 fizet\u00e9si k\u00f6vetel\u00e9st t\u00e1maszt.<\/li>\n<\/ul>\n<p>Ha a fenti lehet\u0151s\u00e9gek k\u00f6z\u00fcl t\u00f6bb is el\u0151fordul, a szerz\u0151d\u00e9s abban az id\u0151pontban j\u00f6n l\u00e9tre, amikor a kor\u00e1bban eml\u00edtett lehet\u0151s\u00e9gek k\u00f6z\u00fcl az els\u0151 realiz\u00e1l\u00f3dik.<\/p>\n<p><b>2.4<\/b> Amennyiben a Vev\u0151 az Online megrendel\u00e9s folyamat\u00e1n\u00e1l fizet\u00e9si m\u00f3dk\u00e9nt Pay Pal Express-t v\u00e1lasztott, a megrendel\u00e9st lez\u00e1r\u00f3 gombra kattintva azonnal tov\u00e1bb\u00edt egy fizet\u00e9si ig\u00e9nyt a szolg\u00e1ltat\u00f3j\u00e1nak. Erre az esetre az Elad\u00f3ra a 2.3. pontban felsoroltak k\u00f6z\u00fcl az vonatkozik, hogy a Vev\u0151 v\u00e9teli aj\u00e1nlat\u00e1nak elfogad\u00e1sa abban az id\u0151pontban t\u00f6rt\u00e9nik, amikor a Vev\u0151 a megrendel\u00e9si folyamatot lez\u00e1r\u00f3 gombra kattintva elind\u00edtja a fizet\u00e9st.<\/p>\n<p><b>2.5<\/b> A v\u00e9teli aj\u00e1nlat elfogad\u00e1s\u00e1nak hat\u00e1rideje a v\u00e9teli aj\u00e1nlat Vev\u0151 \u00e1ltali megk\u00fcld\u00e9s\u00e9nek napj\u00e1n kezd\u0151dik \u00e9s az 5 nap eltelt\u00e9vel v\u00e9gz\u0151dik, melyen a v\u00e9teli aj\u00e1nlatot teljes\u00edt\u00e9s\u00e9t meg kell kezdeni.<\/p>\n<p><b>2.6<\/b> Az Elad\u00f3 Online megrendel\u00e9si nyomtatv\u00e1ny\u00e1nak elk\u00fcld\u00e9sekor az \u00e9rt\u00e9kes\u00edt\u00e9si szerz\u0151d\u00e9s sz\u00f6veg\u00e9t elmentik \u00e9s a Vev\u0151nek megrendel\u00e9s\u00e9nek teljes\u00edt\u00e9s\u00e9t k\u00f6vet\u0151en az \u00c1SZF mellett sz\u00f6veges form\u00e1tumban (pl. e-mail, fax vagy lev\u00e9l) elk\u00fcldik. A szerz\u0151d\u00e9s sz\u00f6veg\u00e9t az  Elad\u00f3 internetes oldal\u00e1n archiv\u00e1lj\u00e1k \u00e9s a Vev\u0151 a jelsz\u00f3val v\u00e9dett Vev\u0151sz\u00e1ml\u00e1j\u00e1r\u00f3l a megfelel\u0151 bel\u00e9p\u00e9si adatok megad\u00e1s\u00e1t k\u00f6vet\u0151en b\u00e9rmentesen leh\u00edvhatja, amennyiben a Vev\u0151 megrendel\u00e9s\u00e9nek elk\u00fcld\u00e9se el\u0151tt Elad\u00f3 Online Shopj\u00e1ban Vev\u0151sz\u00e1ml\u00e1t nyitott.<\/p>\n<p><b>2.7<\/b> Az Elad\u00f3 Online megrendel\u0151nyomtatv\u00e1ny\u00e1val t\u00f6rt\u00e9n\u0151  megrendel\u00e9s k\u00f6telez\u0151 \u00e9rv\u00e9ny\u0171 lead\u00e1sa el\u0151tt a Vev\u0151 adatait a szok\u00e1sos billenty\u0171zet \u00e9s eg\u00e9rfunkci\u00f3kkal tudja m\u00f3dos\u00edtani. Ebb\u0151l kifoly\u00f3lag a megrendel\u00e9s k\u00f6telez\u0151 lead\u00e1sa el\u0151tt egy visszaigazol\u00f3 ablak jelenik meg, ahol a szok\u00e1sos billenty\u0171zet \u00e9s eg\u00e9rfunkci\u00f3kkal szint\u00e9n m\u00f3dos\u00edtani tudja az adatokat.<\/p>\n<p><b>2.8<\/b> A szerz\u0151d\u00e9sk\u00f6t\u00e9shez kiz\u00e1r\u00f3lag a n\u00e9met nyelv \u00e1ll rendelkez\u00e9sre.<\/p>\n<p><b>2.9<\/b> A megrendel\u00e9s folyamata \u00e9s a kapcsolatfelv\u00e9tel az e-mail \u00e9s az automatikus megrendel\u00e9s folyamat\u00e1nak szab\u00e1lyain\u00e1l tal\u00e1lhat\u00f3. A Vev\u0151 biztos\u00edtja, hogy a megrendel\u00e9s folyamata sor\u00e1n megadott e-mail c\u00edm val\u00f3di, \u00e9s Elad\u00f3t\u00f3l az ezen e-mail c\u00edmre \u00e9rkez\u0151 e-mail-eket fogadni tudja. Ide \u00e9rtend\u0151 a Vev\u0151 \u00e1ltal a Spam sz\u0171r\u0151k b\u00e1ll\u00edt\u00e1sa oly m\u00f3don, hogy az Elad\u00f3t\u00f3l vagy ezen megrendel\u00e9s teljes\u00edt\u00e9s\u00e9vel megb\u00edzott harmadik szem\u00e9lyt\u0151l az erre az e-mail c\u00edmre \u00e9rkez\u0151 \u00f6sszes e-mailt fogadni tudja.<\/p>\n<p><b>2.10<\/b> Alkoholtartalm\u00fa italok megrendel\u00e9s\u00e9n\u00e9l Vev\u0151 a megrendel\u00e9s megk\u00fcld\u00e9s\u00e9vel igazolja, hogy a t\u00f6rv\u00e9nyben el\u0151\u00edrt minim\u00e1lis \u00e9letkort el\u00e9rte \u00e9s k\u00f6telezi mag\u00e1t arra, hogy szem\u00e9lyesen vagy egy nagykor\u00fa meghatalmazott \u00e1ltal gondoskodik az \u00e1ru \u00e1tv\u00e9tel\u00e9r\u0151l.<\/p>\n<h2>3) El\u00e1ll\u00e1si jog<\/h2>\n<p><b>3.1<\/b> A Fogyaszt\u00f3knak alapj\u00e1ban v\u00e9ve joguk van az el\u00e1ll\u00e1shoz.<\/p>\n<p><b>3.2<\/b> Tov\u00e1bbi inform\u00e1ci\u00f3t az el\u00e1ll\u00e1si jogr\u00f3l az Elad\u00f3 El\u00e1ll\u00e1si gyakorlat\u00e1b\u00f3l kaphat.<\/p>\n<p><b>3.3<\/b> Az el\u00e1ll\u00e1s joga nem illeti meg azon fogyaszt\u00f3kat, akik a szerz\u0151d\u00e9sk\u00f6t\u00e9s id\u0151pontj\u00e1ban nem az Eur\u00f3pai Uni\u00f3 \u00e1lampolg\u00e1rai, \u00e9s \u00e1lland\u00f3 lak\u00f3helye \u00e9s a sz\u00e1ll\u00edt\u00e1s c\u00edme a szerz\u0151d\u00e9sk\u00f6t\u00e9s id\u0151pontj\u00e1ban az Eur\u00f3pai Uni\u00f3n k\u00edv\u00fcl van.<\/p>\n<h2>4) \u00c1rak \u00e9s fizet\u00e9si felt\u00e9telek<\/h2>\n<p><b>4.1<\/b> Amennyiben az Elad\u00f3 term\u00e9kle\u00edr\u00e1s\u00e1b\u00f3l m\u00e1s nem k\u00f6vetkezik, a megadott \u00e1rakr\u00f3l \u00e9s a teljes \u00e1rakr\u00f3l van sz\u00f3, melyek a t\u00f6rv\u00e9ny \u00e1ltal el\u0151\u00edrt \u00c1FA-t tartalmazz\u00e1k. Adott esetben plusszban felmer\u00fcl\u0151 sz\u00e1ll\u00edt\u00e1si \u00e9s csomagol\u00e1si k\u00f6lts\u00e9g a mindenkori term\u00e9kle\u00edr\u00e1sban k\u00fcl\u00f6n meg van adva.<\/p>\n<p><b>4.2<\/b> Az Eur\u00f3pai Uni\u00f3n k\u00edv\u00fcli orsz\u00e1gokba t\u00f6rt\u00e9n\u0151 sz\u00e1ll\u00edt\u00e1sn\u00e1l egyes esetekben tov\u00e1bbi k\u00f6lts\u00e9gek mer\u00fclhetnek fel, amit az Elad\u00f3 nem t\u00fcntet fel \u00e9s k\u00f6lts\u00e9gei a Vev\u0151t terhelik. Ide tartozik p\u00e9ld\u00e1ul a hitelint\u00e9zeten kereszt\u00fcl k\u00fcld\u00f6tt p\u00e9nz (pl. \u00e1tutal\u00e1s d\u00edja, v\u00e1lt\u00e1s d\u00edja) vagy az import ut\u00e1n fizetend\u0151 illet\u00e9kek ill. ad\u00f3k (pl. v\u00e1m). Az ilyen jelleg\u0171 k\u00f6lts\u00e9gek a p\u00e9nz tov\u00e1bb\u00edt\u00e1s\u00e1ra vonatkoz\u00f3an akkor is el\u0151fordulhatnak, ha a sz\u00e1ll\u00edt\u00e1s nem az Eur\u00f3pai Uni\u00f3 ter\u00fclet\u00e9n k\u00edv\u00fclre t\u00f6rt\u00e9nik, de a Vev\u0151 a fizet\u00e9st egy Eur\u00f3pai Uni\u00f3n k\u00edv\u00fcli orsz\u00e1gb\u00f3l ind\u00edtja.<\/p>\n<p><b>4.3<\/b> A Vev\u0151nek k\u00fcl\u00f6nf\u00e9le fizet\u00e9si lehet\u0151s\u00e9gek \u00e1llnak a rendelkez\u00e9s\u00e9re, melyek az Elad\u00f3 Online Shopj\u00e1ban fel vannak sorolva.<\/p>\n<p><b>4.4<\/b> Ha el\u0151re fizet\u00e9sben \u00e1llapodnak meg, akkor a kiegyenl\u00edt\u00e9s szerz\u0151d\u00e9sk\u00f6t\u00e9st k\u00f6vet\u0151en azonnal esed\u00e9kes.<\/p>\n<p><b>4.5<\/b> A PayPal \u00e1ltal k\u00edn\u00e1lt fizet\u00e9si m\u00f3d \u00e1ltali kiegyenl\u00edt\u00e9sn\u00e9l a kifizet\u00e9s a PayPal (Europe) S.\u00e0 r.l. et Cie, S.C.A., 22-24 Boulevard Royal, L-2449 Luxembourg (im Folgenden: \u201ePayPal\u201c), melyre a PayPal-Felhaszn\u00e1l\u00e1si felt\u00e9telei \u00e9rv\u00e9nyesek, mely megtekinthet\u0151 a https:\/\/www.paypal.com\/de\/webapps\/mpp\/ua\/useragreement-full linken vagy  \u2013  amennyiben a Vev\u0151 nem rendelkezik Pay Pal sz\u00e1ml\u00e1val \u2013 PayPal-sz\u00e1mla n\u00e9lk\u00fcli fizet\u00e9si felt\u00e9telek vannak \u00e9rv\u00e9nyben, megtekinthet\u0151 a https:\/\/www.paypal.com\/de\/webapps\/mpp\/ua\/privacywax-full linken.<\/p>\n<h2>5) Sz\u00e1ll\u00edt\u00e1si \u00e9s csomagol\u00e1si felt\u00e9telek<\/h2>\n<p><b>5.1<\/b> Az \u00e1rusz\u00e1ll\u00edt\u00e1s a Vev\u0151 \u00e1ltal megadott sz\u00e1ll\u00edt\u00e1si c\u00edmre t\u00f6rt\u00e9nik, amennyiben nem j\u00f6tt l\u00e9tre m\u00e1s egyezs\u00e9g. A tranzakci\u00f3 lebonyol\u00edt\u00e1sa sor\u00e1n a megrendel\u00e9skor a Vev\u0151 \u00e1ltal megadott sz\u00e1ll\u00edt\u00e1si c\u00edm az ir\u00e1nyad\u00f3.<\/p>\n<p><b>5.2<\/b> Amennyiben a sz\u00e1ll\u00edt\u00f3 c\u00e9g a feladott \u00e1rut Elad\u00f3nak visszasz\u00e1ll\u00edtja, mivel a Vev\u0151nek t\u00f6rt\u00e9n\u0151 kisz\u00e1ll\u00edt\u00e1s nem volt lehets\u00e9ges, akkor a Vev\u0151 viseli a sikeretelen kisz\u00e1ll\u00edt\u00e1s k\u00f6lts\u00e9geit. Ez nem \u00e9rv\u00e9nyes, ha a Vev\u0151 az el\u00e1ll\u00e1si jog\u00e1t hat\u00e9konyan alkalmazta, ha a kisz\u00e1ll\u00edt\u00e1s sikertelens\u00e9g\u00e9t okoz\u00f3 k\u00f6r\u00fclm\u00e9nyekr\u0151l nem tehet, vagy ha \u00e1tmenetileg akad\u00e1lyoztatva volt az aj\u00e1nlatban szerepl\u0151 teljes\u00edt\u00e9s \u00e1tv\u00e9tel\u00e9ben, kiv\u00e9ve, ha az Elad\u00f3 a bel\u00e1that\u00f3 id\u0151n bel\u00fcl felmondta a teljes\u00edt\u00e9st.<\/p>\n<p><b>5.3<\/b> Ha a Vev\u0151 V\u00e1llalkoz\u00f3k\u00e9nt tev\u00e9kenykedik, akkor az \u00e1ru v\u00e9letlen s\u00e9r\u00fcl\u00e9s\u00e9nek \u00e9s v\u00e9letlen \u00e1llapotroml\u00e1s\u00e1nak a vesz\u00e9lye \u00e1tsz\u00e1ll a Vev\u0151re, mihelyt az elad\u00f3 a term\u00e9ket a spedit\u0151rnek, sz\u00e1ll\u00edtm\u00e1nyoz\u00e1st v\u00e9gz\u0151 sof\u0151rnek, vagy a kisz\u00e1ll\u00edt\u00e1st v\u00e9gz\u0151 szem\u00e9lynek vagy int\u00e9zm\u00e9nynek \u00e1tadta. Ha a Vev\u0151 egyben a Fogyaszt\u00f3 is, akkor a v\u00e9letlen \u00e1llapotroml\u00e1s \u00e9s v\u00e9letlen s\u00e9r\u00fcl\u00e9s\u00e9nek vesz\u00e9lye alapesetben az \u00e1ru Vev\u0151 vagy m\u00e1s \u00e1tv\u00e9telre jogosult szem\u00e9ly r\u00e9sz\u00e9re t\u00f6rt\u00e9n\u0151 \u00e1tad\u00e1sakor  sz\u00e1ll \u00e1t a Vev\u0151re. Ett\u0151l elt\u00e9r\u0151en a v\u00e9letlen \u00e1llapotroml\u00e1s \u00e9s a v\u00e9letlen s\u00e9r\u00fcl\u00e9s\u00e9nek vesz\u00e9lye szint\u00e9n azonnal sz\u00e1ll \u00e1t a Vev\u0151re, ha az Elad\u00f3 a term\u00e9ket a spedit\u0151rnek, a sz\u00e1ll\u00edt\u00e1st v\u00e9gz\u0151 sof\u0151rnek, vagy m\u00e1s a sz\u00e1ll\u00edt\u00e1s lebonyol\u00edt\u00e1s\u00e1val megb\u00edzott szem\u00e9ly vagy int\u00e9zm\u00e9ny kisz\u00e1ll\u00edtotta, ha a spedit\u0151rt, a sz\u00e1ll\u00edt\u00e1st v\u00e9gz\u0151 sof\u0151rt, vagy m\u00e1s a sz\u00e1ll\u00edt\u00e1s lebonyol\u00edt\u00e1s\u00e1val megb\u00edzott szem\u00e9lyt vagy int\u00e9zm\u00e9nyt a Vev\u0151 b\u00edzta meg \u00e9s az Elad\u00f3 a Vev\u0151nek ezt a szem\u00e9lyt vagy int\u00e9zm\u00e9nyt kor\u00e1bban nem nevezte meg.<\/p>\n<p><b>5.4<\/b> Az elad\u00f3 fenntartja mag\u00e1nak a jogot, helytelen vagy nem szab\u00e1lyszer\u0171 egy\u00e9ni sz\u00e1ll\u00edt\u00e1s eset\u00e9n a szerz\u0151d\u00e9st\u0151l visszal\u00e9pjen. Ez nem csak arra az esetre \u00e9rv\u00e9nyes,  hogy a sz\u00e1ll\u00edt\u00e1s elmarad\u00e1s\u00e1\u00e9rt nem az Elad\u00f3 felel\u0151s, \u00e9s ezt az aj\u00e1nlott gondoss\u00e1ggal egy konkr\u00e9t fedezetet k\u00f6t a sz\u00e1ll\u00edt\u00f3val. Az elad\u00f3 minden t\u0151le telhet\u0151t megtesz, hogy az \u00e1rut beszerezze. Az \u00e1ru rendelkez\u00e9sre nem \u00e1ll\u00e1sa vagy csak r\u00e9szleges rendelkez\u00e9sre \u00e1ll\u00e1sa eset\u00e9ben a Vev\u0151t halad\u00e9ktalanul \u00e9rtes\u00edti \u00e9s az ellenszolg\u00e1ltat\u00e1sr\u00f3l halad\u00e9ktalanul gondoskodik.<\/p>\n<p><b>5.5<\/b> Szem\u00e9lyes \u00e1tv\u00e9tel logisztikai okokb\u00f3l nem lehets\u00e9ges.<\/p>\n<h2>6) Tulajdonjog fenntart\u00e1sa<\/h2>\n<p><b>6.1<\/b> A Fogyaszt\u00f3val szemben Elad\u00f3 az \u00e1ru ellen\u00e9rt\u00e9k\u00e9nek teljes kiegyenl\u00edt\u00e9s\u00e9ig fenntartja a kiegyenl\u00edtetlen \u00e1ru tulajdonjog\u00e1t.<\/p>\n<p><b>6.2<\/b> V\u00e1llalkoz\u00e1sokkal szemben Elad\u00f3 minden folyamatban l\u00e9v\u0151 \u00fczleti kapcsolatb\u00f3l sz\u00e1rmaz\u00f3 k\u00f6vetel\u00e9s\u00e9nek teljes kiegyenl\u00edt\u00e9s\u00e9ig fenntartja a kisz\u00e1ll\u00edtott \u00e1ru tulajdonjog\u00e1t.<\/p>\n<p><b>6.3<\/b> Ha a Vev\u0151 V\u00e1llalkoz\u00f3k\u00e9nt tev\u00e9kenykedik, akkor jogosult az \u00e1rut rendes \u00fczletvitel keret\u00e9ben \u00e9rt\u00e9kes\u00edteni. Minden ebb\u0151l sz\u00e1rmaz\u00f3 harmadik szem\u00e9llyel szembeni k\u00f6vetel\u00e9st a mindenkori sz\u00e1mla\u00e9rt\u00e9k \u00f6sszeg\u00e9ben (\u00c1FA-s \u00e1ron) el\u0151re \u00e1tengedi az Elad\u00f3nak. Ez az engedm\u00e9nyez\u00e9s att\u00f3l f\u00fcggetlen\u00fcl \u00e9rv\u00e9nyes, hogy az \u00e1ru feldolgoz\u00e1st k\u00f6vet\u0151en vagy an\u00e9lk\u00fcl lett tov\u00e1bb\u00e9rt\u00e9kes\u00edtve. A Vev\u0151 a k\u00f6vetel\u00e9sek behajt\u00e1s\u00e1ra az engedm\u00e9nyez\u00e9st k\u00f6vet\u0151en is jogosult. Az Elad\u00f3 felhatalmaz\u00e1s\u00e1t a k\u00f6vetel\u00e9sek beszed\u00e9s\u00e9re ez nem \u00e9rinti. Az Elad\u00f3 m\u00e9gsem szedi be a k\u00f6vetel\u00e9s\u00e9t, am\u00edg a Vev\u0151 fizet\u00e9si k\u00f6telezetts\u00e9g\u00e9nek az Elad\u00f3 fel\u00e9 eleget tesz, nem esik fizet\u00e9si k\u00e9sedelembe \u00e9s fizet\u00e9sk\u00e9ptelenn\u00e9 v\u00e1l\u00e1s miatt elj\u00e1r\u00e1st nem kezdem\u00e9nyez.<\/p>\n<h2>7) Hi\u00e1nyos (hib\u00e1s) teljes\u00edt\u00e9s<\/h2>\n<p>Ha a v\u00e9tel t\u00e1rgya hi\u00e1nyos, a t\u00f6rv\u00e9ny szerinti hi\u00e1nyos teljes\u00edt\u00e9sre vonatkoz\u00f3 el\u0151\u00edr\u00e1sok l\u00e9pnek \u00e9rv\u00e9nybe:<\/p>\n<p><b>7.1<\/b> V\u00e1llalkoz\u00e1sokn\u00e1l<\/p>\n<ul>\n<li>jelent\u00e9ktelen hi\u00e1ny nem alapoz meg hi\u00e1nyp\u00f3tl\u00e1s ir\u00e1nti ig\u00e9nyt;<\/li>\n<li>az Elad\u00f3nak joga van megv\u00e1lasztani a hi\u00e1nyp\u00f3tl\u00e1s m\u00f3dj\u00e1t;<\/li>\n<li>\u00faj \u00e1run\u00e1l a hi\u00e1nyp\u00f3tl\u00e1s ir\u00e1nti el\u00e9v\u00fcl\u00e9si id\u0151 a k\u00e1rvesz\u00e9ly \u00e1tsz\u00e1ll\u00e1s\u00e1t\u00f3l sz\u00e1m\u00edtott 1 \u00e9v<\/li>\n<li>haszn\u00e1lt \u00e1ru eset\u00e9n  hi\u00e1ny miatti  jogok \u00e9s ig\u00e9nyek lehet\u0151s\u00e9ge kiz\u00e1rt;<\/li>\n<li>a k\u00e1rvesz\u00e9ly nem kezd\u0151dik \u00fajra, ha hi\u00e1nyp\u00f3tl\u00e1s keret\u00e9ben p\u00f3tsz\u00e1ll\u00edt\u00e1sra ker\u00fcl sor.<\/li>\n<\/ul>\n<p><b>7.2<\/b> A Fogyaszt\u00f3nak haszn\u00e1lt \u00e1ru eset\u00e9n a hi\u00e1nyp\u00f3tl\u00e1s ir\u00e1nti ig\u00e9ny bejelent\u00e9s\u00e9nek el\u00e9v\u00fcl\u00e9si ideje az \u00e1ru Vev\u0151 r\u00e9sz\u00e9re t\u00f6rt\u00e9n\u0151 kisz\u00e1ll\u00edt\u00e1s\u00e1t\u00f3l sz\u00e1m\u00edtott 1 \u00e9v, a k\u00f6vetkez\u0151 bekezd\u00e9s felt\u00e9teleinek megfelel\u0151en.<\/p>\n<p><b>7.3<\/b> Az el\u0151\u00edr\u00e1sok szerinti felel\u0151ss\u00e9gv\u00e1llal\u00e1si hat\u00e1rok \u00e9s el\u00e9v\u00fcl\u00e9si id\u0151k nem \u00e9rv\u00e9nyesek.<\/p>\n<ul>\n<li>olyan term\u00e9kekre, amelyek kereskedelmi felhaszn\u00e1l\u00e1sa nem min\u0151s\u00fcl rendeltet\u00e9sszer\u0171 haszn\u00e1latnak \u00e9s ez okozta a hib\u00e1t.<\/li>\n<li>az \u00e9let, testi vagy eg\u00e9szs\u00e9gi \u00e1llapot roml\u00e1sa, amelyet Elad\u00f3 v\u00e9tkes vagy hanyag k\u00f6teless\u00e9gszeg\u00e9s\u00e9n, vagy egy t\u00f6rv\u00e9nyes k\u00e9pvisel\u0151j\u00e9nek vagy az Elad\u00f3 teljes\u00edt\u00e9s\u00e9t seg\u00edt\u0151 t\u00e1rs v\u00e9tkes vagy hanyag k\u00f6teless\u00e9gszeg\u00e9s\u00e9n m\u00falik.<\/li>\n<li>egy\u00e9b hib\u00e1k\u00e9rt, amelyek Elad\u00f3 v\u00e9tkes vagy durv\u00e1n hanyag k\u00f6teless\u00e9gszeg\u00e9s\u00e9b\u0151l vagy egy t\u00f6rv\u00e9nyes k\u00e9pvisel\u0151j\u00e9nek vagy az Elad\u00f3 teljes\u00edt\u00e9s\u00e9t seg\u00edt\u0151 t\u00e1rs v\u00e9tkes vagy durv\u00e1n hanyag k\u00f6teless\u00e9gszeg\u00e9s\u00e9b\u0151l sz\u00e1rmaznak<\/li>\n<li>arra az esetre, amikor az Elad\u00f3 a hib\u00e1t rosszindulat\u00faan elhallgatta.<\/li>\n<\/ul>\n<p><b>7.4<\/b> Ebb\u0151l kifoly\u00f3lag \u00e9rv\u00e9nyes a V\u00e1llalkoz\u00f3kra, hogy a t\u00f6rv\u00e9nyes el\u00e9v\u00fcl\u00e9si hat\u00e1rid\u0151 a a BGB (Ptk) 478. \u00a7-a szerinti visszkereseti ig\u00e9nyt nem \u00e9rinti.<\/p>\n<p><b>7.5<\/b> Ha a Vev\u0151 Keresked\u0151k\u00e9nt tev\u00e9kenykedik a HGB 1.\u00a7-a (N\u00e9met sz\u00e1mviteli alapelvek) \u00e9rtelm\u00e9ben a keresked\u0151 \u00e1tvizsg\u00e1l\u00e1si joga \u00e9s a HGB 377.\u00a7-a \u00e9rtelm\u00e9ben kifog\u00e1sol\u00e1si k\u00f6telezetts\u00e9g illeti meg.<\/p>\n<p><b>7.6<\/b> Ha a Vev\u0151 Fogyaszt\u00f3, akkor k\u00e9rheti, hogy a kisz\u00e1ll\u00edtott \u00e1rut a nyilv\u00e1nval\u00f3 sz\u00e1ll\u00edt\u00e1si hib\u00e1k miatt a sz\u00e1ll\u00edt\u00f3n\u00e1l reklam\u00e1ljon \u00e9s az Elad\u00f3nak ezt tudom\u00e1s\u00e1ra hozza. Ha a Vev\u0151 nem \u00e9l vele, akkor ennek semmif\u00e9le hat\u00e1sa nics a t\u00f6rv\u00e9nyes vagy szerz\u0151d\u00e9sben szerepl\u0151 \u00e1rukra vonatkoz\u00f3 hibaig\u00e9nyre.<\/p>\n<h2>8) Szavatoss\u00e1g<\/h2>\n<p>Az Elad\u00f3 a Vev\u0151 fel\u00e9 minden szerz\u0151d\u00e9sb\u0151l, szerz\u0151d\u00e9sszer\u0171 \u00e9s t\u00f6rv\u00e9nyes, b\u0171ncselekm\u00e9nyb\u0151l sz\u00e1rmaz\u00f3 ig\u00e9ny eset\u00e9n K\u00e1rp\u00f3tl\u00e1sra \u00e9s \u00e9rt\u00e9kn\u00f6vel\u00e9sre k\u00f6teles, a tov\u00e1bbiakban:<\/p>\n<p><b>8.1<\/b> Az Elad\u00f3 minden jogos indok eset\u00e9n korl\u00e1tlan szavatoss\u00e1got v\u00e1llal<\/p>\n<ul>\n<li>v\u00e9tkes vagy durva hanyags\u00e1g eset\u00e9n<\/li>\n<li>\u00e9letet, testi \u00e9ps\u00e9get, eg\u00e9szs\u00e9get vesz\u00e9lyeztet\u0151 v\u00e9tkes vagy hanyag s\u00e9r\u00fcl\u00e9s okoz\u00e1sa eset\u00e9n<\/li>\n<li>v\u00e1llalt garancia alapj\u00e1n, ha nincs m\u00e1s idevonatkoz\u00f3 szab\u00e1lyoz\u00e1s<\/li>\n<li>k\u00e9nyszer\u00edt\u0151 erej\u0171 felel\u0151ss\u00e9g mint p\u00e9ld\u00e1ul a Produkthaftungsgesetz (Term\u00e9kfelel\u0151ss\u00e9g t\u00f6rv\u00e9nye)<\/li>\n<\/ul>\n<p><b>8.2<\/b> Ha az Elad\u00f3 hanyagul megs\u00e9rti a szerz\u0151d\u00e9sben v\u00e1llalt k\u00f6telezetts\u00e9g\u00e9t, a szavatoss\u00e1g minden tipikus szerz\u0151d\u00e9ses, el\u0151re l\u00e1that\u00f3 hib\u00e1ra van behat\u00e1rolva, amennyiben az el\u0151z\u0151 pont szerinti korl\u00e1tlan szavatoss\u00e1g al\u00e1 esik. Az esetleges szerz\u0151d\u00e9si k\u00f6telezetts\u00e9gek k\u00f6z\u00e9 olyan k\u00f6telezetts\u00e9gek tartoznak, melyek k\u00f6teless\u00e9get r\u00f3nak fel az Elad\u00f3 sz\u00e1m\u00e1ra a szerz\u0151d\u00e9s tartalma \u00e9s a szerz\u0151d\u00e9s c\u00e9lj\u00e1nak kiel\u00e9g\u00edt\u00e9s\u00e9re vonatkoz\u00f3an, melyeknek teljes\u00edt\u00e9se a szerz\u0151d\u00e9s el\u0151\u00edr\u00e1s szerinti kivitelez\u00e9s\u00e9t egy\u00e1ltal\u00e1n lehet\u0151v\u00e9 teszi, \u00e9s melynek tartalm\u00e1ban a Vev\u0151 szab\u00e1lyszer\u0171en b\u00edzhat.<\/p>\n<p><b>8.3<\/b> Egy\u00e9b esetekben az Elad\u00f3 felel\u0151ss\u00e9ge kiz\u00e1rt.<\/p>\n<p><b>8.4<\/b> A kor\u00e1bban szerepl\u0151 szavatoss\u00e1gi szab\u00e1lyok vonatkoznak az elad\u00f3 felel\u0151ss\u00e9g\u00e9re a teljes\u00edt\u00e9sben seg\u00e9dkez\u0151 t\u00e1rs \u00e9s t\u00f6rv\u00e9nyes k\u00e9pvisel\u0151 fel\u00e9 is.<\/p>\n<h2>9) Alkalmazott jog<\/h2>\n<p><b>9.1<\/b> A felek \u00f6sszes jogi kapcsolataira a N\u00e9met Sz\u00f6vets\u00e9gi K\u00f6zt\u00e1rsas\u00e1g joga vonatkozik, kiv\u00e9ve a nemzetk\u00f6zi kereskedelmi forgalomban lev\u0151 \u00e1rukra vonatkoz\u00f3 t\u00f6rv\u00e9nyeket. A Fogyaszt\u00f3kn\u00e1l a jogv\u00e1laszt\u00e1s \u00fagy \u00e9rv\u00e9nyes, hogy nem a Fogyaszt\u00f3 szok\u00e1sos tart\u00f3zkod\u00e1si helye szerinti \u00e1llamjog k\u00e9nyszer\u00edt\u0151 hat\u00e1rozatai \u00e1ltal biztos\u00edtott v\u00e9delem van \u00e9rv\u00e9nyben.<\/p>\n<p><b>9.2<\/b> A tov\u00e1bbiakban ez a jogv\u00e1laszt\u00e1s a t\u00f6rv\u00e9nyes el\u00e1ll\u00e1si jogra val\u00f3 tekintettel nem \u00e9rv\u00e9nyes olyan Fogyaszt\u00f3kn\u00e1l, akik a szerz\u0151d\u00e9sk\u00f6t\u00e9s id\u0151pontj\u00e1ban nem az Eur\u00f3pai Uni\u00f3 tag\u00e1llam\u00e1hoz tartozott, \u00e9s \u00e1lland\u00f3 lak\u00f3helye \u00e9s sz\u00e1ll\u00edt\u00e1si c\u00edme a szerz\u0151d\u00e9sk\u00f6t\u00e9s id\u0151pontj\u00e1ban az Eur\u00f3pai Uni\u00f3 ter\u00fclet\u00e9n k\u00edv\u00fcl esett.<\/p>\n<h2>10) Illet\u00e9kes b\u00edr\u00f3s\u00e1g<\/h2>\n<p>Ha a Vev\u0151 Keresked\u0151, N\u00e9metorsz\u00e1gi sz\u00e9khely\u0171 k\u00f6zjogi vagy k\u00f6zjogi k\u00fcl\u00f6nvagyon hat\u00e1lya al\u00e1 es\u0151 jogi szem\u00e9ly, ezen szerz\u0151d\u00e9sb\u0151l ered\u0151 minden vit\u00e1s k\u00e9rd\u00e9sben kiz\u00e1r\u00f3lag az Elad\u00f3 \u00fczleti sz\u00e9khelye szerinti b\u00edr\u00f3s\u00e1g jogosult elj\u00e1rni. Ha a Vev\u0151 sz\u00e9khelye N\u00e9metorsz\u00e1g, mint szuver\u00e9n \u00e1llam ter\u00fclet\u00e9n k\u00edv\u00fcl tal\u00e1lhat\u00f3, ezen szerz\u0151d\u00e9sb\u0151l ered\u0151 minden vit\u00e1s k\u00e9rd\u00e9sben kiz\u00e1r\u00f3lag az Elad\u00f3 \u00fczleti sz\u00e9khelye szerinti b\u00edr\u00f3s\u00e1g jogosult elj\u00e1rni, amennyiben a szerz\u0151d\u00e9s vagy a szerz\u0151d\u00e9sb\u0151l ered\u0151 ig\u00e9nyek a Vev\u0151 szakmai vagy kereskedelmi tev\u00e9kenys\u00e9g\u00e9nek tartoznak. Az elad\u00f3 a kor\u00e1bbi esetekn\u00e9l minden esetben jogosult a Vev\u0151 sz\u00e9khelye szerinti b\u00edr\u00f3s\u00e1got felh\u00edvni.<\/p>\n<h2>11) Online B\u00e9k\u00e9ltet\u00e9s - Inform\u00e1ci\u00f3k<\/h2>\n<p>Az Eur\u00f3pai Bizotts\u00e1g 2016. els\u0151 negyed\u00e9v\u00e9ben internetes platformot hozott l\u00e9tre az Online B\u00e9k\u00e9ltet\u0151 Vitarendez\u00e9sre (\u00fan. Online Vitarendez\u00e9si Platform). Az Online Vitarendez\u00e9si Platform Online szerz\u0151d\u00e9sekkel \u00f6sszef\u00fcgg\u0151 szerz\u0151d\u00e9ses k\u00f6telezetts\u00e9gekb\u0151l sz\u00e1rmaz\u00f3 vit\u00e1k b\u00e9k\u00e9s, b\u00edr\u00f3s\u00e1gon k\u00edv\u00fcli rendez\u00e9s\u00e9re szolg\u00e1l.<\/p>\n<p>&nbsp;<\/p>\n<p>[gzd_complaints]<\/p>","protected":false},"excerpt":{"rendered":"<p>Tartalomjegyz\u00e9k 1. Hat\u00e1ly 2. Szerz\u0151d\u00e9sk\u00f6t\u00e9s 3. El\u00e1ll\u00e1si jog 4. \u00c1rak \u00e9s [\u2026]<\/p>","protected":false},"author":1,"featured_media":0,"parent":0,"menu_order":0,"comment_status":"closed","ping_status":"closed","template":"","meta":{"footnotes":""},"class_list":["post-17","page","type-page","status-publish","hentry"],"_links":{"self":[{"href":"https:\/\/ls-decoration.com\/hu\/wp-json\/wp\/v2\/pages\/17","targetHints":{"allow":["GET"]}}],"collection":[{"href":"https:\/\/ls-decoration.com\/hu\/wp-json\/wp\/v2\/pages"}],"about":[{"href":"https:\/\/ls-decoration.com\/hu\/wp-json\/wp\/v2\/types\/page"}],"author":[{"embeddable":true,"href":"https:\/\/ls-decoration.com\/hu\/wp-json\/wp\/v2\/users\/1"}],"replies":[{"embeddable":true,"href":"https:\/\/ls-decoration.com\/hu\/wp-json\/wp\/v2\/comments?post=17"}],"version-history":[{"count":0,"href":"https:\/\/ls-decoration.com\/hu\/wp-json\/wp\/v2\/pages\/17\/revisions"}],"wp:attachment":[{"href":"https:\/\/ls-decoration.com\/hu\/wp-json\/wp\/v2\/media?parent=17"}],"curies":[{"name":"wp","href":"https:\/\/api.w.org\/{rel}","templated":true}]}}