{"id":18,"date":"2019-06-25T08:03:05","date_gmt":"2019-06-25T07:03:05","guid":{"rendered":"https:\/\/ls-decoration.com\/revocation\/"},"modified":"2022-12-19T11:08:45","modified_gmt":"2022-12-19T10:08:45","slug":"widerberufsbelehrung","status":"publish","type":"page","link":"https:\/\/ls-decoration.com\/hu\/widerberufsbelehrung\/","title":{"rendered":"El\u00e1ll\u00e1s joga"},"content":{"rendered":"<h1>El\u00e1ll\u00e1s jog gyakorl\u00e1sa \u00e9s nyomtatv\u00e1nya<\/h1>\n<p>A fogyaszt\u00f3kat el\u00e1ll\u00e1si jog illeti meg az al\u00e1bbi int\u00e9zked\u00e9ssel, ahol a fogyaszt\u00f3 minden term\u00e9szetes szem\u00e9ly, aki a jog\u00fcgyletet c\u00e9llal k\u00f6ti meg, amely t\u00falnyom\u00f3r\u00e9szt vagy kereskedelmi vagy \u00f6n\u00e1ll\u00f3 szakmai tev\u00e9kenys\u00e9gnek sz\u00e1m\u00edt.<\/p>\n<h1>A. El\u00e1ll\u00e1si jog gyakorl\u00e1sa<\/h1>\n<h2>El\u00e1ll\u00e1s joga<\/h2>\n<p>Joga van 14 napon bel\u00fcl indokl\u00e1s n\u00e9lk\u00fcl el\u00e1llni a szerz\u0151d\u00e9st\u0151l.<\/p>\n<p>Az el\u00e1ll\u00e1s hat\u00e1rideje 14 nap, att\u00f3l a napt\u00f3l sz\u00e1m\u00edtva, amikor \u00d6n vagy egy \u00d6n \u00e1ltal megnevezett 3. szem\u00e9ly, aki nem sz\u00e1ll\u00edt\u00f3 az utols\u00f3 \u00e1rut \u00e1tvette vagy \u00e1tvett\u00e9k.<\/p>\n<p>El\u00e1ll\u00e1si jog\u00e1nak gyakorl\u00e1s\u00e1hoz t\u00e1j\u00e9koztatnia kell minket (Karl Leuthenmayr, 8 rue Jean Cottin<br \/>\n75018 Paris, France mob. +49 (0)172 824 72 63. , e-mail: info@ls-decoration.com) egy\u00e9rtelm\u0171 nyilatkozattal (pl. post\u00e1n, faxon vagy e-mailben k\u00fcld\u00f6tt lev\u00e9l) a szerz\u0151d\u00e9st\u0151l val\u00f3 el\u00e1ll\u00e1sra vonatkoz\u00f3 d\u00f6nt\u00e9s\u00e9t. Ehhez haszn\u00e1lhatja a mell\u00e9kelt visszavon\u00e1si \u0171rlapot, de ez nem k\u00f6telez\u0151.<\/p>\n<p>A hat\u00e1rid\u0151 betartottnak min\u0151s\u00fcl, amennyiben az el\u00e1ll\u00e1si jog\u00e1nak gyakorl\u00e1s\u00e1r\u00f3l sz\u00f3l\u00f3 nyilatkozatot a hat\u00e1rid\u0151 letelte el\u00f6tt megk\u00fcldi.<\/p>\n<h2>Az el\u00e1ll\u00e1s k\u00f6vetkezm\u00e9nyei<\/h2>\n<p>Ha el\u00e1ll a szerz\u0151d\u00e9st\u0151l, minden \u00d6nt\u0151l \u00e9rkezett befizet\u00e9st, bele\u00e9rtve a sz\u00e1ll\u00edt\u00e1si k\u00f6lts\u00e9get (kiv\u00e9ve azon t\u00f6bbletk\u00f6lts\u00e9geket, amely az \u00e1ltalunk felk\u00edn\u00e1lt legolcs\u00f3bb szok\u00e1sos fuvaroz\u00e1si m\u00f3dt\u00f3l elt\u00e9r\u0151 sz\u00e1ll\u00edt\u00e1si m\u00f3d v\u00e1laszt\u00e1s\u00e1b\u00f3l ad\u00f3dik.), visszavonhatatlanul \u00e9s legk\u00e9s\u0151bb 14 napon bel\u00fcl, att\u00f3l a napt\u00f3l sz\u00e1m\u00edtva, amikor az \u00d6n nyilatkozata ezen szerz\u0151d\u00e9st\u0151l val\u00f3 el\u00e1ll\u00e1st\u00f3l hozz\u00e1nk meg\u00e9rkezik. Ehhez a visszafizet\u00e9shez ugyanazt a fizet\u00e9si m\u00f3dot alkalmazzuk, amit \u00d6n az eredeti tranzakci\u00f3n\u00e1l haszn\u00e1lt, hacsak nem egyezt\u00fcnk meg \u00d6nnel m\u00e1sk\u00e9ppen; semmi esetre sem sz\u00e1m\u00edtunk fel k\u00f6lts\u00e9get a visszafizet\u00e9s\u00e9rt.  Visszatarthatjuk a visszat\u00e9r\u00edt\u00e9st,  am\u00edg az \u00e1ru nincs ism\u00e9t a birtokunkban, vagy \u00d6n nem igazolta, hogy az \u00e1rut visszak\u00fcldte r\u00e9sz\u00fcnkre, a szerint, hogy melyik a kor\u00e1bbi id\u0151pont.<\/p>\n<p>\u00d6nnek az \u00e1rut visszavonhatatlanul \u00e9s minden esetben legk\u00e9s\u0151bb 14 napon bel\u00fcl visszak\u00fcldeni vagy \u00e1tadni sz\u00e1munkra, att\u00f3l a napt\u00f3l sz\u00e1m\u00edtva, amikor a szerz\u0151d\u00e9st\u0151l el\u00e1llt. A hat\u00e1rid\u0151 megtartottnak min\u0151s\u00fcl, ha \u00d6n az \u00e1rut a 14 nap lej\u00e1rta el\u0151tt elk\u00fcldi r\u00e9sz\u00fcnkre.<\/p>\n<p>\u00d6n viseli az \u00e1ru visszak\u00fcld\u00e9s\u00e9nek k\u00f6zvetlen k\u00f6lts\u00e9geit.<\/p>\n<p>\u00d6nnek  az \u00e1ru valamilyen \u00e9rt\u00e9kveszt\u00e9s\u00e9\u00e9rt csak akkor kell felelnie, ha ez az \u00e9rt\u00e9kcs\u00f6kken\u00e9s az \u00e1ru jelleg\u00e9nek, tulajdons\u00e1gainak \u00e9s m\u0171k\u00f6d\u00e9s\u00e9nek meg\u00e1llap\u00edt\u00e1s\u00e1hoz  nem felt\u00e9tlen\u00fcl sz\u00fcks\u00e9ges haszn\u00e1lat\u00e1b\u00f3l ered.<\/p>\n<h2>Az el\u00e1ll\u00e1si jog kiz\u00e1r\u00e1sa ill. id\u0151 el\u0151tti megsz\u0171n\u00e9se<\/h2>\n<p>Az el\u00e1ll\u00e1s joga nem illeti meg azon fogyaszt\u00f3kat, akik a szerz\u0151d\u00e9sk\u00f6t\u00e9s id\u0151pontj\u00e1ban nem az Eur\u00f3pai Uni\u00f3 \u00e1lampolg\u00e1rai, \u00e9s \u00e1lland\u00f3 lak\u00f3helye \u00e9s a sz\u00e1ll\u00edt\u00e1s c\u00edme a szerz\u0151d\u00e9sk\u00f6t\u00e9s id\u0151pontj\u00e1ban az Eur\u00f3pai Uni\u00f3n k\u00edv\u00fcl van.<\/p>\n<h2>\u00c1ltal\u00e1nos utas\u00edt\u00e1sok<\/h2>\n<p>1) K\u00e9rj\u00fck ker\u00fclje el az \u00e1ru k\u00e1ros\u00edt\u00e1s\u00e1t \u00e9s szennyez\u0151d\u00e9s\u00e9t. Az \u00e1rut k\u00e9rj\u00fck, hogy lehet\u0151lg az eredeti csomagol\u00e1sban, minden tartoz\u00e9k\u00e1val \u00e9s a teljes csomagol\u00e1ssal egy\u00fctt visszak\u00fcldeni. Sz\u00fcks\u00e9g eset\u00e9n vegye k\u00f6rbe v\u00e9d\u0151 csomagol\u00e1ssal. Ha m\u00e1r nincs meg az eredeti csomagol\u00e1s, gondoskodjon megfelel\u0151 csomagol\u00e1sr\u00f3l a sz\u00e1ll\u00edt\u00e1si s\u00e9r\u00fcl\u00e9sek elker\u00fcl\u00e9se \u00e9rdek\u00e9ben.<br \/>\n2) K\u00e9rj\u00fck, hogy az \u00e1rut b\u00e9rmentes\u00edtve k\u00fcldj\u00e9k vissza.<br \/>\n3) K\u00e9rj\u00fck vegye figyelembe, hogy az el\u0151z\u0151 k\u00e9t pont nem felt\u00e9tele az el\u00e1ll\u00e1si jog hat\u00e9kony gyakorl\u00e1s\u00e1nak.<\/p>\n<h1>B. El\u00e1ll\u00e1s nyomtatv\u00e1ny<\/h1>\n<p>Amennyiben \u00d6n el k\u00edv\u00e1n \u00e1llni a szerz\u0151d\u00e9st\u0151l, akkor k\u00e9rj\u00fck, hogy ezt a nyomtatv\u00e1nyt kit\u00f6ltve r\u00e9sz\u00fcnkre megk\u00fcldeni sz\u00edveskedjen.<\/p>\n<p>C\u00edmzett:<\/p>\n<p class=\" translation-block\">LS Decoration, Karl Leuthenmayr<br>\nc\/o Christina Redel<br>\nMiesbacher Stra\u00dfe 16<br>\n85649 Brunnthal<br>\nDeutschland<br>\nFax: +49 (0)89 291 36 87<br>\nE-Mail: info@ls-decoration.com<\/p>\n<p>Ez\u00faton el\u00e1llok\/el\u00e1llunk (*) az \u00e1ltalam\/\u00e1ltalunk(*)  k\u00f6t\u00f6tt szerz\u0151d\u00e9s szerint a k\u00f6vetkez\u0151 \u00e1ruk megv\u00e1s\u00e1rl\u00e1s\u00e1t\u00f3l(*) \/szolg\u00e1ltat\u00e1s teljes\u00edt\u00e9s\u00e9t\u0151l(*).<\/p>\n<p>_______________________________________________________<\/p>\n<p>_______________________________________________________<\/p>\n<p>Megrendel\u00e9s napja (*) ____________ \/ \u00c1tv\u00e9tel napja (*) __________________<\/p>\n<p>________________________________________________________<br \/>\nFogyaszt\u00f3(k) neve<\/p>\n<p>________________________________________________________<br \/>\nFogyaszt\u00f3(k) c\u00edme<\/p>\n<p>________________________________________________________<br \/>\nFogyaszt\u00f3(k) al\u00e1\u00edr\u00e1sa (csak pap\u00edron t\u00f6rt\u00e9n\u0151 k\u00f6zl\u00e9s eset\u00e9n)<\/p>\n<p>_________________________<br \/>\nDatum<\/p>\n<p>(*) A megfelel\u0151 kifejez\u00e9st k\u00e9rj\u00fck al\u00e1h\u00fazni.<\/p>","protected":false},"excerpt":{"rendered":"<p>El\u00e1ll\u00e1si \u00e9s el\u00e1ll\u00e1si t\u00e1j\u00e9koztat\u00f3 A Fogyaszt\u00f3kat az al\u00e1bbiak szerint illeti meg el\u00e1ll\u00e1si joga [...]<\/p>","protected":false},"author":1,"featured_media":0,"parent":0,"menu_order":0,"comment_status":"closed","ping_status":"closed","template":"","meta":{"footnotes":""},"class_list":["post-18","page","type-page","status-publish","hentry"],"_links":{"self":[{"href":"https:\/\/ls-decoration.com\/hu\/wp-json\/wp\/v2\/pages\/18","targetHints":{"allow":["GET"]}}],"collection":[{"href":"https:\/\/ls-decoration.com\/hu\/wp-json\/wp\/v2\/pages"}],"about":[{"href":"https:\/\/ls-decoration.com\/hu\/wp-json\/wp\/v2\/types\/page"}],"author":[{"embeddable":true,"href":"https:\/\/ls-decoration.com\/hu\/wp-json\/wp\/v2\/users\/1"}],"replies":[{"embeddable":true,"href":"https:\/\/ls-decoration.com\/hu\/wp-json\/wp\/v2\/comments?post=18"}],"version-history":[{"count":0,"href":"https:\/\/ls-decoration.com\/hu\/wp-json\/wp\/v2\/pages\/18\/revisions"}],"wp:attachment":[{"href":"https:\/\/ls-decoration.com\/hu\/wp-json\/wp\/v2\/media?parent=18"}],"curies":[{"name":"wp","href":"https:\/\/api.w.org\/{rel}","templated":true}]}}