{"id":19,"date":"2019-06-25T08:03:05","date_gmt":"2019-06-25T07:03:05","guid":{"rendered":"https:\/\/ls-decoration.com\/shipping-methods\/"},"modified":"2021-11-05T14:38:19","modified_gmt":"2021-11-05T13:38:19","slug":"versandwege","status":"publish","type":"page","link":"https:\/\/ls-decoration.com\/hu\/versandwege\/","title":{"rendered":"Sz\u00e1ll\u00edt\u00e1si \u00fatvonalak \u00e9s sz\u00e1ll\u00edt\u00e1si id\u0151"},"content":{"rendered":"<div class=\"fusion-fullwidth fullwidth-box fusion-builder-row-1 fusion-flex-container nonhundred-percent-fullwidth non-hundred-percent-height-scrolling\" style=\"--awb-border-radius-top-left:0px;--awb-border-radius-top-right:0px;--awb-border-radius-bottom-right:0px;--awb-border-radius-bottom-left:0px;\" ><div class=\"fusion-builder-row fusion-row fusion-flex-align-items-flex-start\" style=\"max-width:calc( 1100px + 0px );margin-left: calc(-0px \/ 2 );margin-right: calc(-0px \/ 2 );\"><div class=\"fusion-layout-column fusion_builder_column fusion-builder-column-0 fusion_builder_column_1_1 1_1 fusion-flex-column\" style=\"--awb-bg-size:cover;--awb-width-large:100%;--awb-margin-top-large:0px;--awb-spacing-right-large:0px;--awb-margin-bottom-large:0px;--awb-spacing-left-large:0px;--awb-width-medium:100%;--awb-spacing-right-medium:0px;--awb-spacing-left-medium:0px;--awb-width-small:100%;--awb-spacing-right-small:0px;--awb-spacing-left-small:0px;\"><div class=\"fusion-column-wrapper fusion-flex-justify-content-flex-start fusion-content-layout-column\"><div class=\"fusion-text fusion-text-1\"><p>Az Eur\u00f3pai Uni\u00f3n bel\u00fcl a DPD-vel sz\u00e1ll\u00edtunk.<\/p>\n<p>A sz\u00e1ll\u00edt\u00e1si id\u0151 N\u00e9metorsz\u00e1gon bel\u00fcl 8 nap, az EU t\u00f6bbi ter\u00fclet\u00e9re pedig 14 nap.<\/p>\n<p>K\u00e9r\u00e9sre az Egyes\u00fclt Kir\u00e1lys\u00e1gba sz\u00e1ll\u00edtunk.<\/p>\n<p>A postai d\u00edj a t\u00e1bl\u00e1zatban tal\u00e1lhat\u00f3.<\/p>\n<\/div>\n<div class=\"table-1\">\n<table style=\"height: 53px;\" width=\"924\">\n<thead>\n<tr>\n<th align=\"left\">Orsz\u00e1g<\/th>\n<th align=\"left\">Sz\u00e1ll\u00edt\u00e1si k\u00f6lts\u00e9gek<\/th>\n<th align=\"left\">Kisz\u00e1ll\u00edt\u00e1s d\u00edja a p\u00f3td\u00edjk\u00f6teles szigetekre \u00e9s k\u00f6rzetekbe<\/th>\n<\/tr>\n<\/thead>\n<tbody>\n<tr>\n<td align=\"left\">N\u00e9metorsz\u00e1g<\/p>\n<p>EU<\/td>\n<td align=\"left\">ingyenes<\/p>\n<p>11,90 Eur\u00f3<\/td>\n<td align=\"left\">\u00a014,28 Eur\u00f3<\/p>\n<p>28,56 Eur\u00f3<\/td>\n<\/tr>\n<\/tbody>\n<\/table>\n<\/div>\n<div class=\"fusion-separator fusion-full-width-sep\" style=\"align-self: center;margin-left: auto;margin-right: auto;margin-top:10px;width:100%;\"><\/div><div class=\"fusion-text fusion-text-2\"><p class=\"font-light\">A k\u00f6vetkez\u0151 orsz\u00e1gr\u00e9szekbe nem sz\u00e1ll\u00edtunk:<\/p>\n<ol>\n<li class=\"font-light\">Gr\u00f6nland \u00e9s Fer\u00f6er-szigetek<\/li>\n<li class=\"font-light\">Franciaorsz\u00e1g: Tengerent\u00fali ter\u00fcletek<\/li>\n<li class=\"font-light\">Olaszorsz\u00e1g: Campione d\u00b4Italia, Livigno<\/li>\n<li class=\"font-light\">Spanyolorsz\u00e1g: Kan\u00e1ri-szigetek, tov\u00e1bb\u00e1 Ceuta \u00e9s Melilla<\/li>\n<li class=\"font-light\">Finnorsz\u00e1g: \u00c5land-szigetek<\/li>\n<\/ol>\n<p>tov\u00e1bb\u00e1 a p\u00f3td\u00edjk\u00f6teles portug\u00e1l \u00e9s spanyol szigetekre \u00e9s k\u00f6rzetekbe.<\/p>\n<\/div><\/div><\/div><\/div><\/div>","protected":false},"excerpt":{"rendered":"","protected":false},"author":1,"featured_media":0,"parent":0,"menu_order":0,"comment_status":"closed","ping_status":"closed","template":"","meta":{"footnotes":""},"class_list":["post-19","page","type-page","status-publish","hentry"],"_links":{"self":[{"href":"https:\/\/ls-decoration.com\/hu\/wp-json\/wp\/v2\/pages\/19","targetHints":{"allow":["GET"]}}],"collection":[{"href":"https:\/\/ls-decoration.com\/hu\/wp-json\/wp\/v2\/pages"}],"about":[{"href":"https:\/\/ls-decoration.com\/hu\/wp-json\/wp\/v2\/types\/page"}],"author":[{"embeddable":true,"href":"https:\/\/ls-decoration.com\/hu\/wp-json\/wp\/v2\/users\/1"}],"replies":[{"embeddable":true,"href":"https:\/\/ls-decoration.com\/hu\/wp-json\/wp\/v2\/comments?post=19"}],"version-history":[{"count":0,"href":"https:\/\/ls-decoration.com\/hu\/wp-json\/wp\/v2\/pages\/19\/revisions"}],"wp:attachment":[{"href":"https:\/\/ls-decoration.com\/hu\/wp-json\/wp\/v2\/media?parent=19"}],"curies":[{"name":"wp","href":"https:\/\/api.w.org\/{rel}","templated":true}]}}