{"id":328,"date":"2019-07-03T12:49:26","date_gmt":"2019-07-03T10:49:26","guid":{"rendered":"https:\/\/ls-decoration.com\/?page_id=328"},"modified":"2019-07-03T13:03:14","modified_gmt":"2019-07-03T11:03:14","slug":"info","status":"publish","type":"page","link":"https:\/\/ls-decoration.com\/hu\/info\/","title":{"rendered":"Info"},"content":{"rendered":"<ul>\n<li><a href=\"https:\/\/ls-decoration.com\/hu\/zahlungsmethoden\/\">Fizet\u00e9si m\u00f3dok<\/a><\/li>\n<li><a href=\"https:\/\/ls-decoration.com\/hu\/versandwege\/\">Sz\u00e1ll\u00edt\u00e1si \u00fatvonalak<\/a><\/li>\n<li><a href=\"https:\/\/ls-decoration.com\/hu\/agb\/\">\u00c1SZF<\/a><\/li>\n<li><a href=\"https:\/\/ls-decoration.com\/hu\/widerberufsbelehrung\/\">El\u00e1ll\u00e1s joga<\/a><\/li>\n<li><a href=\"https:\/\/ls-decoration.com\/hu\/datenschutzerklaerung\/\">Adatv\u00e9delmi t\u00e1j\u00e9koztat\u00f3<\/a><\/li>\n<li><a href=\"https:\/\/ls-decoration.com\/hu\/impressum\/\">Impresszum<\/a><\/li>\n<\/ul>","protected":false},"excerpt":{"rendered":"<p>Fizet\u00e9si m\u00f3dok Sz\u00e1ll\u00edt\u00e1si m\u00f3dok \u00c1ltal\u00e1nos szerz\u0151d\u00e9si felt\u00e9telek Lemond\u00e1si felt\u00e9telek Adatv\u00e9delmi nyilatkozat Impresszum<\/p>","protected":false},"author":1,"featured_media":0,"parent":0,"menu_order":0,"comment_status":"closed","ping_status":"closed","template":"","meta":{"footnotes":""},"class_list":["post-328","page","type-page","status-publish","hentry"],"_links":{"self":[{"href":"https:\/\/ls-decoration.com\/hu\/wp-json\/wp\/v2\/pages\/328","targetHints":{"allow":["GET"]}}],"collection":[{"href":"https:\/\/ls-decoration.com\/hu\/wp-json\/wp\/v2\/pages"}],"about":[{"href":"https:\/\/ls-decoration.com\/hu\/wp-json\/wp\/v2\/types\/page"}],"author":[{"embeddable":true,"href":"https:\/\/ls-decoration.com\/hu\/wp-json\/wp\/v2\/users\/1"}],"replies":[{"embeddable":true,"href":"https:\/\/ls-decoration.com\/hu\/wp-json\/wp\/v2\/comments?post=328"}],"version-history":[{"count":0,"href":"https:\/\/ls-decoration.com\/hu\/wp-json\/wp\/v2\/pages\/328\/revisions"}],"wp:attachment":[{"href":"https:\/\/ls-decoration.com\/hu\/wp-json\/wp\/v2\/media?parent=328"}],"curies":[{"name":"wp","href":"https:\/\/api.w.org\/{rel}","templated":true}]}}