{"id":103,"date":"2019-06-26T16:43:14","date_gmt":"2019-06-26T14:43:14","guid":{"rendered":"https:\/\/ls-decoration.com\/?post_type=product&#038;p=103"},"modified":"2025-12-11T04:22:04","modified_gmt":"2025-12-11T03:22:04","slug":"balance-figur-dame-mit-lorgnette","status":"publish","type":"product","link":"https:\/\/ls-decoration.com\/hu\/product\/balance-figur-dame-mit-lorgnette\/","title":{"rendered":"Balansz figura H\u00f6lgy t\u00e1vcs\u0151vel"},"content":{"rendered":"","protected":false},"excerpt":{"rendered":"[fusion_youtube id=&quot;NLkSgAKivlU&quot; alignment=&quot;&quot; width=&quot;&quot; height=&quot;&quot; autoplay=&quot;false&quot; api_params=&quot;&amp;rel=0&quot; hide_on_mobile=&quot;small-visibility,medium-visibility,large-visibility&quot; class=&quot;&quot; css_id=&quot;&quot;][\/fusion_youtube]\n<p>Ez a modell jelenleg nem el\u00e9rhet\u0151<\/p>\n<p>Modell: DACU002<\/p>\n<p>Magass\u00e1g: 50cm<\/p>\n<p>Anyag: Polikr\u00f3mozott vas<\/p>\n<p>Gy\u00e1rt\u00e1s: K\u00e9zzel k\u00e9sz\u00edtett<\/p>\n<p>Le\u00edr\u00e1s: Ez a dekorat\u00edv balansz figura egy h\u00f6lgyet \u00e1br\u00e1zol, amint t\u00e1vcs\u0151vel a t\u00e1volba n\u00e9z.<\/p>\n<p>Sz\u00e9p aj\u00e1nd\u00e9k minden alkalomra.<\/p>\n<p>&nbsp;<\/p>","protected":false},"featured_media":49,"template":"","meta":[],"product_cat":[16],"product_tag":[58,41,70],"class_list":["post-103","product","type-product","status-publish","has-post-thumbnail","hentry","product_cat-balancefiguren","product_tag-alte-zeiten","product_tag-dame","product_tag-fernrohr"],"_links":{"self":[{"href":"https:\/\/ls-decoration.com\/hu\/wp-json\/wp\/v2\/product\/103","targetHints":{"allow":["GET"]}}],"collection":[{"href":"https:\/\/ls-decoration.com\/hu\/wp-json\/wp\/v2\/product"}],"about":[{"href":"https:\/\/ls-decoration.com\/hu\/wp-json\/wp\/v2\/types\/product"}],"wp:featuredmedia":[{"embeddable":true,"href":"https:\/\/ls-decoration.com\/hu\/wp-json\/wp\/v2\/media\/49"}],"wp:attachment":[{"href":"https:\/\/ls-decoration.com\/hu\/wp-json\/wp\/v2\/media?parent=103"}],"wp:term":[{"taxonomy":"product_cat","embeddable":true,"href":"https:\/\/ls-decoration.com\/hu\/wp-json\/wp\/v2\/product_cat?post=103"},{"taxonomy":"product_tag","embeddable":true,"href":"https:\/\/ls-decoration.com\/hu\/wp-json\/wp\/v2\/product_tag?post=103"}],"curies":[{"name":"wp","href":"https:\/\/api.w.org\/{rel}","templated":true}]}}