{"id":104,"date":"2019-06-26T19:04:28","date_gmt":"2019-06-26T17:04:28","guid":{"rendered":"https:\/\/ls-decoration.com\/?post_type=product&#038;p=104"},"modified":"2023-03-04T06:27:22","modified_gmt":"2023-03-04T05:27:22","slug":"balance-figur-polospieler","status":"publish","type":"product","link":"https:\/\/ls-decoration.com\/hu\/product\/balance-figur-polospieler\/","title":{"rendered":"Balansz figura P\u00f3l\u00f3j\u00e1t\u00e9kos"},"content":{"rendered":"","protected":false},"excerpt":{"rendered":"[fusion_youtube id = &quot;se1_xvoJNAA&quot; alignment = &quot;&quot; width = &quot;&quot; height = &quot;&quot; autoplay = &quot;false&quot; api_params = &quot;&amp; rel = 0&quot; hide_on_mobile = &quot;kis l\u00e1that\u00f3s\u00e1g, k\u00f6zepes l\u00e1that\u00f3s\u00e1g, nagy l\u00e1that\u00f3s\u00e1g&quot; class = &quot; &quot; css_id = &quot;&quot;] [\/ fusion_youtube]\n<p>&nbsp;<\/p>\n<p>Modell: POBA004<\/p>\n<p>Magass\u00e1g: 48cm<\/p>\n<p>Anyag: Polikr\u00f3mozott vas<\/p>\n<p>Gy\u00e1rt\u00e1s: K\u00e9zm\u0171ves term\u00e9k<\/p>\n<p>Le\u00edr\u00e1s: Ez a dekorat\u00edv bfalansz figura egy lovagl\u00f3 p\u00f3l\u00f3j\u00e1t\u00e9kost \u00e1br\u00e1zol. Dekorat\u00edv aj\u00e1nd\u00e9k minden sport kedvel\u0151 sz\u00e1m\u00e1ra.<\/p>","protected":false},"featured_media":83,"template":"","meta":[],"product_cat":[16],"product_tag":[37,36,35],"class_list":["post-104","product","type-product","status-publish","has-post-thumbnail","hentry","product_cat-balancefiguren","product_tag-pferd","product_tag-polo","product_tag-sport"],"_links":{"self":[{"href":"https:\/\/ls-decoration.com\/hu\/wp-json\/wp\/v2\/product\/104","targetHints":{"allow":["GET"]}}],"collection":[{"href":"https:\/\/ls-decoration.com\/hu\/wp-json\/wp\/v2\/product"}],"about":[{"href":"https:\/\/ls-decoration.com\/hu\/wp-json\/wp\/v2\/types\/product"}],"wp:featuredmedia":[{"embeddable":true,"href":"https:\/\/ls-decoration.com\/hu\/wp-json\/wp\/v2\/media\/83"}],"wp:attachment":[{"href":"https:\/\/ls-decoration.com\/hu\/wp-json\/wp\/v2\/media?parent=104"}],"wp:term":[{"taxonomy":"product_cat","embeddable":true,"href":"https:\/\/ls-decoration.com\/hu\/wp-json\/wp\/v2\/product_cat?post=104"},{"taxonomy":"product_tag","embeddable":true,"href":"https:\/\/ls-decoration.com\/hu\/wp-json\/wp\/v2\/product_tag?post=104"}],"curies":[{"name":"wp","href":"https:\/\/api.w.org\/{rel}","templated":true}]}}