{"id":106,"date":"2019-06-26T19:26:00","date_gmt":"2019-06-26T17:26:00","guid":{"rendered":"https:\/\/ls-decoration.com\/?post_type=product&#038;p=106"},"modified":"2023-03-04T06:27:21","modified_gmt":"2023-03-04T05:27:21","slug":"balance-figur-cowboy-mit-pferd","status":"publish","type":"product","link":"https:\/\/ls-decoration.com\/hu\/product\/balance-figur-cowboy-mit-pferd\/","title":{"rendered":"Balansz figura Cowboy l\u00f3val"},"content":{"rendered":"","protected":false},"excerpt":{"rendered":"[fusion_youtube id=&quot;zT2JHdZiUGM&quot; alignment=&quot;&quot; width=&quot;&quot; height=&quot;&quot; autoplay=&quot;false&quot; api_params=&quot;&amp;rel=0&quot; hide_on_mobile=&quot;small-visibility,medium-visibility,large-visibility&quot; class=&quot;&quot; css_id=&quot;&quot;][\/fusion_youtube]\n<p>&nbsp;<\/p>\n<p>Modell: COBA001<\/p>\n<p>Magass\u00e1g: 48cm<\/p>\n<p>Anyag: Polikr\u00f3mozott vas<\/p>\n<p>Gy\u00e1rt\u00e1s: K\u00e9zm\u0171ves term\u00e9k<\/p>\n<p>Le\u00edr\u00e1s: Enn\u00e9l a dekorat\u00edv balansz figur\u00e1n\u00e1l egy cowboy lovagol a feh\u00e9r lov\u00e1n, \u00e9s k\u00f6zben a  karja \u00e9s a teste a l\u00f3 ritmus\u00e1ban mozog. A mozg\u00e1s nagyon harmonikus, \u00e9s ing\u00e1s k\u00f6zben hallhat\u00f3 is a galoppoz\u00e1s. Elb\u0171v\u00f6li a gyermekeket \u00e9s feln\u0151tteket egyar\u00e1nt.<\/p>","protected":false},"featured_media":48,"template":"","meta":[],"product_cat":[16],"product_tag":[38,37,118,35],"class_list":["post-106","product","type-product","status-publish","has-post-thumbnail","hentry","product_cat-balancefiguren","product_tag-cowboy","product_tag-pferd","product_tag-reiten","product_tag-sport"],"_links":{"self":[{"href":"https:\/\/ls-decoration.com\/hu\/wp-json\/wp\/v2\/product\/106","targetHints":{"allow":["GET"]}}],"collection":[{"href":"https:\/\/ls-decoration.com\/hu\/wp-json\/wp\/v2\/product"}],"about":[{"href":"https:\/\/ls-decoration.com\/hu\/wp-json\/wp\/v2\/types\/product"}],"wp:featuredmedia":[{"embeddable":true,"href":"https:\/\/ls-decoration.com\/hu\/wp-json\/wp\/v2\/media\/48"}],"wp:attachment":[{"href":"https:\/\/ls-decoration.com\/hu\/wp-json\/wp\/v2\/media?parent=106"}],"wp:term":[{"taxonomy":"product_cat","embeddable":true,"href":"https:\/\/ls-decoration.com\/hu\/wp-json\/wp\/v2\/product_cat?post=106"},{"taxonomy":"product_tag","embeddable":true,"href":"https:\/\/ls-decoration.com\/hu\/wp-json\/wp\/v2\/product_tag?post=106"}],"curies":[{"name":"wp","href":"https:\/\/api.w.org\/{rel}","templated":true}]}}