{"id":109,"date":"2019-06-26T19:44:05","date_gmt":"2019-06-26T17:44:05","guid":{"rendered":"https:\/\/ls-decoration.com\/?post_type=product&#038;p=109"},"modified":"2023-03-04T06:27:20","modified_gmt":"2023-03-04T05:27:20","slug":"balance-figur-weihnachtsmann-mit-rentierschlitten","status":"publish","type":"product","link":"https:\/\/ls-decoration.com\/hu\/product\/balance-figur-weihnachtsmann-mit-rentierschlitten\/","title":{"rendered":"Balansz figura Mikul\u00e1s r\u00e9nszarvassz\u00e1non"},"content":{"rendered":"","protected":false},"excerpt":{"rendered":"[fusion_youtube id=&quot;ul9zp59HTps&quot; alignment=&quot;&quot; width=&quot;&quot; height=&quot;&quot; autoplay=&quot;false&quot; api_params=&quot;&amp;rel=0&quot; hide_on_mobile=&quot;small-visibility,medium-visibility,large-visibility&quot; class=&quot;&quot; css_id=&quot;&quot;][\/fusion_youtube]\n<p>&nbsp;<\/p>\n<p>Modell: PEPA001<\/p>\n<p>Magass\u00e1g: 50cm<\/p>\n<p>Anyag: Polikr\u00f3mozott vas<\/p>\n<p>Gy\u00e1rt\u00e1s: K\u00e9zm\u0171ves term\u00e9k<\/p>\n<p>Le\u00edr\u00e1s: Ez a dekorat\u00edv balansz figura egy Mikul\u00e1st \u00e1br\u00e1zol r\u00e9nszarvassz\u00e1non. Dekorat\u00edv kar\u00e1csonyi aj\u00e1nd\u00e9k.<\/p>","protected":false},"featured_media":98,"template":"","meta":[],"product_cat":[16],"product_tag":[43,42],"class_list":["post-109","product","type-product","status-publish","has-post-thumbnail","hentry","product_cat-balancefiguren","product_tag-feste","product_tag-weihnachten"],"_links":{"self":[{"href":"https:\/\/ls-decoration.com\/hu\/wp-json\/wp\/v2\/product\/109","targetHints":{"allow":["GET"]}}],"collection":[{"href":"https:\/\/ls-decoration.com\/hu\/wp-json\/wp\/v2\/product"}],"about":[{"href":"https:\/\/ls-decoration.com\/hu\/wp-json\/wp\/v2\/types\/product"}],"wp:featuredmedia":[{"embeddable":true,"href":"https:\/\/ls-decoration.com\/hu\/wp-json\/wp\/v2\/media\/98"}],"wp:attachment":[{"href":"https:\/\/ls-decoration.com\/hu\/wp-json\/wp\/v2\/media?parent=109"}],"wp:term":[{"taxonomy":"product_cat","embeddable":true,"href":"https:\/\/ls-decoration.com\/hu\/wp-json\/wp\/v2\/product_cat?post=109"},{"taxonomy":"product_tag","embeddable":true,"href":"https:\/\/ls-decoration.com\/hu\/wp-json\/wp\/v2\/product_tag?post=109"}],"curies":[{"name":"wp","href":"https:\/\/api.w.org\/{rel}","templated":true}]}}