{"id":11,"date":"2019-06-25T07:57:09","date_gmt":"2019-06-25T05:57:09","guid":{"rendered":"https:\/\/ls-decoration.com\/?post_type=product&#038;p=11"},"modified":"2023-03-04T06:27:23","modified_gmt":"2023-03-04T05:27:23","slug":"balance-figur-frau-mit-schirm","status":"publish","type":"product","link":"https:\/\/ls-decoration.com\/hu\/product\/balance-figur-frau-mit-schirm\/","title":{"rendered":"Balansz figura Eserny\u0151s n\u0151"},"content":{"rendered":"","protected":false},"excerpt":{"rendered":"[fusion_youtube id=&quot;ffJ-G2WAY80&quot; alignment=&quot;&quot; width=&quot;&quot; height=&quot;&quot; autoplay=&quot;false&quot; api_params=&quot;&amp;rel=0&quot; hide_on_mobile=&quot;small-visibility,medium-visibility,large-visibility&quot; class= &quot;&quot; css_id=&quot;&quot;][\/fusion_youtube]\n<p>&nbsp;<\/p>\n<p>Modell: FEOM001<\/p>\n<p>Magass\u00e1g: 50cm<\/p>\n<p>Anyag: Polikr\u00f3mozott vas<\/p>\n<p>Gy\u00e1rt\u00e1s: K\u00e9zm\u0171ves term\u00e9k<\/p>\n<p>Le\u00edr\u00e1s: Ez a dekorat\u00edv balansz figura egy naperny\u0151vel ell\u00e1tott \u00farh\u00f6lgyet \u00e1br\u00e1zol.<\/p>\n<p>Ide\u00e1lis dekor\u00e1ci\u00f3 butikban.<\/p>","protected":false},"featured_media":13,"template":"","meta":[],"product_cat":[16],"product_tag":[58,41],"class_list":["post-11","product","type-product","status-publish","has-post-thumbnail","hentry","product_cat-balancefiguren","product_tag-alte-zeiten","product_tag-dame"],"_links":{"self":[{"href":"https:\/\/ls-decoration.com\/hu\/wp-json\/wp\/v2\/product\/11","targetHints":{"allow":["GET"]}}],"collection":[{"href":"https:\/\/ls-decoration.com\/hu\/wp-json\/wp\/v2\/product"}],"about":[{"href":"https:\/\/ls-decoration.com\/hu\/wp-json\/wp\/v2\/types\/product"}],"wp:featuredmedia":[{"embeddable":true,"href":"https:\/\/ls-decoration.com\/hu\/wp-json\/wp\/v2\/media\/13"}],"wp:attachment":[{"href":"https:\/\/ls-decoration.com\/hu\/wp-json\/wp\/v2\/media?parent=11"}],"wp:term":[{"taxonomy":"product_cat","embeddable":true,"href":"https:\/\/ls-decoration.com\/hu\/wp-json\/wp\/v2\/product_cat?post=11"},{"taxonomy":"product_tag","embeddable":true,"href":"https:\/\/ls-decoration.com\/hu\/wp-json\/wp\/v2\/product_tag?post=11"}],"curies":[{"name":"wp","href":"https:\/\/api.w.org\/{rel}","templated":true}]}}