{"id":113,"date":"2019-06-26T20:31:03","date_gmt":"2019-06-26T18:31:03","guid":{"rendered":"https:\/\/ls-decoration.com\/?post_type=product&#038;p=113"},"modified":"2023-03-04T06:27:19","modified_gmt":"2023-03-04T05:27:19","slug":"balance-figur-das-kochende-schwein","status":"publish","type":"product","link":"https:\/\/ls-decoration.com\/hu\/product\/balance-figur-das-kochende-schwein\/","title":{"rendered":"Balansz figura A sert\u00e9sb\u0151l lett szak\u00e1cs"},"content":{"rendered":"","protected":false},"excerpt":{"rendered":"[fusion_youtube id=&quot;o4cDkx7gVts&quot; alignment=&quot;&quot; width=&quot;&quot; height=&quot;&quot; autoplay=&quot;false&quot; api_params=&quot;&amp;rel=0&quot; hide_on_mobile=&quot;small-visibility,medium-visibility,large-visibility&quot; class=&quot;&quot; css_id=&quot;&quot;][\/fusion_youtube]\n<p>&nbsp;<\/p>\n<p>Modell: COBA002<\/p>\n<p>Magass\u00e1g: 55cm<\/p>\n<p>Anyag: Polikr\u00f3mozott vas<\/p>\n<p>Gy\u00e1rt\u00e1s: K\u00e9zm\u0171ves term\u00e9k<\/p>\n<p>Le\u00edr\u00e1s: Enn\u00e9l a dekorat\u00edv balansz figur\u00e1n\u00e1l egy diszn\u00f3 b\u00fajt a szak\u00e1cs b\u0151r\u00e9be. Ide\u00e1lis nosztalgi\u00e1z\u00f3knak - konyhai dekor\u00e1ci\u00f3nak.<\/p>","protected":false},"featured_media":50,"template":"","meta":[],"product_cat":[16],"product_tag":[52,51,50],"class_list":["post-113","product","type-product","status-publish","has-post-thumbnail","hentry","product_cat-balancefiguren","product_tag-berufe","product_tag-koch","product_tag-schwein"],"_links":{"self":[{"href":"https:\/\/ls-decoration.com\/hu\/wp-json\/wp\/v2\/product\/113","targetHints":{"allow":["GET"]}}],"collection":[{"href":"https:\/\/ls-decoration.com\/hu\/wp-json\/wp\/v2\/product"}],"about":[{"href":"https:\/\/ls-decoration.com\/hu\/wp-json\/wp\/v2\/types\/product"}],"wp:featuredmedia":[{"embeddable":true,"href":"https:\/\/ls-decoration.com\/hu\/wp-json\/wp\/v2\/media\/50"}],"wp:attachment":[{"href":"https:\/\/ls-decoration.com\/hu\/wp-json\/wp\/v2\/media?parent=113"}],"wp:term":[{"taxonomy":"product_cat","embeddable":true,"href":"https:\/\/ls-decoration.com\/hu\/wp-json\/wp\/v2\/product_cat?post=113"},{"taxonomy":"product_tag","embeddable":true,"href":"https:\/\/ls-decoration.com\/hu\/wp-json\/wp\/v2\/product_tag?post=113"}],"curies":[{"name":"wp","href":"https:\/\/api.w.org\/{rel}","templated":true}]}}