{"id":115,"date":"2019-06-26T20:33:35","date_gmt":"2019-06-26T18:33:35","guid":{"rendered":"https:\/\/ls-decoration.com\/?post_type=product&#038;p=115"},"modified":"2023-03-04T06:27:19","modified_gmt":"2023-03-04T05:27:19","slug":"balance-figur-matrose-mit-fahnen","status":"publish","type":"product","link":"https:\/\/ls-decoration.com\/hu\/product\/balance-figur-matrose-mit-fahnen\/","title":{"rendered":"Balansz figura Tenger\u00e9sz z\u00e1szl\u00f3kkal"},"content":{"rendered":"","protected":false},"excerpt":{"rendered":"[fusion_youtube id=&quot;jkNSxuVjR-Q&quot; alignment=&quot;&quot; width=&quot;&quot; height=&quot;&quot; autoplay=&quot;false&quot; api_params=&quot;&amp;rel=0&quot; hide_on_mobile=&quot;small-visibility,medium-visibility,large-visibility&quot; class= &quot;&quot; css_id=&quot;&quot;][\/fusion_youtube]\n<p>&nbsp;<\/p>\n<p>Modell: MARI001<\/p>\n<p>Magass\u00e1g: 50cm<\/p>\n<p>Anyag: Polikr\u00f3mozott vas<\/p>\n<p>Gy\u00e1rt\u00e1s: K\u00e9zm\u0171ves term\u00e9k<\/p>\n<p>Le\u00edr\u00e1s:  Ez a dekorat\u00edv balansz figura egy z\u00e1szl\u00f3kat tart\u00f3 matr\u00f3zt \u00e1br\u00e1zol. Dekorat\u00edv aj\u00e1nd\u00e9k minden cs\u00f3nakosnak, vitorl\u00e1z\u00f3nak.<\/p>","protected":false},"featured_media":78,"template":"","meta":[],"product_cat":[16],"product_tag":[52,54,53],"class_list":["post-115","product","type-product","status-publish","has-post-thumbnail","hentry","product_cat-balancefiguren","product_tag-berufe","product_tag-matrose","product_tag-seemann"],"_links":{"self":[{"href":"https:\/\/ls-decoration.com\/hu\/wp-json\/wp\/v2\/product\/115","targetHints":{"allow":["GET"]}}],"collection":[{"href":"https:\/\/ls-decoration.com\/hu\/wp-json\/wp\/v2\/product"}],"about":[{"href":"https:\/\/ls-decoration.com\/hu\/wp-json\/wp\/v2\/types\/product"}],"wp:featuredmedia":[{"embeddable":true,"href":"https:\/\/ls-decoration.com\/hu\/wp-json\/wp\/v2\/media\/78"}],"wp:attachment":[{"href":"https:\/\/ls-decoration.com\/hu\/wp-json\/wp\/v2\/media?parent=115"}],"wp:term":[{"taxonomy":"product_cat","embeddable":true,"href":"https:\/\/ls-decoration.com\/hu\/wp-json\/wp\/v2\/product_cat?post=115"},{"taxonomy":"product_tag","embeddable":true,"href":"https:\/\/ls-decoration.com\/hu\/wp-json\/wp\/v2\/product_tag?post=115"}],"curies":[{"name":"wp","href":"https:\/\/api.w.org\/{rel}","templated":true}]}}