{"id":116,"date":"2019-06-26T20:38:18","date_gmt":"2019-06-26T18:38:18","guid":{"rendered":"https:\/\/ls-decoration.com\/?post_type=product&#038;p=116"},"modified":"2023-03-04T06:27:19","modified_gmt":"2023-03-04T05:27:19","slug":"balance-figur-fussballer","status":"publish","type":"product","link":"https:\/\/ls-decoration.com\/hu\/product\/balance-figur-fussballer\/","title":{"rendered":"Balansz figura Futballista"},"content":{"rendered":"","protected":false},"excerpt":{"rendered":"[fusion_youtube id=&quot;g6TENtij88Q&quot; alignment=&quot;&quot; width=&quot;&quot; height=&quot;&quot; autoplay=&quot;false&quot; api_params=&quot;&amp;rel=0&quot; hide_on_mobile=&quot;small-visibility,medium-visibility,large-visibility&quot; class=&quot;&quot; css_id=&quot;&quot;][\/fusion_youtube]\n<p>&nbsp;<\/p>\n<p>Modell: FOBA001<\/p>\n<p>Magass\u00e1g: 47cm<\/p>\n<p>Anyag: Polikr\u00f3mozott vas<\/p>\n<p>Gy\u00e1rt\u00e1s: K\u00e9zm\u0171ves term\u00e9k<\/p>\n<p>Le\u00edr\u00e1s: Enn\u00e9l a dekorat\u00edv balansz figur\u00e1n\u00e1l k\u00e9t focista passzolgat egym\u00e1snak a focilabd\u00e1val. Dekorat\u00edv aj\u00e1nd\u00e9k focirajong\u00f3knak.<\/p>","protected":false},"featured_media":61,"template":"","meta":[],"product_cat":[16],"product_tag":[55,35],"class_list":["post-116","product","type-product","status-publish","has-post-thumbnail","hentry","product_cat-balancefiguren","product_tag-fussballer","product_tag-sport"],"_links":{"self":[{"href":"https:\/\/ls-decoration.com\/hu\/wp-json\/wp\/v2\/product\/116","targetHints":{"allow":["GET"]}}],"collection":[{"href":"https:\/\/ls-decoration.com\/hu\/wp-json\/wp\/v2\/product"}],"about":[{"href":"https:\/\/ls-decoration.com\/hu\/wp-json\/wp\/v2\/types\/product"}],"wp:featuredmedia":[{"embeddable":true,"href":"https:\/\/ls-decoration.com\/hu\/wp-json\/wp\/v2\/media\/61"}],"wp:attachment":[{"href":"https:\/\/ls-decoration.com\/hu\/wp-json\/wp\/v2\/media?parent=116"}],"wp:term":[{"taxonomy":"product_cat","embeddable":true,"href":"https:\/\/ls-decoration.com\/hu\/wp-json\/wp\/v2\/product_cat?post=116"},{"taxonomy":"product_tag","embeddable":true,"href":"https:\/\/ls-decoration.com\/hu\/wp-json\/wp\/v2\/product_tag?post=116"}],"curies":[{"name":"wp","href":"https:\/\/api.w.org\/{rel}","templated":true}]}}