{"id":119,"date":"2019-06-26T21:54:56","date_gmt":"2019-06-26T19:54:56","guid":{"rendered":"https:\/\/ls-decoration.com\/?post_type=product&#038;p=119"},"modified":"2023-03-04T06:27:18","modified_gmt":"2023-03-04T05:27:18","slug":"pendelfigur-taenzerin","status":"publish","type":"product","link":"https:\/\/ls-decoration.com\/hu\/product\/pendelfigur-taenzerin\/","title":{"rendered":"Egyens\u00falyoz\u00f3 figura A t\u00e1ncosn\u0151"},"content":{"rendered":"","protected":false},"excerpt":{"rendered":"[fusion_youtube id=&quot;ZdjQwXq54Bo&quot; alignment=&quot;&quot; width=&quot;&quot; height=&quot;&quot; autoplay=&quot;false&quot; api_params=&quot;&amp;rel=0&quot; hide_on_mobile=&quot;small-visibility,medium-visibility,large-visibility&quot; class=&quot;&quot; css_id=&quot;&quot;][\/fusion_youtube]\n<p>&nbsp;<\/p>\n<p>Modell: DACU001<\/p>\n<p>Magass\u00e1g: 56cm<\/p>\n<p>Anyag: Polikr\u00f3mozott vas<\/p>\n<p>Gy\u00e1rt\u00e1s: K\u00e9zm\u0171ves term\u00e9k<\/p>\n<p>Le\u00edr\u00e1s: T\u00e1ncosn\u0151 egyens\u00falyoz\u00f3 figura.<\/p>","protected":false},"featured_media":93,"template":"","meta":[],"product_cat":[16],"product_tag":[115],"class_list":["post-119","product","type-product","status-publish","has-post-thumbnail","hentry","product_cat-balancefiguren","product_tag-tanz"],"_links":{"self":[{"href":"https:\/\/ls-decoration.com\/hu\/wp-json\/wp\/v2\/product\/119","targetHints":{"allow":["GET"]}}],"collection":[{"href":"https:\/\/ls-decoration.com\/hu\/wp-json\/wp\/v2\/product"}],"about":[{"href":"https:\/\/ls-decoration.com\/hu\/wp-json\/wp\/v2\/types\/product"}],"wp:featuredmedia":[{"embeddable":true,"href":"https:\/\/ls-decoration.com\/hu\/wp-json\/wp\/v2\/media\/93"}],"wp:attachment":[{"href":"https:\/\/ls-decoration.com\/hu\/wp-json\/wp\/v2\/media?parent=119"}],"wp:term":[{"taxonomy":"product_cat","embeddable":true,"href":"https:\/\/ls-decoration.com\/hu\/wp-json\/wp\/v2\/product_cat?post=119"},{"taxonomy":"product_tag","embeddable":true,"href":"https:\/\/ls-decoration.com\/hu\/wp-json\/wp\/v2\/product_tag?post=119"}],"curies":[{"name":"wp","href":"https:\/\/api.w.org\/{rel}","templated":true}]}}