{"id":120,"date":"2019-06-26T22:01:44","date_gmt":"2019-06-26T20:01:44","guid":{"rendered":"https:\/\/ls-decoration.com\/?post_type=product&#038;p=120"},"modified":"2023-03-04T06:27:18","modified_gmt":"2023-03-04T05:27:18","slug":"balance-figur-der-hase-auf-dem-huhn","status":"publish","type":"product","link":"https:\/\/ls-decoration.com\/hu\/product\/balance-figur-der-hase-auf-dem-huhn\/","title":{"rendered":"Egyens\u00falyi \u00e1bra H\u00fasv\u00e9ti nyuszi a csirk\u00e9n"},"content":{"rendered":"","protected":false},"excerpt":{"rendered":"[fusion_youtube id=&quot;Zbc2Eeo1j-k&quot; alignment=&quot;&quot; width=&quot;&quot; height=&quot;&quot; autoplay=&quot;false&quot; api_params=&quot;&amp;rel=0&quot; hide_on_mobile=&quot;small-visibility,medium-visibility,large-visibility&quot; class= &quot;&quot; css_id=&quot;&quot;][\/fusion_youtube]\n<p>&nbsp;<\/p>\n<p>Modell: COBA007<\/p>\n<p>Magass\u00e1g: 50cm<\/p>\n<p>Anyag: Polikr\u00f3mozott vas<\/p>\n<p>Gy\u00e1rt\u00e1s: K\u00e9zm\u0171ves term\u00e9k<\/p>\n<p>Le\u00edr\u00e1s: Ez a dekorat\u00edv balansz figura a mesevil\u00e1gb\u00f3l sz\u00e1rmazik - egy h\u00fasv\u00e9ti nyuszi ty\u00fakon lovagol.<\/p>\n<p>Dekorat\u00edv aj\u00e1nd\u00e9k a h\u00fasv\u00e9tra.<\/p>","protected":false},"featured_media":55,"template":"","meta":[],"product_cat":[16],"product_tag":[43,60],"class_list":["post-120","product","type-product","status-publish","has-post-thumbnail","hentry","product_cat-balancefiguren","product_tag-feste","product_tag-osterhase"],"_links":{"self":[{"href":"https:\/\/ls-decoration.com\/hu\/wp-json\/wp\/v2\/product\/120","targetHints":{"allow":["GET"]}}],"collection":[{"href":"https:\/\/ls-decoration.com\/hu\/wp-json\/wp\/v2\/product"}],"about":[{"href":"https:\/\/ls-decoration.com\/hu\/wp-json\/wp\/v2\/types\/product"}],"wp:featuredmedia":[{"embeddable":true,"href":"https:\/\/ls-decoration.com\/hu\/wp-json\/wp\/v2\/media\/55"}],"wp:attachment":[{"href":"https:\/\/ls-decoration.com\/hu\/wp-json\/wp\/v2\/media?parent=120"}],"wp:term":[{"taxonomy":"product_cat","embeddable":true,"href":"https:\/\/ls-decoration.com\/hu\/wp-json\/wp\/v2\/product_cat?post=120"},{"taxonomy":"product_tag","embeddable":true,"href":"https:\/\/ls-decoration.com\/hu\/wp-json\/wp\/v2\/product_tag?post=120"}],"curies":[{"name":"wp","href":"https:\/\/api.w.org\/{rel}","templated":true}]}}