{"id":125,"date":"2019-06-26T23:08:54","date_gmt":"2019-06-26T21:08:54","guid":{"rendered":"https:\/\/ls-decoration.com\/?post_type=product&#038;p=125"},"modified":"2023-03-04T06:26:47","modified_gmt":"2023-03-04T05:26:47","slug":"pendelfigur-saeger-im-frack","status":"publish","type":"product","link":"https:\/\/ls-decoration.com\/hu\/product\/pendelfigur-saeger-im-frack\/","title":{"rendered":"Egyens\u00falyoz\u00f3 figura Fav\u00e1g\u00f3 frakkban, f\u0171r\u00e9sszel"},"content":{"rendered":"","protected":false},"excerpt":{"rendered":"[fusion_youtube id=&quot;UGjlTK2b7ks&quot; alignment=&quot;&quot; width=&quot;&quot; height=&quot;&quot; autoplay=&quot;false&quot; api_params=&quot;&amp;rel=0&quot; hide_on_mobile=&quot;small-visibility,medium-visibility,large-visibility&quot; class=&quot;&quot; css_id=&quot;&quot;][\/fusion_youtube]\n<p>&nbsp;<\/p>\n<p>Modell: SCBA001<\/p>\n<p>Magass\u00e1g: 55cm<\/p>\n<p>Anyag: Polikr\u00f3mozott vas<\/p>\n<p>Gy\u00e1rt\u00e1s: K\u00e9zm\u0171ves term\u00e9k<\/p>\n<p>Le\u00edr\u00e1s: Ez a dekorat\u00edv egyens\u00falyoz\u00f3 figura egy fav\u00e1g\u00f3t \u00e1br\u00e1zol frakkban, f\u0171r\u00e9szel\u00e9s k\u00f6zben.<\/p>","protected":false},"featured_media":88,"template":"","meta":[],"product_cat":[16],"product_tag":[52,67],"class_list":["post-125","product","type-product","status-publish","has-post-thumbnail","hentry","product_cat-balancefiguren","product_tag-berufe","product_tag-holzfaeller"],"_links":{"self":[{"href":"https:\/\/ls-decoration.com\/hu\/wp-json\/wp\/v2\/product\/125","targetHints":{"allow":["GET"]}}],"collection":[{"href":"https:\/\/ls-decoration.com\/hu\/wp-json\/wp\/v2\/product"}],"about":[{"href":"https:\/\/ls-decoration.com\/hu\/wp-json\/wp\/v2\/types\/product"}],"wp:featuredmedia":[{"embeddable":true,"href":"https:\/\/ls-decoration.com\/hu\/wp-json\/wp\/v2\/media\/88"}],"wp:attachment":[{"href":"https:\/\/ls-decoration.com\/hu\/wp-json\/wp\/v2\/media?parent=125"}],"wp:term":[{"taxonomy":"product_cat","embeddable":true,"href":"https:\/\/ls-decoration.com\/hu\/wp-json\/wp\/v2\/product_cat?post=125"},{"taxonomy":"product_tag","embeddable":true,"href":"https:\/\/ls-decoration.com\/hu\/wp-json\/wp\/v2\/product_tag?post=125"}],"curies":[{"name":"wp","href":"https:\/\/api.w.org\/{rel}","templated":true}]}}