{"id":126,"date":"2019-06-26T23:11:05","date_gmt":"2019-06-26T21:11:05","guid":{"rendered":"https:\/\/ls-decoration.com\/?post_type=product&#038;p=126"},"modified":"2023-03-04T06:26:47","modified_gmt":"2023-03-04T05:26:47","slug":"balance-figur-hase-mit-gewehr","status":"publish","type":"product","link":"https:\/\/ls-decoration.com\/hu\/product\/balance-figur-hase-mit-gewehr\/","title":{"rendered":"Balance figura Ny\u00fal pusk\u00e1val"},"content":{"rendered":"","protected":false},"excerpt":{"rendered":"[fusion_youtube id=&quot;U8BLxvLWG-M&quot; alignment=&quot;&quot; width=&quot;&quot; height=&quot;&quot; autoplay=&quot;false&quot; api_params=&quot;&amp;rel=0&quot; hide_on_mobile=&quot;small-visibility,medium-visibility,large-visibility&quot; class= &quot;&quot; css_id=&quot;&quot;][\/fusion_youtube]\n<p>&nbsp;<\/p>\n<p>Modell: LABA002<\/p>\n<p>Magass\u00e1g: 50cm<\/p>\n<p>Anyag: Polikr\u00f3mozott vas<\/p>\n<p>Gy\u00e1rt\u00e1s: K\u00e9zm\u0171ves term\u00e9k<\/p>\n<p>Le\u00edr\u00e1s: Ez a dekorat\u00edv egyens\u00falyi \u00e1bra egy fant\u00e1ziavil\u00e1got \u00e1br\u00e1zol - vad\u00e1sz\u00f3 nyulat pusk\u00e1val. Dekorat\u00edv aj\u00e1nd\u00e9k minden vad\u00e1sz sz\u00e1m\u00e1ra.<\/p>","protected":false},"featured_media":62,"template":"","meta":[],"product_cat":[16],"product_tag":[52,69,68,35],"class_list":["post-126","product","type-product","status-publish","has-post-thumbnail","hentry","product_cat-balancefiguren","product_tag-berufe","product_tag-hase","product_tag-jaeger","product_tag-sport"],"_links":{"self":[{"href":"https:\/\/ls-decoration.com\/hu\/wp-json\/wp\/v2\/product\/126","targetHints":{"allow":["GET"]}}],"collection":[{"href":"https:\/\/ls-decoration.com\/hu\/wp-json\/wp\/v2\/product"}],"about":[{"href":"https:\/\/ls-decoration.com\/hu\/wp-json\/wp\/v2\/types\/product"}],"wp:featuredmedia":[{"embeddable":true,"href":"https:\/\/ls-decoration.com\/hu\/wp-json\/wp\/v2\/media\/62"}],"wp:attachment":[{"href":"https:\/\/ls-decoration.com\/hu\/wp-json\/wp\/v2\/media?parent=126"}],"wp:term":[{"taxonomy":"product_cat","embeddable":true,"href":"https:\/\/ls-decoration.com\/hu\/wp-json\/wp\/v2\/product_cat?post=126"},{"taxonomy":"product_tag","embeddable":true,"href":"https:\/\/ls-decoration.com\/hu\/wp-json\/wp\/v2\/product_tag?post=126"}],"curies":[{"name":"wp","href":"https:\/\/api.w.org\/{rel}","templated":true}]}}