{"id":128,"date":"2019-06-26T23:15:55","date_gmt":"2019-06-26T21:15:55","guid":{"rendered":"https:\/\/ls-decoration.com\/?post_type=product&#038;p=128"},"modified":"2023-03-04T06:26:46","modified_gmt":"2023-03-04T05:26:46","slug":"balance-figur-fisch-mit-angelrute","status":"publish","type":"product","link":"https:\/\/ls-decoration.com\/hu\/product\/balance-figur-fisch-mit-angelrute\/","title":{"rendered":"Balansz figura Hal horg\u00e1szbottal"},"content":{"rendered":"","protected":false},"excerpt":{"rendered":"[fusion_youtube id=&quot;QaBmN4zqf-U&quot; alignment=&quot;&quot; width=&quot;&quot; height=&quot;&quot; autoplay=&quot;false&quot; api_params=&quot;&amp;rel=0&quot; hide_on_mobile=&quot;small-visibility,medium-visibility,large-visibility&quot; class= &quot;&quot; css_id=&quot;&quot;][\/fusion_youtube]\n<p>&nbsp;<\/p>\n<p>Modell: POBA002<\/p>\n<p>Magass\u00e1g: 50cm<\/p>\n<p>Anyag: Polikr\u00f3mozott vas<\/p>\n<p>Gy\u00e1rt\u00e1s: K\u00e9zm\u0171ves term\u00e9k<\/p>\n<p>Le\u00edr\u00e1s: Ez a dekorat\u00edv balansz figura egy fant\u00e1ziavil\u00e1got \u00e1br\u00e1zol - horg\u00e1sz\u00f3 halat. Dekorat\u00edv aj\u00e1nd\u00e9k minden horg\u00e1sznak.<\/p>","protected":false},"featured_media":59,"template":"","meta":[],"product_cat":[16],"product_tag":[72,66,35],"class_list":["post-128","product","type-product","status-publish","has-post-thumbnail","hentry","product_cat-balancefiguren","product_tag-angler","product_tag-fisch","product_tag-sport"],"_links":{"self":[{"href":"https:\/\/ls-decoration.com\/hu\/wp-json\/wp\/v2\/product\/128","targetHints":{"allow":["GET"]}}],"collection":[{"href":"https:\/\/ls-decoration.com\/hu\/wp-json\/wp\/v2\/product"}],"about":[{"href":"https:\/\/ls-decoration.com\/hu\/wp-json\/wp\/v2\/types\/product"}],"wp:featuredmedia":[{"embeddable":true,"href":"https:\/\/ls-decoration.com\/hu\/wp-json\/wp\/v2\/media\/59"}],"wp:attachment":[{"href":"https:\/\/ls-decoration.com\/hu\/wp-json\/wp\/v2\/media?parent=128"}],"wp:term":[{"taxonomy":"product_cat","embeddable":true,"href":"https:\/\/ls-decoration.com\/hu\/wp-json\/wp\/v2\/product_cat?post=128"},{"taxonomy":"product_tag","embeddable":true,"href":"https:\/\/ls-decoration.com\/hu\/wp-json\/wp\/v2\/product_tag?post=128"}],"curies":[{"name":"wp","href":"https:\/\/api.w.org\/{rel}","templated":true}]}}