{"id":132,"date":"2019-06-26T23:26:59","date_gmt":"2019-06-26T21:26:59","guid":{"rendered":"https:\/\/ls-decoration.com\/?post_type=product&#038;p=132"},"modified":"2023-03-04T06:26:45","modified_gmt":"2023-03-04T05:26:45","slug":"balance-figur-kobold-auf-gans","status":"publish","type":"product","link":"https:\/\/ls-decoration.com\/hu\/product\/balance-figur-kobold-auf-gans\/","title":{"rendered":"Balansz figura Man\u00f3 l\u00fadon"},"content":{"rendered":"","protected":false},"excerpt":{"rendered":"[fusion_youtube id=&quot;MNZI_7bJ_tM&quot; alignment=&quot;&quot; width=&quot;&quot; height=&quot;&quot; autoplay=&quot;false&quot; api_params=&quot;&amp;rel=0&quot; hide_on_mobile=&quot;small-visibility,medium-visibility,large-visibility&quot; class=&quot;&quot; css_id=&quot;&quot;][\/fusion_youtube]\n<p>&nbsp;<\/p>\n<p>Modell: POBA003<\/p>\n<p>Magass\u00e1g: 52cm<\/p>\n<p>Anyag: Polikr\u00f3mozott vas<\/p>\n<p>Gy\u00e1rt\u00e1s: K\u00e9zm\u0171ves term\u00e9k<\/p>\n<p>Le\u00edr\u00e1s: Ez a dekorat\u00edv balansz figura a fant\u00e1ziavil\u00e1got id\u00e9zi - egy kobold lovagol egy lib\u00e1n. Sz\u00e9p aj\u00e1nd\u00e9k minden alkalomra.<\/p>","protected":false},"featured_media":69,"template":"","meta":[],"product_cat":[16],"product_tag":[78,77,79],"class_list":["post-132","product","type-product","status-publish","has-post-thumbnail","hentry","product_cat-balancefiguren","product_tag-gans","product_tag-kobold","product_tag-maerchenwelt"],"_links":{"self":[{"href":"https:\/\/ls-decoration.com\/hu\/wp-json\/wp\/v2\/product\/132","targetHints":{"allow":["GET"]}}],"collection":[{"href":"https:\/\/ls-decoration.com\/hu\/wp-json\/wp\/v2\/product"}],"about":[{"href":"https:\/\/ls-decoration.com\/hu\/wp-json\/wp\/v2\/types\/product"}],"wp:featuredmedia":[{"embeddable":true,"href":"https:\/\/ls-decoration.com\/hu\/wp-json\/wp\/v2\/media\/69"}],"wp:attachment":[{"href":"https:\/\/ls-decoration.com\/hu\/wp-json\/wp\/v2\/media?parent=132"}],"wp:term":[{"taxonomy":"product_cat","embeddable":true,"href":"https:\/\/ls-decoration.com\/hu\/wp-json\/wp\/v2\/product_cat?post=132"},{"taxonomy":"product_tag","embeddable":true,"href":"https:\/\/ls-decoration.com\/hu\/wp-json\/wp\/v2\/product_tag?post=132"}],"curies":[{"name":"wp","href":"https:\/\/api.w.org\/{rel}","templated":true}]}}